{"id":19920,"date":"2018-07-02T08:42:32","date_gmt":"2018-07-02T08:42:32","guid":{"rendered":"https:\/\/lightup.lv\/mans-konts-2\/"},"modified":"2024-11-03T17:36:06","modified_gmt":"2024-11-03T15:36:06","slug":"mans-konts","status":"publish","type":"page","link":"https:\/\/lightup.lv\/en\/mans-konts\/","title":{"rendered":"My account"},"content":{"rendered":"<div data-elementor-type=\"wp-page\" data-elementor-id=\"19920\" class=\"elementor elementor-19920\" data-elementor-post-type=\"page\">\n\t\t\t\t<div class=\"elementor-element elementor-element-25c49bf e-flex e-con-boxed e-con e-parent\" data-id=\"25c49bf\" data-element_type=\"container\">\n\t\t\t\t\t<div class=\"e-con-inner\">\n\t\t\t\t<div class=\"elementor-element elementor-element-e5481ad elementor-widget elementor-widget-heading\" data-id=\"e5481ad\" data-element_type=\"widget\" data-widget_type=\"heading.default\">\n\t\t\t\t<div class=\"elementor-widget-container\">\n\t\t\t\t\t<h1 class=\"elementor-heading-title elementor-size-default\">My account<\/h1>\t\t\t\t<\/div>\n\t\t\t\t<\/div>\n\t\t\t\t<div class=\"elementor-element elementor-element-0972914 e-my-account-tabs-vertical elementor-widget elementor-widget-woocommerce-my-account\" data-id=\"0972914\" data-element_type=\"widget\" data-widget_type=\"woocommerce-my-account.default\">\n\t\t\t\t<div class=\"elementor-widget-container\">\n\t\t\t\t\t<div class=\"e-my-account-tab e-my-account-tab__\">\t\t\t<div class=\"woocommerce\"><\/div>\t\t<\/div>\n\t\t\t\t\t\t<\/div>\n\t\t\t\t<\/div>\n\t\t\t\t\t<\/div>\n\t\t\t\t<\/div>\n\t\t\t\t<\/div>","protected":false},"excerpt":{"rendered":"<p>Mans konts Panelis Pas\u016bt\u012bjumi Lejupiel\u0101des Adreses Konta deta\u013cas Iziet Sveiki arturs (neesat arturs? Iziet) No sava konta pane\u013ca j\u016bs varat apskat\u012bt savus p\u0113d\u0113jos pas\u016bt\u012bjumus, p\u0101rvald\u012bt savas nos\u016bt\u012b\u0161anas un nor\u0113\u0137inu adreses un redi\u0123\u0113t savu paroli un konta inform\u0101ciju.<\/p>","protected":false},"author":1,"featured_media":0,"parent":0,"menu_order":0,"comment_status":"closed","ping_status":"closed","template":"","meta":{"_acf_changed":false},"class_list":["post-19920","page","type-page","status-publish","hentry"],"acf":[],"_links":{"self":[{"href":"https:\/\/lightup.lv\/en\/wp-json\/wp\/v2\/pages\/19920","targetHints":{"allow":["GET"]}}],"collection":[{"href":"https:\/\/lightup.lv\/en\/wp-json\/wp\/v2\/pages"}],"about":[{"href":"https:\/\/lightup.lv\/en\/wp-json\/wp\/v2\/types\/page"}],"author":[{"embeddable":true,"href":"https:\/\/lightup.lv\/en\/wp-json\/wp\/v2\/users\/1"}],"replies":[{"embeddable":true,"href":"https:\/\/lightup.lv\/en\/wp-json\/wp\/v2\/comments?post=19920"}],"version-history":[{"count":0,"href":"https:\/\/lightup.lv\/en\/wp-json\/wp\/v2\/pages\/19920\/revisions"}],"wp:attachment":[{"href":"https:\/\/lightup.lv\/en\/wp-json\/wp\/v2\/media?parent=19920"}],"curies":[{"name":"wp","href":"https:\/\/api.w.org\/{rel}","templated":true}]}}