{"id":20785,"date":"2018-08-29T08:37:36","date_gmt":"2018-08-29T08:37:36","guid":{"rendered":"https:\/\/lightup.lv\/privatuma-politika\/"},"modified":"2024-03-22T22:38:43","modified_gmt":"2024-03-22T20:38:43","slug":"privatuma-politika","status":"publish","type":"page","link":"https:\/\/lightup.lv\/en\/privatuma-politika\/","title":{"rendered":"Privacy policy"},"content":{"rendered":"<div data-elementor-type=\"wp-page\" data-elementor-id=\"20785\" class=\"elementor elementor-20785\" data-elementor-post-type=\"page\">\n\t\t\t\t<div class=\"elementor-element elementor-element-28e9d597 e-flex e-con-boxed e-con e-parent\" data-id=\"28e9d597\" data-element_type=\"container\">\n\t\t\t\t\t<div class=\"e-con-inner\">\n\t\t\t\t<div class=\"elementor-element elementor-element-f8eadff elementor-widget elementor-widget-heading\" data-id=\"f8eadff\" data-element_type=\"widget\" data-widget_type=\"heading.default\">\n\t\t\t\t<div class=\"elementor-widget-container\">\n\t\t\t\t\t<h1 class=\"elementor-heading-title elementor-size-default\">Privacy policy<\/h1>\t\t\t\t<\/div>\n\t\t\t\t<\/div>\n\t\t\t\t<div class=\"elementor-element elementor-element-11f169c7 elementor-widget elementor-widget-text-editor\" data-id=\"11f169c7\" data-element_type=\"widget\" data-widget_type=\"text-editor.default\">\n\t\t\t\t<div class=\"elementor-widget-container\">\n\t\t\t\t\t\t\t\t\t<p>\u00a0<\/p><p>Sabiedr\u012bba ar ierobe\u017eotu atbild\u012bbu &#8220;LightUp&#8221;, re\u0123istr\u0101cijas numurs: 40103965234, juridisk\u0101 adrese: Salaspils, L\u012bvzemes iela 23 K-2,<br \/>LV-2169 (turpm\u0101k \u2013 LightUp) ir uz\u0146\u0113musies pien\u0101kumu aizsarg\u0101t klientu priv\u0101tumu.<br \/>Saska\u0146\u0101 ar to esam sagatavoju\u0161i Priv\u0101tuma politikas principus, kas attiecas uz klientu personas datu ieg\u016b\u0161anu, izmanto\u0161anu, public\u0113\u0161anu, nodo\u0161anu un uzglab\u0101\u0161anu.<br \/>M\u016bsu darb\u012bba t\u012bmekl\u012b notiek saska\u0146\u0101 ar Latvijas Republikas likumiem, k\u0101 ar\u012b attiec\u012bgiem Eiropas Savien\u012bbas ties\u012bbu aktiem. L\u016bdzu, veltiet da\u017eas min\u016btes tam, lai iepaz\u012btos ar m\u016bsu Priv\u0101tuma politikas principiem.<\/p><p><strong>Personas datu apstr\u0101des tiesiskais pamats<br \/><\/strong><br \/>1. SIA LightUp apstr\u0101d\u0101 Klienta personas datus, balstoties uz \u0161\u0101diem tiesiskajiem pamatiem:<br \/>\u2022 l\u012bguma nosl\u0113g\u0161anai un izpildei &#8211; lai nosl\u0113gtu l\u012bgumu p\u0113c Klienta pieteikuma un nodro\u0161in\u0101tu t\u0101 izpildi;<br \/>\u2022 normat\u012bvo aktu izpildei &#8211; lai izpild\u012btu saisto\u0161os \u0101r\u0113jos normat\u012bvajos aktos noteiktu pien\u0101kumu;<br \/>\u2022 saska\u0146\u0101 ar Klienta &#8211; datu subjekta piekri\u0161anu;<br \/>\u2022 likum\u012bg\u0101s interes\u0113s &#8211; lai realiz\u0113tu no SIA LightUp un Klienta starp\u0101 past\u0101vo\u0161aj\u0101m saist\u012bb\u0101m vai nosl\u0113gt\u0101 l\u012bguma, vai likuma izrieto\u0161as SIA LightUp likum\u012bg\u0101s intereses.<\/p><p>2. SIA LightUp likum\u012bg\u0101s intereses ir:<br \/>\u2022 veikt komercdarb\u012bbu;<br \/>\u2022 p\u0101rbaud\u012bt Klienta identit\u0101ti pirms l\u012bguma nosl\u0113g\u0161anas;<br \/>\u2022 nodro\u0161in\u0101t l\u012bguma saist\u012bbu izpildi;<br \/>\u2022 saglab\u0101t Klientu pre\u010du un pakalpojumu pas\u016bt\u012bjumus, k\u0101 ar\u012b piez\u012bmes par tiem (piem\u0113ram mutiskas vai rakstiskas);<br \/>\u2022 analiz\u0113t SIA LightUp m\u0101jaslapas darb\u012bbu;<br \/>\u2022 administr\u0113t SIA LightUp Klienta kontu;<br \/>\u2022 reklam\u0113t savas preces un pakalpojumus, nos\u016btot komerci\u0101lus pazi\u0146ojumus;<br \/>\u2022 nos\u016bt\u012bt zi\u0146ojumus par pieteikuma un pirkuma l\u012bgumu izpildes gaitu;<br \/>\u2022 nov\u0113rst kr\u0101pniec\u012bbu;<br \/>\u2022 administr\u0113t pirkumus, maks\u0101jumus un pas\u016bt\u012bjumus;<br \/>\u2022 inform\u0113t sabiedr\u012bbu par savu darb\u012bbu.<\/p><p><strong>Personas datu apstr\u0101des nol\u016bki<br \/><\/strong><br \/>3. SIA LightUp apstr\u0101d\u0101 personas datus \u0161\u0101diem nol\u016bkiem:<br \/>&#8211; klienta identific\u0113\u0161anai;<br \/>&#8211; l\u012bguma sagatavo\u0161anai un nosl\u0113g\u0161anai;<br \/>&#8211; pre\u010du pieg\u0101dei un pakalpojumu ier\u012bko\u0161anai un snieg\u0161anai (l\u012bguma saist\u012bbu izpildei);<br \/>&#8211; pre\u010du reklam\u0113\u0161anai un izplat\u012b\u0161anai jeb komerci\u0101liem nol\u016bkiem;<br \/>&#8211; klientu apkalpo\u0161anai;<br \/>&#8211; iebildumu izskat\u012b\u0161anai un apstr\u0101dei;<br \/>&#8211; nor\u0113\u0137inu administr\u0113\u0161anai;<br \/>&#8211; m\u0101jas lapas darb\u012bbas uzlabo\u0161anai.<\/p><p><strong>Personas datu apstr\u0101de<br \/><\/strong><br \/>4. SIA LightUp apstr\u0101d\u0101 Klienta datus, izmantojot m\u016bsdienu tehnolo\u0123iju iesp\u0113jas, \u0146emot v\u0113r\u0101 past\u0101vo\u0161os priv\u0101tuma riskus un pieejamos organizatoriskos, finansi\u0101los un tehniskos resursus.<\/p><p>5. Ar Klientu nosl\u0113gt\u0101 l\u012bguma saist\u012bbu izpildes kvalitat\u012bvai un operat\u012bvai nodro\u0161in\u0101\u0161anai SIA LightUp var pilnvarot savus sadarb\u012bbas partnerus veikt atsevi\u0161\u0137as pre\u010du pieg\u0101des vai pakalpojumu snieg\u0161anas darb\u012bbas, piem\u0113ram, pre\u010du pieg\u0101de, l\u012bzinga pakalpojumi, komerci\u0101lu zi\u0146ojumu izs\u016bt\u012b\u0161ana un taml\u012bdz\u012bgi. Izpildot \u0161os uzdevumus, SIA LightUp sadarb\u012bbas partneri apstr\u0101d\u0101 Klienta personas datus un ir uzskat\u0101mi par SIA LightUp datu apstr\u0101des operatoriem (apstr\u0101d\u0101t\u0101jiem) un SIA LightUp ir ties\u012bbas nodot sadarb\u012bbas partneriem \u0161o darb\u012bbu veik\u0161anai vajadz\u012bgos Klienta personas datus t\u0101d\u0101 apm\u0113r\u0101, k\u0101 tas nepiecie\u0161ams \u0161o darb\u012bbu veik\u0161anai.<\/p><p>6. SIA LightUp sadarb\u012bbas partneri (personas datu apstr\u0101d\u0101t\u0101ja status\u0101) nodro\u0161in\u0101s personas datu apstr\u0101des un aizsardz\u012bbas pras\u012bbu izpildi saska\u0146\u0101 ar nosl\u0113gto Datu apstr\u0101des l\u012bgumu un ties\u012bbu aktiem, un neizmantos personas datus citos nol\u016bkos, k\u0101 tikai ar Klientu nosl\u0113gt\u0101 l\u012bguma saist\u012bbu izpildei SIA LightUp uzdevum\u0101.<\/p><p>7. SIA LightUp neizpau\u017e tre\u0161aj\u0101m person\u0101m Klienta personas datus iz\u0146emot \u0161\u0101dus gad\u012bjumus:<br \/>\u2022 ja attiec\u012bgajai tre\u0161ajai personai dati j\u0101nodod nosl\u0113gt\u0101 l\u012bguma ietvaros (piem\u0113ram pre\u010du pieg\u0101de);<br \/>\u2022 ja Klients ir devis skaidru un nep\u0101rprotamu piekri\u0161anu;<br \/>\u2022 \u0101r\u0113jos normat\u012bvajos aktos paredz\u0113taj\u0101m person\u0101m p\u0113c vi\u0146u pamatota piepras\u012bjuma, \u0101r\u0113jos normat\u012bvajos aktos noteiktaj\u0101 k\u0101rt\u012bb\u0101 un apjom\u0101;<br \/>\u2022 \u0101r\u0113jos normat\u012bvajos aktos noteiktos gad\u012bjumos LightUp likum\u012bgo intere\u0161u aizsardz\u012bbai.<\/p><p><strong>Personas datu glab\u0101\u0161anas notiek tik ilgi:<br \/><\/strong><br \/>\u2022 kam\u0113r ir sp\u0113k\u0101 ar Klientu nosl\u0113gtais l\u012bgums;<br \/>\u2022 kam\u0113r \u0101r\u0113jos normat\u012bvajos aktos noteiktaj\u0101 k\u0101rt\u012bb\u0101 SIA LightUp vai Klients var realiz\u0113t savas le\u0123it\u012bm\u0101s intereses;<br \/>\u2022 kam\u0113r past\u0101v juridisks pien\u0101kums datus glab\u0101t;<br \/>\u2022 kam\u0113r ir sp\u0113k\u0101 Klienta piekri\u0161ana attiec\u012bgai personas datu apstr\u0101dei, ja nepast\u0101v cits datu apstr\u0101des likum\u012bgs pamats.<\/p><p><strong>Piek\u013cuve personas datiem un citas Klienta ties\u012bbas<br \/><\/strong><br \/>8. Klientam ir ties\u012bbas sa\u0146emt normat\u012bvajos aktos noteikto inform\u0101ciju saist\u012bb\u0101 ar vi\u0146a datu apstr\u0101di, v\u0113r\u0161oties pie LightUp ar t\u0101du l\u016bgumu, izmantojot sazi\u0146as e-pastu <a href=\"mailto:info@lightup.lv\">info@lightup.lv<\/a> vai telefoniski.<\/p><p>9. Klients ir ties\u012bgs piepras\u012bt izbeigt vi\u0146a personas datu apstr\u0101di, piepras\u012bt inform\u0101ciju par m\u0113r\u0137iem k\u0101diem tiek izmantoti vi\u0146a personas dati, k\u0101 ar\u012b piepras\u012bt vi\u0146a personas datu p\u0101rs\u016bt\u012b\u0161anu pla\u0161i izmantotaj\u0101 form\u0101t\u0101 vi\u0146am pa\u0161am vai tre\u0161aj\u0101m person\u0101m. Lai izvair\u012btos no klienta datu un ties\u012bbu \u013caunpr\u0101t\u012bgas izmanto\u0161anas, pieteikumu var iesniegt tikai t\u0101d\u0101 form\u0101, kas \u013cauj identific\u0113t personas, kas iesniedz pieteikumu, identit\u0101ti (pieteikums j\u0101paraksta digit\u0101l\u0101 veid\u0101 vai j\u0101iesniedz person\u012bgi LightUp). Mums ir ties\u012bbas sniegt atbildi uz \u0161\u0101diem pieteikumiem 30 dienu laik\u0101.<br \/>Pras\u012bba izbeigt datu apstr\u0101di tiek uzskat\u0101ma par past\u0101v\u012bg\u0101 klienta l\u012bguma izbeig\u0161anas pieteikumu.<br \/><strong><br \/>Klienta piekri\u0161ana datu apstr\u0101dei un ties\u012bbas to atsaukt<br \/><\/strong><br \/>Klients piekri\u0161anu personas datu apstr\u0101dei, kuras tiesiskais pamats ir piekri\u0161ana (piem\u0113ram, komerci\u0101lu pazi\u0146ojumu sa\u0146em\u0161ana u.c.), var dot lightup.lv m\u0101jas lap\u0101, piesakoties pakalpojumam, kur ir min\u0113ts, ka klients turpm\u0101k sa\u0146ems ar\u012b komerci\u0101lus u.c. pazi\u0146ojumus, zvanot uz 26081388 vai kl\u0101tien\u0113 SIA LightUp ofis\u0101.<\/p><ol start=\"10\"><li>Klientam ir ties\u012bbas jebkur\u0101 br\u012bd\u012b atsaukt datu apstr\u0101dei doto piekri\u0161anu t\u0101d\u0101 pat veid\u0101, k\u0101d\u0101 t\u0101 dota.<\/li><li>Piekri\u0161anas atsaukums neietekm\u0113 datu apstr\u0101des, kuras veiktas taj\u0101 laik\u0101, kad Klienta piekri\u0161ana bija sp\u0113k\u010112. Atsaucot piekri\u0161anu, nevar tikt p\u0101rtraukta datu apstr\u0101de, kuru veic, pamatojoties uz citiem tiesiskajiem pamatiem.<\/li><li>\u00a0<\/li><li><strong style=\"background-color: transparent; text-align: var(--text-align); color: var( --e-global-color-text );\">Sazi\u0146a ar Klientu un komerci\u0101li pazi\u0146ojumi<\/strong><\/li><li><p>13. SIA LightUp veic sazi\u0146u ar Klientu, izmantojot Klienta nor\u0101d\u012bto kontaktinform\u0101ciju (telefona numuru, e-pasta adresi).<\/p><p>14. Sazi\u0146u par pakalpojumu l\u012bgumsaist\u012bbu izpildi SIA LightUp veic uz nosl\u0113gt\u0101 l\u012bguma pamata (piem\u0113ram, pre\u010du pieg\u0101des laiku saska\u0146o\u0161ana, inform\u0101cija par pirkumiem un r\u0113\u0137iniem, par l\u012bzinga pieteikuma statusu u.c.).<\/p><p>15. Sazi\u0146u par komerci\u0101liem pazi\u0146ojumiem par LightUp veic saska\u0146\u0101 ar normat\u012bvajiem aktiem vai saska\u0146\u0101 ar Klienta piekri\u0161anu.<\/p><p>16. Klients piekri\u0161anu personas datu apstr\u0101dei, kuras tiesiskais pamats ir piekri\u0161ana (piem\u0113ram, komerci\u0101lu pazi\u0146ojumu sa\u0146em\u0161ana u.c.), var dot lightup.lv m\u0101jas lap\u0101, piesakoties pakalpojumam, kur ir min\u0113ts, ka klients turpm\u0101k sa\u0146ems ar\u012b komerci\u0101lus u.c. pazi\u0146ojumus, zvanot uz 26081388 vai kl\u0101tien\u0113 SIA LightUp ofis\u0101.<\/p><p>17. Klienta dot\u0101 piekri\u0161ana komerci\u0101lu pazi\u0146ojumu sa\u0146em\u0161anai ir sp\u0113k\u0101 l\u012bdz t\u0101s atsaukumam (ar\u012b p\u0113c pakalpojumu l\u012bguma izbeig\u0161an\u0101s). Klients jebkur\u0101 laik\u0101 var atteikties no turpm\u0101kas komerci\u0101lo pazi\u0146ojumu sa\u0146em\u0161anas.<\/p><p>18. SIA LightUp p\u0101rtrauc komerci\u0101lo pazi\u0146ojumu s\u016bt\u012b\u0161anu, tikl\u012bdz tiek apstr\u0101d\u0101ts Klienta piepras\u012bjums, kas var b\u016bt l\u012bdz trij\u0101m diennakt\u012bm.<\/p><\/li><\/ol><p><strong>M\u0101jaslapas apmekl\u0113jumi un s\u012bkdat\u0146u apstr\u0101de<br \/><\/strong><br \/>19. SIA LightUp m\u0101jaslapa izmanto s\u012bkdatnes. S\u012bkdat\u0146u apstr\u0101des noteikumi ir pieejami <a href=\"https:\/\/lightup.lv\/en\">lightup.lv<\/a> sada\u013c\u0101 par s\u012bkdat\u0146u izmanto\u0161anu.<\/p><p>20. SIA LightUp m\u0101jaslap\u0101s var tikt ievietotas saites uz tre\u0161o personu interneta m\u0101jaslap\u0101m, kur\u0101m ir savi lieto\u0161anas un personas datu aizsardz\u012bbas noteikumi, par ko SIA LightUp nenes atbild\u012bbu.<\/p><p><strong>Citi noteikumi<br \/><\/strong><br \/>M\u0113s pie\u0146emam, ka pirms m\u016bsu t\u012bmek\u013ca vietnes izmanto\u0161anas vai aizpildot l\u016bgumu k\u013c\u016bt par past\u0101v\u012bgo klientu, J\u016bs esat izlas\u012bju\u0161i m\u016bsu Priv\u0101tuma politikas principus un noteikumus, k\u0101 ar\u012b esat akcept\u0113ju\u0161i tos. M\u0113s paturam ties\u012bbas veikt groz\u012bjumus Priv\u0101tuma politikas galvenajos nosac\u012bjumos, inform\u0113jot par to visus past\u0101v\u012bgos klientus. Tom\u0113r m\u0113s dar\u0101m visu iesp\u0113jamo, lai nodro\u0161in\u0101tu, ka Priv\u0101tuma politika vienm\u0113r tiktu atjaunin\u0101ta un pieejama Jums m\u016bsu t\u012bmek\u013ca vietn\u0113.<\/p><p>Visu ar Priv\u0101tuma politiku vai datu apstr\u0101di saist\u012bto jaut\u0101jumu un probl\u0113mu risin\u0101\u0161anai, k\u0101 ar\u012b gad\u012bjumos, kad klients v\u0113las atteikties no komercpazi\u0146ojumu sa\u0146em\u0161anas vai piln\u012bb\u0101 dz\u0113st savus datus no sava profila, l\u016bdzam sazin\u0101ties ar mums, izmantojot elektronisk\u0101 pasta adresi info@lightup.lv<br \/>Jums ir ties\u012bbas jebkur\u0101 laik\u0101 v\u0113rsties Datu aizsardz\u012bbas inspekcij\u0101 vai ties\u0101 savu datu aizsardz\u012bbai. Datu aizsardz\u012bbas inspekcija ir valsts iest\u0101de, kur J\u016bs varat v\u0113rsties ar\u012b tad, kad Jums nepiecie\u0161ama konsult\u0101cija vai pal\u012bdz\u012bba saist\u012bb\u0101 ar personas datu aizsardz\u012bbu.<\/p><p>\u00a0Priv\u0101tuma politika atjaunin\u0101ta 03.03.2023.<\/p>\t\t\t\t\t\t\t\t<\/div>\n\t\t\t\t<\/div>\n\t\t\t\t\t<\/div>\n\t\t\t\t<\/div>\n\t\t\t\t<\/div>","protected":false},"excerpt":{"rendered":"<p>Priv\u0101tuma politika \u00a0 Sabiedr\u012bba ar ierobe\u017eotu atbild\u012bbu &#8220;LightUp&#8221;, re\u0123istr\u0101cijas numurs: 40103965234, juridisk\u0101 adrese: Salaspils, L\u012bvzemes iela 23 K-2,LV-2169 (turpm\u0101k \u2013 LightUp) ir uz\u0146\u0113musies pien\u0101kumu aizsarg\u0101t klientu priv\u0101tumu.Saska\u0146\u0101 ar to esam sagatavoju\u0161i Priv\u0101tuma politikas principus, kas attiecas uz klientu personas datu ieg\u016b\u0161anu, izmanto\u0161anu, public\u0113\u0161anu, nodo\u0161anu un uzglab\u0101\u0161anu.M\u016bsu darb\u012bba t\u012bmekl\u012b notiek saska\u0146\u0101 ar Latvijas Republikas likumiem, k\u0101 [&hellip;]<\/p>","protected":false},"author":1,"featured_media":0,"parent":0,"menu_order":0,"comment_status":"open","ping_status":"open","template":"","meta":{"_acf_changed":false},"class_list":["post-20785","page","type-page","status-publish","hentry"],"acf":[],"_links":{"self":[{"href":"https:\/\/lightup.lv\/en\/wp-json\/wp\/v2\/pages\/20785","targetHints":{"allow":["GET"]}}],"collection":[{"href":"https:\/\/lightup.lv\/en\/wp-json\/wp\/v2\/pages"}],"about":[{"href":"https:\/\/lightup.lv\/en\/wp-json\/wp\/v2\/types\/page"}],"author":[{"embeddable":true,"href":"https:\/\/lightup.lv\/en\/wp-json\/wp\/v2\/users\/1"}],"replies":[{"embeddable":true,"href":"https:\/\/lightup.lv\/en\/wp-json\/wp\/v2\/comments?post=20785"}],"version-history":[{"count":0,"href":"https:\/\/lightup.lv\/en\/wp-json\/wp\/v2\/pages\/20785\/revisions"}],"wp:attachment":[{"href":"https:\/\/lightup.lv\/en\/wp-json\/wp\/v2\/media?parent=20785"}],"curies":[{"name":"wp","href":"https:\/\/api.w.org\/{rel}","templated":true}]}}