{"id":20786,"date":"2018-08-29T08:41:34","date_gmt":"2018-08-29T08:41:34","guid":{"rendered":"https:\/\/lightup.lv\/sikdatnu-izmantosans-noteikumi\/"},"modified":"2024-05-28T16:25:09","modified_gmt":"2024-05-28T14:25:09","slug":"sikdatnu-izmantosans-noteikumi","status":"publish","type":"page","link":"https:\/\/lightup.lv\/en\/sikdatnu-izmantosans-noteikumi\/","title":{"rendered":"S\u012bkdat\u0146u izmanto\u0161anas noteikumi"},"content":{"rendered":"<p>&nbsp;<\/p>\n<p>M\u0113s izmantojam s\u012bkdatnes (<em>cookies<\/em>), lai sniegt Jums vislab\u0101ko servisu m\u016bsu t\u012bmek\u013ca vietn\u0113.<\/p>\n<p><strong>Kas ir s\u012bkdatnes?<\/strong><br \/>\nS\u012bkdatnes ir nelieli teksta faili, kas tiek ierakst\u012bti J\u016bsu ier\u012bc\u0113 katru reizi, kad J\u016bs apmekl\u0113jat m\u016bsu interneta vietni.<br \/>\n<strong><br \/>\nK\u0101p\u0113c m\u0113s izmantojam s\u012bkdatnes?<\/strong><br \/>\nS\u012bkdat\u0146u izmanto\u0161ana \u013cauj mums pied\u0101v\u0101t klientiem optim\u0101lu vietnes lietojam\u012bbu; piem\u0113ram, s\u012bkdatnes pal\u012bdz mums atcer\u0113ties J\u016bsu iepriek\u0161\u0113jos apmekl\u0113jumus un izv\u0113les m\u016bsu t\u012bmek\u013ca vietn\u0113.<\/p>\n<p>Izmantojot \u0161o t\u012bmek\u013ca vietni, J\u016bs piekr\u012btat, ka m\u0113s varam izmantot s\u012bkdatnes:<\/p>\n<p>&#8211; inform\u0101cijas apkopo\u0161anai par lietot\u0101ju paradumiem un statistikas datiem;<\/p>\n<p>&#8211; klientu apkalpo\u0161anas l\u012bme\u0146a uzlabo\u0161anai (online chat);<\/p>\n<p>&#8211; lietot\u0101ja iestat\u012bjumu saglab\u0101\u0161anai;<\/p>\n<p>&#8211; priek\u0161likumu un m\u0101rketinga zi\u0146ojumu izs\u016bt\u012b\u0161anai, kas vislab\u0101k atbilst j\u016bsu vajadz\u012bb\u0101m;<\/p>\n<p>&#8211; inform\u0101cijas apkopo\u0161anai, kas nepiecie\u0161ama interneta vietnes uzlabo\u0161anai;<\/p>\n<p>&#8211; autoriz\u0101cijai, t\u012bmek\u013ca vietnes personaliz\u0101cijai un aizpild\u012b\u0161anai;<\/p>\n<p>&#8211; LightUp satura apmai\u0146as vienk\u0101r\u0161o\u0161anai soci\u0101lajos t\u012bklos;<\/p>\n<p>&#8211; satura nodro\u0161in\u0101\u0161anai (Youtube, Google kartes, flixmedia).<\/p>\n<p>&nbsp;<\/p>\n<p><strong>K\u0101das s\u012bkdatnes m\u0113s izmantojam?<\/strong><br \/>\n<strong><br \/>\n<em>Sesijas s\u012bkdatnes<\/em><\/strong><br \/>\nSesijas s\u012bkdatnes, t.i. pagaidu s\u012bkdatnes tiek izmantotas ik reizi, kad J\u016bs apmekl\u0113jat m\u016bsu t\u012bmek\u013ca vietni, un tiek izdz\u0113stas, kad J\u016bs aizverat p\u0101rl\u016bku. Pagaidu s\u012bkdatnes tiek izmantotas, piem\u0113ram, lai atcer\u0113ties valodas izv\u0113li t\u012bmek\u013ca vietn\u0113 vai groza saturu.<br \/>\n<strong><br \/>\n<em>Past\u0101v\u012bg\u0101s s\u012bkdatnes<\/em><\/strong><br \/>\nPast\u0101v\u012bg\u0101s s\u012bkdatnes tiek saglab\u0101tas lietot\u0101ja ier\u012bc\u0113 pat p\u0113c p\u0101rl\u016bkprogrammas aizv\u0113r\u0161anas. Past\u0101v\u012bg\u0101s s\u012bkdatnes ier\u012bc\u0113 tiek saglab\u0101tas noteiktu laika periodu, da\u017eas no tiem tiek glab\u0101tas lietot\u0101ja dator\u0101 vair\u0101kas dienas, m\u0113ne\u0161us vai pat gadus. Past\u0101v\u012bg\u0101s s\u012bkdatnes tiek izmantotas, piem\u0113ram, lai saglab\u0101tu lietot\u0101ja iestat\u012bjumus, k\u0101 ar\u012b lietot\u0101ja v\u0101rdu un paroli, lai neb\u016btu nepiecie\u0161am\u012bbas ievad\u012bt \u0161os datus ik reizi, kad tiek apmekl\u0113ta t\u012bmek\u013ca vietne.<br \/>\n<strong><br \/>\n<em>Tre\u0161\u0101s puses s\u012bkdatnes <\/em><\/strong><br \/>\nNodro\u0161inot augstas kvalit\u0101tes saturu,\u00a0statistikas datu v\u0101k\u0161anu un rekl\u0101mu, LightUp t\u012bmek\u013ca vietn\u0113 tiek izmantotas tre\u0161\u0101s puses s\u012bkdatnes. Ar tre\u0161o pu\u0161u s\u012bkdat\u0146u priv\u0101tuma politiku un noteikumiem J\u016bs varat iepaz\u012bties \u0161o s\u012bkdat\u0146u \u012bpa\u0161nieku t\u012bmek\u013ca vietn\u0113s.<\/p>\n<p>&nbsp;<\/p>\n<p><strong><em>Tre\u0161\u0101s puses s\u012bkdat\u0146u saraksts:<\/em><\/strong><\/p>\n<p>Ar Facebook s\u012bkdat\u0146u noteikumiem J\u016bs varat iepaz\u012bties \u0161eit:<\/p>\n<p><a href=\"https:\/\/www.facebook.com\/policies\/cookies\/\" target=\"_blank\" rel=\"noopener\">https:\/\/www.facebook.com\/policies\/cookies\/<\/a><\/p>\n<p>Ar Google s\u012bkdat\u0146u noteikumiem J\u016bs varat iepaz\u012bties \u0161eit:<\/p>\n<p><a href=\"https:\/\/www.google.com\/policies\/technologies\/cookies\/\" target=\"_blank\" rel=\"noopener\">https:\/\/www.google.com\/policies\/technologies\/cookies\/<\/a><\/p>\n<p>&nbsp;<\/p>\n<p><strong>K\u0101 ierobe\u017eot s\u012bkdat\u0146u izmanto\u0161anu un k\u0101 tos izdz\u0113st?<\/strong><\/p>\n<p>Lietot\u0101jam ir iesp\u0113ja izdz\u0113st s\u012bkdatnes, kas saglab\u0101tas J\u016bsu ier\u012bc\u0113, un aizliegt s\u012bkdat\u0146u saglab\u0101\u0161anu ier\u012bc\u0113. Lai to izdar\u012btu, Jums ir j\u0101nomaina savas p\u0101rl\u016bkprogrammas iestat\u012bjumi.<\/p>\n<p>Prec\u012bz\u0101kas instrukcijas ir atrodamas p\u0101rl\u016bkprogrammas instrukciju sada\u013c\u0101.<\/p>\n<p>NB! S\u012bkdat\u0146u blo\u0137\u0113\u0161anas gad\u012bjum\u0101 m\u0113s nevaram garant\u0113t m\u016bsu t\u012bmek\u013ca vietnes pareizu darb\u012bbu.<\/p>\n<p>Pla\u0161\u0101ku inform\u0101ciju par s\u012bkdatn\u0113m var atrast t\u012bmek\u013ca vietn\u0113s: <a href=\"https:\/\/www.allaboutcookies.org\/\" target=\"_blank\" rel=\"noopener\">https:\/\/www.allaboutcookies.org\/<\/a> or <a href=\"https:\/\/www.allaboutcookies.org\/\" target=\"_blank\" rel=\"noopener\">https:\/\/www.youronlinechoices.com\/lv\/<\/a><\/p>\n<p>&nbsp;<\/p>","protected":false},"excerpt":{"rendered":"<p>&nbsp; M\u0113s izmantojam s\u012bkdatnes (cookies), lai sniegt Jums vislab\u0101ko servisu m\u016bsu t\u012bmek\u013ca vietn\u0113. Kas ir s\u012bkdatnes? S\u012bkdatnes ir nelieli teksta faili, kas tiek ierakst\u012bti J\u016bsu ier\u012bc\u0113 katru reizi, kad J\u016bs apmekl\u0113jat m\u016bsu interneta vietni. K\u0101p\u0113c m\u0113s izmantojam s\u012bkdatnes? S\u012bkdat\u0146u izmanto\u0161ana \u013cauj mums pied\u0101v\u0101t klientiem optim\u0101lu vietnes lietojam\u012bbu; piem\u0113ram, s\u012bkdatnes pal\u012bdz mums atcer\u0113ties J\u016bsu iepriek\u0161\u0113jos apmekl\u0113jumus [&hellip;]<\/p>\n","protected":false},"author":1,"featured_media":0,"parent":0,"menu_order":0,"comment_status":"closed","ping_status":"closed","template":"","meta":{"_acf_changed":false},"class_list":["post-20786","page","type-page","status-publish","hentry"],"acf":[],"_links":{"self":[{"href":"https:\/\/lightup.lv\/en\/wp-json\/wp\/v2\/pages\/20786","targetHints":{"allow":["GET"]}}],"collection":[{"href":"https:\/\/lightup.lv\/en\/wp-json\/wp\/v2\/pages"}],"about":[{"href":"https:\/\/lightup.lv\/en\/wp-json\/wp\/v2\/types\/page"}],"author":[{"embeddable":true,"href":"https:\/\/lightup.lv\/en\/wp-json\/wp\/v2\/users\/1"}],"replies":[{"embeddable":true,"href":"https:\/\/lightup.lv\/en\/wp-json\/wp\/v2\/comments?post=20786"}],"version-history":[{"count":0,"href":"https:\/\/lightup.lv\/en\/wp-json\/wp\/v2\/pages\/20786\/revisions"}],"wp:attachment":[{"href":"https:\/\/lightup.lv\/en\/wp-json\/wp\/v2\/media?parent=20786"}],"curies":[{"name":"wp","href":"https:\/\/api.w.org\/{rel}","templated":true}]}}