{"id":10029,"date":"2022-05-10T07:47:03","date_gmt":"2022-05-10T07:47:03","guid":{"rendered":"https:\/\/lightup.lv\/product\/kresls-gossip-peleks\/"},"modified":"2024-01-30T15:25:49","modified_gmt":"2024-01-30T15:25:49","slug":"kresls-gossip-peleks","status":"publish","type":"product","link":"https:\/\/lightup.lv\/en\/product-catalog\/kresls-gossip-peleks\/","title":{"rendered":"Kr\u0113sls Gossip pel\u0113ks"},"content":{"rendered":"<p>Material \u2013 Polypropylene<br \/>\nChair height \u201382 cm<br \/>\nSeat width \u2013 59 cm<br \/>\nKr\u0113sla garums \u201356 cm<br \/>\nSeat height \u2013 46 cm<\/p>\n<p>ID 621R<\/p>","protected":false},"excerpt":{"rendered":"<p>Gossip ir polipropil\u0113na kr\u0113sls ar l\u012bkumain\u0101m un apa\u013c\u0101m form\u0101m, viegls un sakraujams. Atbilsto\u0161i Pedrali centieniem nodro\u0161in\u0101t vides ilgtsp\u0113j\u012bbu, Gossip pied\u0101v\u0101 \u201cp\u0101rstr\u0101d\u0101to pel\u0113ko\u201d versiju, kas piln\u012bb\u0101 izgatavota no otrreiz\u0113ji p\u0101rstr\u0101d\u0101ta materi\u0101la: 50% no plastmasas materi\u0101lu p\u0113cpat\u0113ri\u0146a atkritumiem un 50% no plastmasas materi\u0101lu r\u016bpnieciskajiem atkritumiem.<\/p>","protected":false},"featured_media":10030,"template":"","meta":{"_acf_changed":false},"product_brand":[],"product_cat":[126,28,51,50],"product_tag":[125],"class_list":{"0":"post-10029","1":"product","2":"type-product","3":"status-publish","4":"has-post-thumbnail","6":"product_cat-apmekletaju-kresli","7":"product_cat-kresli","8":"product_cat-kresli-terases-mebeles","9":"product_cat-terases-mebeles","10":"product_tag-pedrali","12":"first","13":"instock","14":"shipping-taxable","15":"purchasable","16":"product-type-simple"},"acf":[],"_links":{"self":[{"href":"https:\/\/lightup.lv\/en\/wp-json\/wp\/v2\/product\/10029","targetHints":{"allow":["GET"]}}],"collection":[{"href":"https:\/\/lightup.lv\/en\/wp-json\/wp\/v2\/product"}],"about":[{"href":"https:\/\/lightup.lv\/en\/wp-json\/wp\/v2\/types\/product"}],"wp:featuredmedia":[{"embeddable":true,"href":"https:\/\/lightup.lv\/en\/wp-json\/wp\/v2\/media\/10030"}],"wp:attachment":[{"href":"https:\/\/lightup.lv\/en\/wp-json\/wp\/v2\/media?parent=10029"}],"wp:term":[{"taxonomy":"product_brand","embeddable":true,"href":"https:\/\/lightup.lv\/en\/wp-json\/wp\/v2\/product_brand?post=10029"},{"taxonomy":"product_cat","embeddable":true,"href":"https:\/\/lightup.lv\/en\/wp-json\/wp\/v2\/product_cat?post=10029"},{"taxonomy":"product_tag","embeddable":true,"href":"https:\/\/lightup.lv\/en\/wp-json\/wp\/v2\/product_tag?post=10029"}],"curies":[{"name":"wp","href":"https:\/\/api.w.org\/{rel}","templated":true}]}}