{"id":10049,"date":"2022-05-10T08:04:50","date_gmt":"2022-05-10T08:04:50","guid":{"rendered":"https:\/\/lightup.lv\/product\/kresls-grace-2\/"},"modified":"2024-01-30T15:24:23","modified_gmt":"2024-01-30T15:24:23","slug":"kresls-grace-2","status":"publish","type":"product","link":"https:\/\/lightup.lv\/en\/precu-katalogs\/kresls-grace-2\/","title":{"rendered":"Kr\u0113sls Grace"},"content":{"rendered":"<p>Material \u2013 Polypropylene, Steel<br \/>\nKr\u0113sla augstums \u201376,5 cm<br \/>\nSeat width \u2013 55 cm<br \/>\nChair length \u201353 cm<br \/>\nSeat height \u2013 46 cm<\/p>\n<p>ID 411<\/p>","protected":false},"excerpt":{"rendered":"<p>Formu harmonija s\u0113dekl\u012b, atzveltn\u0113 un roku balst\u0101. Grace kr\u0113sls ar polipropil\u0113na apvalku, kas pastiprin\u0101ts ar stikla \u0161\u0137iedru un \u00d8 11mm t\u0113rauda r\u0101mi.<\/p>","protected":false},"featured_media":10050,"template":"","meta":{"_acf_changed":false},"product_brand":[],"product_cat":[126,121,28,51,50],"product_tag":[125],"class_list":{"0":"post-10049","1":"product","2":"type-product","3":"status-publish","4":"has-post-thumbnail","6":"product_cat-apmekletaju-kresli","7":"product_cat-biroja-kresli","8":"product_cat-kresli","9":"product_cat-kresli-terases-mebeles","10":"product_cat-terases-mebeles","11":"product_tag-pedrali","13":"first","14":"instock","15":"shipping-taxable","16":"purchasable","17":"product-type-simple"},"acf":[],"_links":{"self":[{"href":"https:\/\/lightup.lv\/en\/wp-json\/wp\/v2\/product\/10049","targetHints":{"allow":["GET"]}}],"collection":[{"href":"https:\/\/lightup.lv\/en\/wp-json\/wp\/v2\/product"}],"about":[{"href":"https:\/\/lightup.lv\/en\/wp-json\/wp\/v2\/types\/product"}],"wp:featuredmedia":[{"embeddable":true,"href":"https:\/\/lightup.lv\/en\/wp-json\/wp\/v2\/media\/10050"}],"wp:attachment":[{"href":"https:\/\/lightup.lv\/en\/wp-json\/wp\/v2\/media?parent=10049"}],"wp:term":[{"taxonomy":"product_brand","embeddable":true,"href":"https:\/\/lightup.lv\/en\/wp-json\/wp\/v2\/product_brand?post=10049"},{"taxonomy":"product_cat","embeddable":true,"href":"https:\/\/lightup.lv\/en\/wp-json\/wp\/v2\/product_cat?post=10049"},{"taxonomy":"product_tag","embeddable":true,"href":"https:\/\/lightup.lv\/en\/wp-json\/wp\/v2\/product_tag?post=10049"}],"curies":[{"name":"wp","href":"https:\/\/api.w.org\/{rel}","templated":true}]}}