{"id":10080,"date":"2022-05-10T08:28:09","date_gmt":"2022-05-10T08:28:09","guid":{"rendered":"https:\/\/lightup.lv\/product\/atputas-kresls-host-lounge\/"},"modified":"2024-01-30T15:22:04","modified_gmt":"2024-01-30T15:22:04","slug":"atputas-kresls-host-lounge","status":"publish","type":"product","link":"https:\/\/lightup.lv\/en\/product-catalog\/atputas-kresls-host-lounge\/","title":{"rendered":"Host Lounge armchair"},"content":{"rendered":"<p>Material \u2013 Artificial leather, Steel<br \/>\nVarious colors available<br \/>\nAugstums \u2013 38cm<br \/>\nPlatums &#8211; 74 cm<\/p>\n<p>ID 792<\/p>","protected":false},"excerpt":{"rendered":"<p>Host ir modul\u0101ra vienviet\u012bgu, divviet\u012bgu un st\u016bra s\u0113dvietu sist\u0113ma, kas piem\u0113rota lielam skaitam kombin\u0101ciju un piel\u0101gojumu. Atp\u016btas pufa bloks no polietil\u0113na ar\u00a0 \u00d8 16mm ner\u016bs\u0113jo\u0161\u0101 \u00a0t\u0113rauda r\u0101mi.<\/p>","protected":false},"featured_media":10081,"template":"","meta":{"_acf_changed":false},"product_brand":[],"product_cat":[115,119,101,28,116,113],"product_tag":[125],"class_list":{"0":"post-10080","1":"product","2":"type-product","3":"status-publish","4":"has-post-thumbnail","6":"product_cat-atputas-kresli-publisko-telpu-mebeles","7":"product_cat-atputas-kresli-kresli","8":"product_cat-biroja-mebeles","9":"product_cat-kresli","10":"product_cat-pufi","11":"product_cat-uzgaidamie-divani","12":"product_tag-pedrali","14":"first","15":"instock","16":"shipping-taxable","17":"purchasable","18":"product-type-simple"},"acf":[],"_links":{"self":[{"href":"https:\/\/lightup.lv\/en\/wp-json\/wp\/v2\/product\/10080","targetHints":{"allow":["GET"]}}],"collection":[{"href":"https:\/\/lightup.lv\/en\/wp-json\/wp\/v2\/product"}],"about":[{"href":"https:\/\/lightup.lv\/en\/wp-json\/wp\/v2\/types\/product"}],"wp:featuredmedia":[{"embeddable":true,"href":"https:\/\/lightup.lv\/en\/wp-json\/wp\/v2\/media\/10081"}],"wp:attachment":[{"href":"https:\/\/lightup.lv\/en\/wp-json\/wp\/v2\/media?parent=10080"}],"wp:term":[{"taxonomy":"product_brand","embeddable":true,"href":"https:\/\/lightup.lv\/en\/wp-json\/wp\/v2\/product_brand?post=10080"},{"taxonomy":"product_cat","embeddable":true,"href":"https:\/\/lightup.lv\/en\/wp-json\/wp\/v2\/product_cat?post=10080"},{"taxonomy":"product_tag","embeddable":true,"href":"https:\/\/lightup.lv\/en\/wp-json\/wp\/v2\/product_tag?post=10080"}],"curies":[{"name":"wp","href":"https:\/\/api.w.org\/{rel}","templated":true}]}}