{"id":10090,"date":"2022-05-10T08:54:50","date_gmt":"2022-05-10T08:54:50","guid":{"rendered":"https:\/\/lightup.lv\/product\/atputas-kresls-host-lounge-3\/"},"modified":"2024-01-30T15:20:01","modified_gmt":"2024-01-30T15:20:01","slug":"atputas-kresls-host-lounge-3","status":"publish","type":"product","link":"https:\/\/lightup.lv\/en\/product-catalog\/atputas-kresls-host-lounge-3\/","title":{"rendered":"Host Lounge armchair"},"content":{"rendered":"<p>Material \u2013 Artificial leather, Steel<br \/>\nKr\u0113sla augstums \u2013 40cm<br \/>\nSeat width and length \u2013 74 cm<\/p>\n<p>ID 793<\/p>","protected":false},"excerpt":{"rendered":"<p>Host ir modul\u0101ra vienviet\u012bgu, divviet\u012bgu un st\u016bra s\u0113dvietu sist\u0113ma, kas piem\u0113rota lielam skaitam kombin\u0101ciju un piel\u0101gojumu. Polster\u0113ts atp\u016btas d\u012bv\u0101na bloks no poliuret\u0101na put\u0101m ar \u00d8 16mm t\u0113rauda r\u0101mi.<\/p>","protected":false},"featured_media":10091,"template":"","meta":{"_acf_changed":false},"product_brand":[],"product_cat":[115,119,101,28,116,113],"product_tag":[125],"class_list":{"0":"post-10090","1":"product","2":"type-product","3":"status-publish","4":"has-post-thumbnail","6":"product_cat-atputas-kresli-publisko-telpu-mebeles","7":"product_cat-atputas-kresli-kresli","8":"product_cat-biroja-mebeles","9":"product_cat-kresli","10":"product_cat-pufi","11":"product_cat-uzgaidamie-divani","12":"product_tag-pedrali","14":"first","15":"instock","16":"shipping-taxable","17":"purchasable","18":"product-type-simple"},"acf":[],"_links":{"self":[{"href":"https:\/\/lightup.lv\/en\/wp-json\/wp\/v2\/product\/10090","targetHints":{"allow":["GET"]}}],"collection":[{"href":"https:\/\/lightup.lv\/en\/wp-json\/wp\/v2\/product"}],"about":[{"href":"https:\/\/lightup.lv\/en\/wp-json\/wp\/v2\/types\/product"}],"wp:featuredmedia":[{"embeddable":true,"href":"https:\/\/lightup.lv\/en\/wp-json\/wp\/v2\/media\/10091"}],"wp:attachment":[{"href":"https:\/\/lightup.lv\/en\/wp-json\/wp\/v2\/media?parent=10090"}],"wp:term":[{"taxonomy":"product_brand","embeddable":true,"href":"https:\/\/lightup.lv\/en\/wp-json\/wp\/v2\/product_brand?post=10090"},{"taxonomy":"product_cat","embeddable":true,"href":"https:\/\/lightup.lv\/en\/wp-json\/wp\/v2\/product_cat?post=10090"},{"taxonomy":"product_tag","embeddable":true,"href":"https:\/\/lightup.lv\/en\/wp-json\/wp\/v2\/product_tag?post=10090"}],"curies":[{"name":"wp","href":"https:\/\/api.w.org\/{rel}","templated":true}]}}