{"id":10095,"date":"2022-05-10T09:02:17","date_gmt":"2022-05-10T09:02:17","guid":{"rendered":"https:\/\/lightup.lv\/product\/kresls-ice-ar-atzveltni\/"},"modified":"2024-01-30T15:19:25","modified_gmt":"2024-01-30T15:19:25","slug":"kresls-ice-ar-atzveltni","status":"publish","type":"product","link":"https:\/\/lightup.lv\/en\/precu-katalogs\/kresls-ice-ar-atzveltni\/","title":{"rendered":"Kr\u0113sls ICE ar atzveltni"},"content":{"rendered":"<p>Material \u2013 Polypropylene, Aluminum<br \/>\nVarious colors available<br \/>\nKr\u0113sla augstums \u201384 cm<br \/>\nSeat width \u2013 47 cm<br \/>\nKr\u0113sla garums \u201349 cm<br \/>\nSeat height \u2013 45 cm<\/p>\n<p>ID 800<\/p>","protected":false},"excerpt":{"rendered":"<p>&#8221;Ice&#8221; kolekcija ir k\u013cuvusi par bestselleru, pateicoties t\u0101s daudzpus\u012bbai un stabilit\u0101tei. Anod\u0113ta alum\u012bnija \u00d8 28mm cauru\u013cveida k\u0101jas, polipropil\u0113na apvalks. \u0160\u012b materi\u0101lu kombin\u0101cija padara kr\u0113slu piem\u0113rotu da\u017e\u0101d\u0101m vajadz\u012bb\u0101m gan iek\u0161telp\u0101s, gan \u0101r\u0101.<\/p>","protected":false},"featured_media":10096,"template":"","meta":{"_acf_changed":false},"product_brand":[],"product_cat":[126,121,124,28,51,50],"product_tag":[125],"class_list":{"0":"post-10095","1":"product","2":"type-product","3":"status-publish","4":"has-post-thumbnail","6":"product_cat-apmekletaju-kresli","7":"product_cat-biroja-kresli","8":"product_cat-kresli-konfernecu","9":"product_cat-kresli","10":"product_cat-kresli-terases-mebeles","11":"product_cat-terases-mebeles","12":"product_tag-pedrali","14":"first","15":"instock","16":"shipping-taxable","17":"purchasable","18":"product-type-simple"},"acf":[],"_links":{"self":[{"href":"https:\/\/lightup.lv\/en\/wp-json\/wp\/v2\/product\/10095","targetHints":{"allow":["GET"]}}],"collection":[{"href":"https:\/\/lightup.lv\/en\/wp-json\/wp\/v2\/product"}],"about":[{"href":"https:\/\/lightup.lv\/en\/wp-json\/wp\/v2\/types\/product"}],"wp:featuredmedia":[{"embeddable":true,"href":"https:\/\/lightup.lv\/en\/wp-json\/wp\/v2\/media\/10096"}],"wp:attachment":[{"href":"https:\/\/lightup.lv\/en\/wp-json\/wp\/v2\/media?parent=10095"}],"wp:term":[{"taxonomy":"product_brand","embeddable":true,"href":"https:\/\/lightup.lv\/en\/wp-json\/wp\/v2\/product_brand?post=10095"},{"taxonomy":"product_cat","embeddable":true,"href":"https:\/\/lightup.lv\/en\/wp-json\/wp\/v2\/product_cat?post=10095"},{"taxonomy":"product_tag","embeddable":true,"href":"https:\/\/lightup.lv\/en\/wp-json\/wp\/v2\/product_tag?post=10095"}],"curies":[{"name":"wp","href":"https:\/\/api.w.org\/{rel}","templated":true}]}}