{"id":10121,"date":"2022-05-10T10:58:51","date_gmt":"2022-05-10T10:58:51","guid":{"rendered":"https:\/\/lightup.lv\/product\/kresls-intrigo-ar-atzveltni\/"},"modified":"2024-01-30T15:17:58","modified_gmt":"2024-01-30T15:17:58","slug":"kresls-intrigo-ar-atzveltni","status":"publish","type":"product","link":"https:\/\/lightup.lv\/en\/precu-katalogs\/kresls-intrigo-ar-atzveltni\/","title":{"rendered":"Kr\u0113sls Intrigo ar atzveltni"},"content":{"rendered":"<p>Materi\u0101ls \u2013 Alum\u012bnijs<br \/>\nVarious colors available<br \/>\nChair height \u201380.5 cm<br \/>\nSeat width \u2013 59 cm<br \/>\nChair length \u201353 cm<br \/>\nSeat height \u2013 46 cm<\/p>\n<p>ID 3715<\/p>","protected":false},"excerpt":{"rendered":"<p>L\u012bniju kombin\u0101cija, kas harmoniski savijas, veidojot saisto\u0161u, minim\u0101lu siluetu. Galven\u0101 iez\u012bme ir alum\u012bnija r\u0101mis, kas veido da\u017e\u0101das sekcijas atzveltnei, roku balstiem un k\u0101j\u0101m.<\/p>","protected":false},"featured_media":10122,"template":"","meta":{"_acf_changed":false},"product_brand":[],"product_cat":[28,38,51,50],"product_tag":[125],"class_list":{"0":"post-10121","1":"product","2":"type-product","3":"status-publish","4":"has-post-thumbnail","6":"product_cat-kresli","7":"product_cat-kresli-pie-galda","8":"product_cat-kresli-terases-mebeles","9":"product_cat-terases-mebeles","10":"product_tag-pedrali","12":"first","13":"instock","14":"shipping-taxable","15":"purchasable","16":"product-type-simple"},"acf":[],"_links":{"self":[{"href":"https:\/\/lightup.lv\/en\/wp-json\/wp\/v2\/product\/10121","targetHints":{"allow":["GET"]}}],"collection":[{"href":"https:\/\/lightup.lv\/en\/wp-json\/wp\/v2\/product"}],"about":[{"href":"https:\/\/lightup.lv\/en\/wp-json\/wp\/v2\/types\/product"}],"wp:featuredmedia":[{"embeddable":true,"href":"https:\/\/lightup.lv\/en\/wp-json\/wp\/v2\/media\/10122"}],"wp:attachment":[{"href":"https:\/\/lightup.lv\/en\/wp-json\/wp\/v2\/media?parent=10121"}],"wp:term":[{"taxonomy":"product_brand","embeddable":true,"href":"https:\/\/lightup.lv\/en\/wp-json\/wp\/v2\/product_brand?post=10121"},{"taxonomy":"product_cat","embeddable":true,"href":"https:\/\/lightup.lv\/en\/wp-json\/wp\/v2\/product_cat?post=10121"},{"taxonomy":"product_tag","embeddable":true,"href":"https:\/\/lightup.lv\/en\/wp-json\/wp\/v2\/product_tag?post=10121"}],"curies":[{"name":"wp","href":"https:\/\/api.w.org\/{rel}","templated":true}]}}