{"id":10152,"date":"2022-05-10T11:33:10","date_gmt":"2022-05-10T11:33:10","guid":{"rendered":"https:\/\/lightup.lv\/product\/kresls-mya-ar-atzveltni\/"},"modified":"2024-01-30T15:15:45","modified_gmt":"2024-01-30T15:15:45","slug":"kresls-mya-ar-atzveltni","status":"publish","type":"product","link":"https:\/\/lightup.lv\/en\/precu-katalogs\/kresls-mya-ar-atzveltni\/","title":{"rendered":"Kr\u0113sls Mya ar atzveltni"},"content":{"rendered":"<p>Material \u2013 Polypropylene, Aluminum<br \/>\nVarious colors available<br \/>\nKr\u0113sla augstums \u201379 cm<br \/>\nS\u0113des platums \u2013 46,5 cm<br \/>\nChair length \u201355 cm<br \/>\nSeat height \u2013 45 cm<\/p>\n<p>Cena s\u0101kot NO: 257.18 eiro<br \/>\nCena atkar\u012bga no konfigur\u0101cijas un izv\u0113l\u0113t\u0101 to\u0146a.<\/p>\n<p>ID 700<\/p>","protected":false},"excerpt":{"rendered":"<p>Mya ir kr\u0113slu kolekcija ar izsmalcin\u0101tu dizainu. Kr\u0113sls ar \u0161tanc\u0113ta alum\u012bnija r\u0101mi, polipropil\u0113na s\u0113di un atzveltni. Sakraujami viens uz otra.<\/p>","protected":false},"featured_media":10153,"template":"","meta":{"_acf_changed":false},"product_brand":[],"product_cat":[126,121,124,28,51,122,50],"product_tag":[125],"class_list":{"0":"post-10152","1":"product","2":"type-product","3":"status-publish","4":"has-post-thumbnail","6":"product_cat-apmekletaju-kresli","7":"product_cat-biroja-kresli","8":"product_cat-kresli-konfernecu","9":"product_cat-kresli","10":"product_cat-kresli-terases-mebeles","11":"product_cat-terases-bara-kresli","12":"product_cat-terases-mebeles","13":"product_tag-pedrali","15":"first","16":"instock","17":"shipping-taxable","18":"purchasable","19":"product-type-simple"},"acf":[],"_links":{"self":[{"href":"https:\/\/lightup.lv\/en\/wp-json\/wp\/v2\/product\/10152","targetHints":{"allow":["GET"]}}],"collection":[{"href":"https:\/\/lightup.lv\/en\/wp-json\/wp\/v2\/product"}],"about":[{"href":"https:\/\/lightup.lv\/en\/wp-json\/wp\/v2\/types\/product"}],"wp:featuredmedia":[{"embeddable":true,"href":"https:\/\/lightup.lv\/en\/wp-json\/wp\/v2\/media\/10153"}],"wp:attachment":[{"href":"https:\/\/lightup.lv\/en\/wp-json\/wp\/v2\/media?parent=10152"}],"wp:term":[{"taxonomy":"product_brand","embeddable":true,"href":"https:\/\/lightup.lv\/en\/wp-json\/wp\/v2\/product_brand?post=10152"},{"taxonomy":"product_cat","embeddable":true,"href":"https:\/\/lightup.lv\/en\/wp-json\/wp\/v2\/product_cat?post=10152"},{"taxonomy":"product_tag","embeddable":true,"href":"https:\/\/lightup.lv\/en\/wp-json\/wp\/v2\/product_tag?post=10152"}],"curies":[{"name":"wp","href":"https:\/\/api.w.org\/{rel}","templated":true}]}}