{"id":10178,"date":"2022-05-10T12:28:43","date_gmt":"2022-05-10T12:28:43","guid":{"rendered":"https:\/\/lightup.lv\/product\/koka-kresls-nemea-ar-atzveltni-2\/"},"modified":"2024-01-30T15:13:36","modified_gmt":"2024-01-30T15:13:36","slug":"koka-kresls-nemea-ar-atzveltni-2","status":"publish","type":"product","link":"https:\/\/lightup.lv\/en\/precu-katalogs\/koka-kresls-nemea-ar-atzveltni-2\/","title":{"rendered":"Koka kr\u0113sls Nemea ar atzveltni"},"content":{"rendered":"<p>Materi\u0101ls \u2013 Koks, Alum\u012bnijs<br \/>\nVarious colors available<br \/>\nKr\u0113sla augstums \u2013 76,5 cm<br \/>\nSeat width \u2013 52 cm<br \/>\nKr\u0113sla garums \u201350 cm<br \/>\nSeat height \u2013 46 cm<\/p>\n<p>Cena s\u0101kot NO: 438.08 eiro<br \/>\nCena atkar\u012bga no konfigur\u0101cijas un izv\u0113l\u0113t\u0101 to\u0146a.<\/p>\n<p>ID 2825<\/p>","protected":false},"excerpt":{"rendered":"<p>Nemea kolekcijas dizains atg\u0101dina ideju par klasisku graciozit\u0101ti, ko veidojis laiks un v\u0113sture. O\u0161a finiera kr\u0113sls ar form\u0113tu atzveltni, kas \u013cauj to piestirpinat pie galda. O\u0161a mas\u012bvkoka k\u0101jas un alum\u012bnija r\u0101mis.<\/p>","protected":false},"featured_media":10179,"template":"","meta":{"_acf_changed":false},"product_brand":[],"product_cat":[121,28,38,51,50],"product_tag":[125],"class_list":{"0":"post-10178","1":"product","2":"type-product","3":"status-publish","4":"has-post-thumbnail","6":"product_cat-biroja-kresli","7":"product_cat-kresli","8":"product_cat-kresli-pie-galda","9":"product_cat-kresli-terases-mebeles","10":"product_cat-terases-mebeles","11":"product_tag-pedrali","13":"first","14":"instock","15":"shipping-taxable","16":"purchasable","17":"product-type-simple"},"acf":[],"_links":{"self":[{"href":"https:\/\/lightup.lv\/en\/wp-json\/wp\/v2\/product\/10178","targetHints":{"allow":["GET"]}}],"collection":[{"href":"https:\/\/lightup.lv\/en\/wp-json\/wp\/v2\/product"}],"about":[{"href":"https:\/\/lightup.lv\/en\/wp-json\/wp\/v2\/types\/product"}],"wp:featuredmedia":[{"embeddable":true,"href":"https:\/\/lightup.lv\/en\/wp-json\/wp\/v2\/media\/10179"}],"wp:attachment":[{"href":"https:\/\/lightup.lv\/en\/wp-json\/wp\/v2\/media?parent=10178"}],"wp:term":[{"taxonomy":"product_brand","embeddable":true,"href":"https:\/\/lightup.lv\/en\/wp-json\/wp\/v2\/product_brand?post=10178"},{"taxonomy":"product_cat","embeddable":true,"href":"https:\/\/lightup.lv\/en\/wp-json\/wp\/v2\/product_cat?post=10178"},{"taxonomy":"product_tag","embeddable":true,"href":"https:\/\/lightup.lv\/en\/wp-json\/wp\/v2\/product_tag?post=10178"}],"curies":[{"name":"wp","href":"https:\/\/api.w.org\/{rel}","templated":true}]}}