{"id":10246,"date":"2022-05-10T13:20:58","date_gmt":"2022-05-10T13:20:58","guid":{"rendered":"https:\/\/lightup.lv\/product\/bara-kresls-nolita-artelpam-2\/"},"modified":"2024-01-30T14:27:05","modified_gmt":"2024-01-30T14:27:05","slug":"bara-kresls-nolita-artelpam-2","status":"publish","type":"product","link":"https:\/\/lightup.lv\/en\/precu-katalogs\/bara-kresls-nolita-artelpam-2\/","title":{"rendered":"Nolita outdoor bar stool"},"content":{"rendered":"<p>Material \u2013 Steel<br \/>\nVarious colors available<br \/>\nKr\u0113sla augstums \u201396\u00a0 cm<br \/>\nS\u0113des platums \u2013 50,5 cm<br \/>\nKr\u0113sla garums \u201348,5 cm<br \/>\nSeat height \u2013 75 cm<\/p>\n<p>ID 3658<\/p>","protected":false},"excerpt":{"rendered":"<p>Nolita ir \u0101rtelpu kr\u0113slu kolekcija, kas atg\u0101dina v\u0113sturisk\u0101 kursa pirms\u0101kumus, ko Mario Pedrali aizs\u0101ka 1963. gad\u0101 ar saviem pirmajiem met\u0101la d\u0101rza kr\u0113sliem. B\u0101ra kr\u0113sls ar t\u0113rauda r\u0101mi, kas p\u0101rkl\u0101ts ar pulverkr\u0101sojumu, lieto\u0161anai \u0101rpus telp\u0101m.<\/p>","protected":false},"featured_media":10247,"template":"","meta":{"_acf_changed":false},"product_brand":[],"product_cat":[29,124,28,38,51,122,50],"product_tag":[125],"class_list":{"0":"post-10246","1":"product","2":"type-product","3":"status-publish","4":"has-post-thumbnail","6":"product_cat-bara-kresli","7":"product_cat-kresli-konfernecu","8":"product_cat-kresli","9":"product_cat-kresli-pie-galda","10":"product_cat-kresli-terases-mebeles","11":"product_cat-terases-bara-kresli","12":"product_cat-terases-mebeles","13":"product_tag-pedrali","15":"first","16":"instock","17":"shipping-taxable","18":"purchasable","19":"product-type-simple"},"acf":[],"_links":{"self":[{"href":"https:\/\/lightup.lv\/en\/wp-json\/wp\/v2\/product\/10246","targetHints":{"allow":["GET"]}}],"collection":[{"href":"https:\/\/lightup.lv\/en\/wp-json\/wp\/v2\/product"}],"about":[{"href":"https:\/\/lightup.lv\/en\/wp-json\/wp\/v2\/types\/product"}],"wp:featuredmedia":[{"embeddable":true,"href":"https:\/\/lightup.lv\/en\/wp-json\/wp\/v2\/media\/10247"}],"wp:attachment":[{"href":"https:\/\/lightup.lv\/en\/wp-json\/wp\/v2\/media?parent=10246"}],"wp:term":[{"taxonomy":"product_brand","embeddable":true,"href":"https:\/\/lightup.lv\/en\/wp-json\/wp\/v2\/product_brand?post=10246"},{"taxonomy":"product_cat","embeddable":true,"href":"https:\/\/lightup.lv\/en\/wp-json\/wp\/v2\/product_cat?post=10246"},{"taxonomy":"product_tag","embeddable":true,"href":"https:\/\/lightup.lv\/en\/wp-json\/wp\/v2\/product_tag?post=10246"}],"curies":[{"name":"wp","href":"https:\/\/api.w.org\/{rel}","templated":true}]}}