{"id":10293,"date":"2022-05-10T14:02:57","date_gmt":"2022-05-10T14:02:57","guid":{"rendered":"https:\/\/lightup.lv\/product\/kresls-osaka-metal-ar-atzveltni-2\/"},"modified":"2024-01-30T14:17:20","modified_gmt":"2024-01-30T14:17:20","slug":"kresls-osaka-metal-ar-atzveltni-2","status":"publish","type":"product","link":"https:\/\/lightup.lv\/en\/precu-katalogs\/kresls-osaka-metal-ar-atzveltni-2\/","title":{"rendered":"Osaka Metal chair with backrest"},"content":{"rendered":"<p>Materi\u0101ls \u2013 T\u0113rauds, Koks, Audums, Polsteris<br \/>\nVarious colors available<br \/>\nKr\u0113sla augstums \u201377,5 cm<br \/>\nRoku balstu augstums &#8211; 63 cm<br \/>\nSeat width \u2013 56.5 cm<br \/>\nChair length \u201352 cm<br \/>\nS\u0113des augstums \u2013 47,5\u00a0 cm<\/p>\n<p>Cena s\u0101kot NO: 586,85 eiro<br \/>\nCena atkar\u012bga no konfigur\u0101cijas un izv\u0113l\u0113t\u0101 to\u0146a.<\/p>\n<p>ID 5722<\/p>","protected":false},"excerpt":{"rendered":"<p>Osaka ir kr\u0113slu kolekcija ar sp\u0113c\u012bgu efektu, kuras konstrukcijas elementi atg\u0101dina ideogrammas line\u0101r\u0101s iez\u012bmes. Osaka Met\u0101la atzveltnes kr\u0113sls ar polster\u0113tu apvalku, kas p\u0101rkl\u0101ts ar audumu vai \u0101du un \u00d8 16mm t\u0113rauda r\u0101mis. Roku balsti no o\u0161a koka.<\/p>","protected":false},"featured_media":10294,"template":"","meta":{"_acf_changed":false},"product_brand":[],"product_cat":[121,28,38,51,50],"product_tag":[125],"class_list":{"0":"post-10293","1":"product","2":"type-product","3":"status-publish","4":"has-post-thumbnail","6":"product_cat-biroja-kresli","7":"product_cat-kresli","8":"product_cat-kresli-pie-galda","9":"product_cat-kresli-terases-mebeles","10":"product_cat-terases-mebeles","11":"product_tag-pedrali","13":"first","14":"instock","15":"shipping-taxable","16":"purchasable","17":"product-type-simple"},"acf":[],"_links":{"self":[{"href":"https:\/\/lightup.lv\/en\/wp-json\/wp\/v2\/product\/10293","targetHints":{"allow":["GET"]}}],"collection":[{"href":"https:\/\/lightup.lv\/en\/wp-json\/wp\/v2\/product"}],"about":[{"href":"https:\/\/lightup.lv\/en\/wp-json\/wp\/v2\/types\/product"}],"wp:featuredmedia":[{"embeddable":true,"href":"https:\/\/lightup.lv\/en\/wp-json\/wp\/v2\/media\/10294"}],"wp:attachment":[{"href":"https:\/\/lightup.lv\/en\/wp-json\/wp\/v2\/media?parent=10293"}],"wp:term":[{"taxonomy":"product_brand","embeddable":true,"href":"https:\/\/lightup.lv\/en\/wp-json\/wp\/v2\/product_brand?post=10293"},{"taxonomy":"product_cat","embeddable":true,"href":"https:\/\/lightup.lv\/en\/wp-json\/wp\/v2\/product_cat?post=10293"},{"taxonomy":"product_tag","embeddable":true,"href":"https:\/\/lightup.lv\/en\/wp-json\/wp\/v2\/product_tag?post=10293"}],"curies":[{"name":"wp","href":"https:\/\/api.w.org\/{rel}","templated":true}]}}