{"id":10333,"date":"2022-05-10T15:41:13","date_gmt":"2022-05-10T15:41:13","guid":{"rendered":"https:\/\/lightup.lv\/product\/kresls-queen-ar-atzveltni\/"},"modified":"2024-01-30T14:13:34","modified_gmt":"2024-01-30T14:13:34","slug":"kresls-queen-ar-atzveltni","status":"publish","type":"product","link":"https:\/\/lightup.lv\/en\/precu-katalogs\/kresls-queen-ar-atzveltni\/","title":{"rendered":"Queen chair with backrest"},"content":{"rendered":"<p>Materi\u0101ls \u2013 Polikarbon\u0101ts<br \/>\nVarious colors available<br \/>\nKr\u0113sla augstums \u201390 cm<br \/>\nS\u0113des platums \u2013 47,5cm<br \/>\nKr\u0113sla garums \u2013 52 cm<br \/>\nSeat height \u2013 48 cm<\/p>\n<p>ID 650<\/p>","protected":false},"excerpt":{"rendered":"<p>Queen kr\u0113sls sme\u013cas iedvesmu no trad\u012bcij\u0101m, ievie\u0161ot m\u016bsdien\u012bgus elementus dizain\u0101, materi\u0101los un ra\u017eo\u0161anas tehnolo\u0123ij\u0101. Polikarbon\u0101ta kr\u0113sls.<\/p>","protected":false},"featured_media":10334,"template":"","meta":{"_acf_changed":false},"product_brand":[],"product_cat":[126,124,28,51,50],"product_tag":[125],"class_list":{"0":"post-10333","1":"product","2":"type-product","3":"status-publish","4":"has-post-thumbnail","6":"product_cat-apmekletaju-kresli","7":"product_cat-kresli-konfernecu","8":"product_cat-kresli","9":"product_cat-kresli-terases-mebeles","10":"product_cat-terases-mebeles","11":"product_tag-pedrali","13":"first","14":"instock","15":"shipping-taxable","16":"purchasable","17":"product-type-simple"},"acf":[],"_links":{"self":[{"href":"https:\/\/lightup.lv\/en\/wp-json\/wp\/v2\/product\/10333","targetHints":{"allow":["GET"]}}],"collection":[{"href":"https:\/\/lightup.lv\/en\/wp-json\/wp\/v2\/product"}],"about":[{"href":"https:\/\/lightup.lv\/en\/wp-json\/wp\/v2\/types\/product"}],"wp:featuredmedia":[{"embeddable":true,"href":"https:\/\/lightup.lv\/en\/wp-json\/wp\/v2\/media\/10334"}],"wp:attachment":[{"href":"https:\/\/lightup.lv\/en\/wp-json\/wp\/v2\/media?parent=10333"}],"wp:term":[{"taxonomy":"product_brand","embeddable":true,"href":"https:\/\/lightup.lv\/en\/wp-json\/wp\/v2\/product_brand?post=10333"},{"taxonomy":"product_cat","embeddable":true,"href":"https:\/\/lightup.lv\/en\/wp-json\/wp\/v2\/product_cat?post=10333"},{"taxonomy":"product_tag","embeddable":true,"href":"https:\/\/lightup.lv\/en\/wp-json\/wp\/v2\/product_tag?post=10333"}],"curies":[{"name":"wp","href":"https:\/\/api.w.org\/{rel}","templated":true}]}}