{"id":10366,"date":"2022-05-10T16:10:49","date_gmt":"2022-05-10T16:10:49","guid":{"rendered":"https:\/\/lightup.lv\/product\/kresls-remind-recycled-2\/"},"modified":"2024-01-30T14:03:58","modified_gmt":"2024-01-30T14:03:58","slug":"kresls-remind-recycled-2","status":"publish","type":"product","link":"https:\/\/lightup.lv\/en\/precu-katalogs\/kresls-remind-recycled-2\/","title":{"rendered":"Chair Remind recycled"},"content":{"rendered":"<p>Material \u2013 Polypropylene<br \/>\nKr\u0113sla augstums \u2013 81 cm<br \/>\nS\u0113des platums \u2013 57 cm<br \/>\nChair length \u2013 56 cm<br \/>\nSeat height \u2013 46 cm<\/p>\n<p>ID 3735R<\/p>","protected":false},"excerpt":{"rendered":"<p>Atzveltnes kr\u0113sls, kas izgatavots no injekcijas veid\u0101 veidota p\u0101rstr\u0101d\u0101ta polipropil\u0113na: 50% no plastmasas materi\u0101la p\u0113cpat\u0113ri\u0146a atkritumiem un 50% no plastmasas materi\u0101lu r\u016bpnieciskajiem atkritumiem. Caursp\u012bd\u012bgais s\u0113deklis un atzveltne veicina atzveltnes kr\u0113sla gais\u012bgo, vieglo izskatu, k\u0101 ar\u012b t\u0101 aptvero\u0161o komfortu. Perfor\u0113t\u0101 Remind &#8220;recycled grey&#8221; atzveltne var tikt dekor\u0113ta ar s\u012bkiem kr\u0101sainiem pikse\u013ciem, kas izgatavoti no polipropil\u0113na, t\u0101p\u0113c ikviens var k\u013c\u016bt par m\u0101kslinieku, radot bezgal\u012bgus rakstus.<\/p>","protected":false},"featured_media":10367,"template":"","meta":{"_acf_changed":false},"product_brand":[],"product_cat":[126,124,28,51,122,50],"product_tag":[125],"class_list":{"0":"post-10366","1":"product","2":"type-product","3":"status-publish","4":"has-post-thumbnail","6":"product_cat-apmekletaju-kresli","7":"product_cat-kresli-konfernecu","8":"product_cat-kresli","9":"product_cat-kresli-terases-mebeles","10":"product_cat-terases-bara-kresli","11":"product_cat-terases-mebeles","12":"product_tag-pedrali","14":"first","15":"instock","16":"shipping-taxable","17":"purchasable","18":"product-type-simple"},"acf":[],"_links":{"self":[{"href":"https:\/\/lightup.lv\/en\/wp-json\/wp\/v2\/product\/10366","targetHints":{"allow":["GET"]}}],"collection":[{"href":"https:\/\/lightup.lv\/en\/wp-json\/wp\/v2\/product"}],"about":[{"href":"https:\/\/lightup.lv\/en\/wp-json\/wp\/v2\/types\/product"}],"wp:featuredmedia":[{"embeddable":true,"href":"https:\/\/lightup.lv\/en\/wp-json\/wp\/v2\/media\/10367"}],"wp:attachment":[{"href":"https:\/\/lightup.lv\/en\/wp-json\/wp\/v2\/media?parent=10366"}],"wp:term":[{"taxonomy":"product_brand","embeddable":true,"href":"https:\/\/lightup.lv\/en\/wp-json\/wp\/v2\/product_brand?post=10366"},{"taxonomy":"product_cat","embeddable":true,"href":"https:\/\/lightup.lv\/en\/wp-json\/wp\/v2\/product_cat?post=10366"},{"taxonomy":"product_tag","embeddable":true,"href":"https:\/\/lightup.lv\/en\/wp-json\/wp\/v2\/product_tag?post=10366"}],"curies":[{"name":"wp","href":"https:\/\/api.w.org\/{rel}","templated":true}]}}