{"id":10442,"date":"2022-05-10T17:32:12","date_gmt":"2022-05-10T17:32:12","guid":{"rendered":"https:\/\/lightup.lv\/product\/kresls-tribeca-artelpam\/"},"modified":"2024-01-30T12:04:20","modified_gmt":"2024-01-30T12:04:20","slug":"kresls-tribeca-artelpam","status":"publish","type":"product","link":"https:\/\/lightup.lv\/en\/precu-katalogs\/kresls-tribeca-artelpam\/","title":{"rendered":"Tribeca outdoor chair"},"content":{"rendered":"<p>Material \u2013 PVC, Steel<br \/>\nVarious colors available<br \/>\nKr\u0113sla augstums \u201376,5 cm<br \/>\nS\u0113des platums \u2013 53,5 cm<br \/>\nChair length \u201354 cm<br \/>\nSeat height \u2013 46.5 cm<\/p>\n<p>ID 3660<\/p>","protected":false},"excerpt":{"rendered":"<p>Tribeca atgrie\u017e m\u016bs pag\u0101tn\u0113 ar m\u016bsdien\u012bgu klasisko se\u0161desmito gadu terases kr\u0113slu interpret\u0101ciju, kas izgatavoti no t\u0113rauda un austa materi\u0101la. Kr\u0113sls ar \u00d820mm caurules strukt\u016bru, kas p\u0101rkl\u0101ts ar pulverkr\u0101sojumu, lieto\u0161anai \u0101rpus telp\u0101m, atzveltne un s\u0113deklis no austa ekstrud\u0113ta PVC ar neilona serdi. \u012apa\u0161i izstr\u0101d\u0101ts lieto\u0161anai \u0101rpus telp\u0101m.<\/p>","protected":false},"featured_media":10443,"template":"","meta":{"_acf_changed":false},"product_brand":[],"product_cat":[126,28,38,51,50],"product_tag":[125],"class_list":{"0":"post-10442","1":"product","2":"type-product","3":"status-publish","4":"has-post-thumbnail","6":"product_cat-apmekletaju-kresli","7":"product_cat-kresli","8":"product_cat-kresli-pie-galda","9":"product_cat-kresli-terases-mebeles","10":"product_cat-terases-mebeles","11":"product_tag-pedrali","13":"first","14":"instock","15":"shipping-taxable","16":"purchasable","17":"product-type-simple"},"acf":[],"_links":{"self":[{"href":"https:\/\/lightup.lv\/en\/wp-json\/wp\/v2\/product\/10442","targetHints":{"allow":["GET"]}}],"collection":[{"href":"https:\/\/lightup.lv\/en\/wp-json\/wp\/v2\/product"}],"about":[{"href":"https:\/\/lightup.lv\/en\/wp-json\/wp\/v2\/types\/product"}],"wp:featuredmedia":[{"embeddable":true,"href":"https:\/\/lightup.lv\/en\/wp-json\/wp\/v2\/media\/10443"}],"wp:attachment":[{"href":"https:\/\/lightup.lv\/en\/wp-json\/wp\/v2\/media?parent=10442"}],"wp:term":[{"taxonomy":"product_brand","embeddable":true,"href":"https:\/\/lightup.lv\/en\/wp-json\/wp\/v2\/product_brand?post=10442"},{"taxonomy":"product_cat","embeddable":true,"href":"https:\/\/lightup.lv\/en\/wp-json\/wp\/v2\/product_cat?post=10442"},{"taxonomy":"product_tag","embeddable":true,"href":"https:\/\/lightup.lv\/en\/wp-json\/wp\/v2\/product_tag?post=10442"}],"curies":[{"name":"wp","href":"https:\/\/api.w.org\/{rel}","templated":true}]}}