{"id":10583,"date":"2022-05-10T18:48:11","date_gmt":"2022-05-10T18:48:11","guid":{"rendered":"https:\/\/lightup.lv\/product\/bara-kresls-volt\/"},"modified":"2024-01-30T11:53:16","modified_gmt":"2024-01-30T11:53:16","slug":"bara-kresls-volt","status":"publish","type":"product","link":"https:\/\/lightup.lv\/en\/product-catalog\/bara-kresls-volt\/","title":{"rendered":"Half bar stool Volt"},"content":{"rendered":"<p>Material \u2013 Polypropylene<br \/>\nVarious colors available<br \/>\nKr\u0113sla augstums \u2013 90 cm<br \/>\nSeat width \u2013 47 cm<br \/>\nKr\u0113sla garums \u2013 47,5 cm<br \/>\nS\u0113des augstums \u2013 66 cm<\/p>\n<p>ID 677<\/p>","protected":false},"excerpt":{"rendered":"<p>Volt kolekcija ir eleganta un omul\u012bga. Tam ir ergonomiska forma un jaukas proporcijas. Polipropil\u0113na b\u0101ra kr\u0113sls, pastiprin\u0101ts ar stikla \u0161\u0137iedr\u0101m.<\/p>","protected":false},"featured_media":10584,"template":"","meta":{"_acf_changed":false},"product_brand":[],"product_cat":[126,121,124,28,41,122,50],"product_tag":[125],"class_list":{"0":"post-10583","1":"product","2":"type-product","3":"status-publish","4":"has-post-thumbnail","6":"product_cat-apmekletaju-kresli","7":"product_cat-biroja-kresli","8":"product_cat-kresli-konfernecu","9":"product_cat-kresli","10":"product_cat-pusbara-kresli","11":"product_cat-terases-bara-kresli","12":"product_cat-terases-mebeles","13":"product_tag-pedrali","15":"first","16":"instock","17":"shipping-taxable","18":"purchasable","19":"product-type-simple"},"acf":[],"_links":{"self":[{"href":"https:\/\/lightup.lv\/en\/wp-json\/wp\/v2\/product\/10583","targetHints":{"allow":["GET"]}}],"collection":[{"href":"https:\/\/lightup.lv\/en\/wp-json\/wp\/v2\/product"}],"about":[{"href":"https:\/\/lightup.lv\/en\/wp-json\/wp\/v2\/types\/product"}],"wp:featuredmedia":[{"embeddable":true,"href":"https:\/\/lightup.lv\/en\/wp-json\/wp\/v2\/media\/10584"}],"wp:attachment":[{"href":"https:\/\/lightup.lv\/en\/wp-json\/wp\/v2\/media?parent=10583"}],"wp:term":[{"taxonomy":"product_brand","embeddable":true,"href":"https:\/\/lightup.lv\/en\/wp-json\/wp\/v2\/product_brand?post=10583"},{"taxonomy":"product_cat","embeddable":true,"href":"https:\/\/lightup.lv\/en\/wp-json\/wp\/v2\/product_cat?post=10583"},{"taxonomy":"product_tag","embeddable":true,"href":"https:\/\/lightup.lv\/en\/wp-json\/wp\/v2\/product_tag?post=10583"}],"curies":[{"name":"wp","href":"https:\/\/api.w.org\/{rel}","templated":true}]}}