{"id":107,"date":"2018-07-23T10:54:02","date_gmt":"2018-07-23T10:54:02","guid":{"rendered":"https:\/\/lightup.lv\/product\/chevron-akustiskie-sienas-paneli\/"},"modified":"2025-03-14T16:07:39","modified_gmt":"2025-03-14T14:07:39","slug":"chevron-akustiskie-sienas-paneli","status":"publish","type":"product","link":"https:\/\/lightup.lv\/en\/precu-katalogs\/chevron-akustiskie-sienas-paneli\/","title":{"rendered":"Chevron akustiskie sienas pane\u013ci"},"content":{"rendered":"<p><span style=\"font-family: georgia, palatino, serif;\">Dimensions:<\/span><\/p>\n<p><span style=\"font-family: georgia, palatino, serif;\">550 x 300 x 20\/50 mm<\/span><\/p>\n<p><span style=\"font-family: georgia, palatino, serif;\">Additional assembly glue is required.\u00a0<\/span><\/p>\n<p>ID Chevron<\/p>","protected":false},"excerpt":{"rendered":"<p>\u013boti moderns, drosm\u012bgs dizains ar p\u0101rsteidzo\u0161u 3D efektu. Ieteicams moderniem interjeriem, kur asas formas mijiedarbojas ar taisn\u0101m l\u012bnij\u0101m. Ide\u0101ls k\u0101 izkais\u012bts izk\u0101rtojums ar vienveid\u012bg\u0101m, pievilc\u012bg\u0101m form\u0101m, kas apvienojas m\u016bsdien\u012bg\u0101 dizain\u0101. Netradicion\u0101ls modelis ar lielu potenci\u0101lu, lai izp\u0113t\u012btu Fluffo kr\u0101su paletes iesp\u0113jas.<\/p>","protected":false},"featured_media":108,"template":"","meta":{"_acf_changed":false},"product_brand":[],"product_cat":[18,21],"product_tag":[20],"class_list":{"0":"post-107","1":"product","2":"type-product","3":"status-publish","4":"has-post-thumbnail","6":"product_cat-dizaina-skanas-izolacija","7":"product_cat-fluffo-soft-sienam","8":"product_tag-fluffo","10":"first","11":"instock","12":"shipping-taxable","13":"purchasable","14":"product-type-simple"},"acf":[],"_links":{"self":[{"href":"https:\/\/lightup.lv\/en\/wp-json\/wp\/v2\/product\/107","targetHints":{"allow":["GET"]}}],"collection":[{"href":"https:\/\/lightup.lv\/en\/wp-json\/wp\/v2\/product"}],"about":[{"href":"https:\/\/lightup.lv\/en\/wp-json\/wp\/v2\/types\/product"}],"wp:featuredmedia":[{"embeddable":true,"href":"https:\/\/lightup.lv\/en\/wp-json\/wp\/v2\/media\/108"}],"wp:attachment":[{"href":"https:\/\/lightup.lv\/en\/wp-json\/wp\/v2\/media?parent=107"}],"wp:term":[{"taxonomy":"product_brand","embeddable":true,"href":"https:\/\/lightup.lv\/en\/wp-json\/wp\/v2\/product_brand?post=107"},{"taxonomy":"product_cat","embeddable":true,"href":"https:\/\/lightup.lv\/en\/wp-json\/wp\/v2\/product_cat?post=107"},{"taxonomy":"product_tag","embeddable":true,"href":"https:\/\/lightup.lv\/en\/wp-json\/wp\/v2\/product_tag?post=107"}],"curies":[{"name":"wp","href":"https:\/\/api.w.org\/{rel}","templated":true}]}}