{"id":10774,"date":"2022-05-12T17:46:19","date_gmt":"2022-05-12T17:46:19","guid":{"rendered":"https:\/\/lightup.lv\/product\/mecanica-plus-tl-melna-led-lampa\/"},"modified":"2024-02-04T08:26:22","modified_gmt":"2024-02-04T08:26:22","slug":"mecanica-plus-tl-melna-led-lampa","status":"publish","type":"product","link":"https:\/\/lightup.lv\/en\/precu-katalogs\/mecanica-plus-tl-melna-led-lampa\/","title":{"rendered":"MECANICA PLUS TL melna LED lampa"},"content":{"rendered":"<p>7.9W, 2700-6500K, 610lm<\/p>\n<p>Dimmable \u2013 adjustable amount of light<\/p>\n<p>IP20 \u2013 mitrumiztur\u012bba<\/p>\n<p>Regul\u0113jama vertik\u0101li 310 gr\u0101dos, horizont\u0101li 330 gr\u0101dos<\/p>\n<p>Lampas stat\u012bva augstums \u2013 51.1 cm<\/p>\n<p>Lampas garums &#8211; 39.1 cm<\/p>\n<p>Pamatnes izm\u0113ri &#8211; 22&#215;14 cm<\/p>\n<p>Vada garums &#8211; 200 cm<\/p>\n<p> ID 1002404<\/p>","protected":false},"excerpt":{"rendered":"<p>passion, responsibility, respect and reliability. These are our core values. Words that are not just empty marketing words, but are filled with meaning and life. Our passion for light is as dynamic as light itself. Making lighting an experience \u2013 and therefore a moment to share \u2013 is our driving force. We want to be the solution to your vision of light. Over the past 40 years, SLV Lighting Group has perfected professional lighting solutions, selling them in more than 100 countries. Our brand\u2019s core values have not changed either, as we continue to explore more ways to delight our customers with the latest innovations and stylish improvements to their home, work and commercial environments.<\/p>","protected":false},"featured_media":10775,"template":"","meta":{"_acf_changed":false},"product_brand":[],"product_cat":[42,56],"product_tag":[127],"class_list":{"0":"post-10774","1":"product","2":"type-product","3":"status-publish","4":"has-post-thumbnail","6":"product_cat-apgaismojums","7":"product_cat-galda-lampas","8":"product_tag-slv","10":"first","11":"instock","12":"shipping-taxable","13":"purchasable","14":"product-type-simple"},"acf":[],"_links":{"self":[{"href":"https:\/\/lightup.lv\/en\/wp-json\/wp\/v2\/product\/10774","targetHints":{"allow":["GET"]}}],"collection":[{"href":"https:\/\/lightup.lv\/en\/wp-json\/wp\/v2\/product"}],"about":[{"href":"https:\/\/lightup.lv\/en\/wp-json\/wp\/v2\/types\/product"}],"wp:featuredmedia":[{"embeddable":true,"href":"https:\/\/lightup.lv\/en\/wp-json\/wp\/v2\/media\/10775"}],"wp:attachment":[{"href":"https:\/\/lightup.lv\/en\/wp-json\/wp\/v2\/media?parent=10774"}],"wp:term":[{"taxonomy":"product_brand","embeddable":true,"href":"https:\/\/lightup.lv\/en\/wp-json\/wp\/v2\/product_brand?post=10774"},{"taxonomy":"product_cat","embeddable":true,"href":"https:\/\/lightup.lv\/en\/wp-json\/wp\/v2\/product_cat?post=10774"},{"taxonomy":"product_tag","embeddable":true,"href":"https:\/\/lightup.lv\/en\/wp-json\/wp\/v2\/product_tag?post=10774"}],"curies":[{"name":"wp","href":"https:\/\/api.w.org\/{rel}","templated":true}]}}