{"id":12263,"date":"2022-05-15T09:46:14","date_gmt":"2022-05-15T09:46:14","guid":{"rendered":"https:\/\/lightup.lv\/product\/new-tria-68-i-cs-balta-led-iebuvejama-lampa-2\/"},"modified":"2024-02-04T08:26:32","modified_gmt":"2024-02-04T08:26:32","slug":"new-tria-68-i-cs-balta-led-iebuvejama-lampa-2","status":"publish","type":"product","link":"https:\/\/lightup.lv\/en\/product-catalog\/new-tria-68-i-cs-balta-led-iebuvejama-lampa-2\/","title":{"rendered":"NEW TRIA 68 I CS balta LED ieb\u016bv\u0113jama lampa"},"content":{"rendered":"<p><span data-sheets-value=\"{&quot;1&quot;:2,&quot;2&quot;:&quot;LED, 5.3 W, 2700 K, 300 lmn nn nIP klasifik\u0101cija - IP20nnn nKr\u0101sa - balta&quot;}\" data-sheets-userformat=\"{&quot;2&quot;:15233,&quot;3&quot;:{&quot;1&quot;:0},&quot;10&quot;:2,&quot;11&quot;:3,&quot;12&quot;:0,&quot;14&quot;:{&quot;1&quot;:2,&quot;2&quot;:0},&quot;15&quot;:&quot;Calibri, sans-serif&quot;,&quot;16&quot;:11}\">LED, 5.3 W, 2700 K, 300 lm<\/span><\/p>\n<p>Instal\u0101cijas dzi\u013cums &#8211; 3,5 cm<\/p>\n<p><span data-sheets-value=\"{&quot;1&quot;:2,&quot;2&quot;:&quot;LED, 5.3 W, 2700 K, 300 lmn nn nIP klasifik\u0101cija - IP20nnn nKr\u0101sa - balta&quot;}\" data-sheets-userformat=\"{&quot;2&quot;:15233,&quot;3&quot;:{&quot;1&quot;:0},&quot;10&quot;:2,&quot;11&quot;:3,&quot;12&quot;:0,&quot;14&quot;:{&quot;1&quot;:2,&quot;2&quot;:0},&quot;15&quot;:&quot;Calibri, sans-serif&quot;,&quot;16&quot;:11}\">Vertical tilt range 30 degrees<br \/>\nIP classification \u2013 IP20<br \/>\nColor \u2013 white<\/span><\/p>\n<p> ID 1003059<\/p>","protected":false},"excerpt":{"rendered":"<p><span data-sheets-value=\"{&quot;1&quot;:2,&quot;2&quot;:&quot;Kaisl\u012bba, atbild\u012bba, cie\u0146a un uzticam\u012bba. T\u0101s ir m\u016bsu pamatv\u0113rt\u012bbas. V\u0101rdi, kas nav tikai tuk\u0161i m\u0101rketinga v\u0101rdi, bet ir piepild\u012bti ar j\u0113gu un dz\u012bvi. M\u016bsu aizrau\u0161an\u0101s ar gaismu ir tikpat dinamiska k\u0101 pati gaisma. Apgaismojuma padar\u012b\u0161ana par pieredzi \u2014 un l\u012bdz ar to mirklis, ar kuru var dal\u012bties, ir m\u016bsu dzin\u0113jsp\u0113ks. M\u0113s v\u0113lamies b\u016bt risin\u0101jums j\u016bsu gaismas redz\u0113jumam. P\u0113d\u0113jo 40 gadu laik\u0101 SLV Lighting Group ir pilnveidojusi profesion\u0101lus apgaismojuma risin\u0101jumus, p\u0101rdodot tos vair\u0101k nek\u0101 100 valst\u012bs. Ar\u012b m\u016bsu z\u012bmola pamatv\u0113rt\u012bbas nav main\u012bju\u0161\u0101s, jo m\u0113s turpin\u0101m izp\u0113t\u012bt vair\u0101k veidu, k\u0101 iepriecin\u0101t savus klientus ar jaun\u0101kaj\u0101m inov\u0101cij\u0101m un stil\u012bgiem uzlabojumiem m\u0101jas, darba un komerci\u0101laj\u0101 vid\u0113.&quot;}\" data-sheets-userformat=\"{&quot;2&quot;:769,&quot;3&quot;:{&quot;1&quot;:0},&quot;11&quot;:3,&quot;12&quot;:0}\">Passion, responsibility, respect and reliability. These are our core values. Words that are not just empty marketing words, but are filled with meaning and life. Our passion for light is as dynamic as light itself. Making lighting an experience \u2013 and therefore a moment to share \u2013 is our driving force. We want to be the solution to your vision of light. Over the past 40 years, SLV Lighting Group has perfected professional lighting solutions, selling them in more than 100 countries. Our brand\u2019s core values have not changed either, as we continue to explore more ways to delight our customers with the latest innovations and stylish improvements to home, work and commercial environments.<\/span><\/p>","protected":false},"featured_media":12264,"template":"","meta":{"_acf_changed":false},"product_brand":[],"product_cat":[42,86],"product_tag":[127],"class_list":{"0":"post-12263","1":"product","2":"type-product","3":"status-publish","4":"has-post-thumbnail","6":"product_cat-apgaismojums","7":"product_cat-iebuvejamas-lampas","8":"product_tag-slv","10":"first","11":"instock","12":"shipping-taxable","13":"purchasable","14":"product-type-simple"},"acf":[],"_links":{"self":[{"href":"https:\/\/lightup.lv\/en\/wp-json\/wp\/v2\/product\/12263","targetHints":{"allow":["GET"]}}],"collection":[{"href":"https:\/\/lightup.lv\/en\/wp-json\/wp\/v2\/product"}],"about":[{"href":"https:\/\/lightup.lv\/en\/wp-json\/wp\/v2\/types\/product"}],"wp:featuredmedia":[{"embeddable":true,"href":"https:\/\/lightup.lv\/en\/wp-json\/wp\/v2\/media\/12264"}],"wp:attachment":[{"href":"https:\/\/lightup.lv\/en\/wp-json\/wp\/v2\/media?parent=12263"}],"wp:term":[{"taxonomy":"product_brand","embeddable":true,"href":"https:\/\/lightup.lv\/en\/wp-json\/wp\/v2\/product_brand?post=12263"},{"taxonomy":"product_cat","embeddable":true,"href":"https:\/\/lightup.lv\/en\/wp-json\/wp\/v2\/product_cat?post=12263"},{"taxonomy":"product_tag","embeddable":true,"href":"https:\/\/lightup.lv\/en\/wp-json\/wp\/v2\/product_tag?post=12263"}],"curies":[{"name":"wp","href":"https:\/\/api.w.org\/{rel}","templated":true}]}}