{"id":12484,"date":"2022-05-15T12:48:52","date_gmt":"2022-05-15T12:48:52","guid":{"rendered":"https:\/\/lightup.lv\/product\/plastra-balta-iebuvejama-lampa\/"},"modified":"2024-02-04T08:26:34","modified_gmt":"2024-02-04T08:26:34","slug":"plastra-balta-iebuvejama-lampa","status":"publish","type":"product","link":"https:\/\/lightup.lv\/en\/product-catalog\/plastra-balta-iebuvejama-lampa\/","title":{"rendered":"PLASTRA balta ieb\u016bv\u0113jama lampa"},"content":{"rendered":"<p>GU10 ligzda, max. 35 W, QPAR51<\/p>\n<p>Bulbs not included<\/p>\n<p>Instal\u0101cijas dzi\u013cums &#8211; 14 cm<\/p>\n<p>Kr\u0101sojama p\u0113c grunt\u0113\u0161anas<\/p>\n<p>IP classification \u2013 IP20<\/p>\n<p>Color \u2013 white<\/p>\n<p> ID 148071<\/p>","protected":false},"excerpt":{"rendered":"<p>Passion, responsibility, respect and reliability. These are our core values. Words that are not just empty marketing words, but are filled with meaning and life. Our passion for light is as dynamic as light itself. Making lighting an experience \u2013 and therefore a moment to share \u2013 is our driving force. We want to be the solution to your vision of light. Over the past 40 years, SLV Lighting Group has perfected professional lighting solutions, selling them in more than 100 countries. Our brand\u2019s core values have not changed either, as we continue to explore more ways to delight our customers with the latest innovations and stylish improvements to home, work and commercial environments.<\/p>","protected":false},"featured_media":12485,"template":"","meta":{"_acf_changed":false},"product_brand":[],"product_cat":[42,86],"product_tag":[127],"class_list":{"0":"post-12484","1":"product","2":"type-product","3":"status-publish","4":"has-post-thumbnail","6":"product_cat-apgaismojums","7":"product_cat-iebuvejamas-lampas","8":"product_tag-slv","10":"first","11":"instock","12":"shipping-taxable","13":"purchasable","14":"product-type-simple"},"acf":[],"_links":{"self":[{"href":"https:\/\/lightup.lv\/en\/wp-json\/wp\/v2\/product\/12484","targetHints":{"allow":["GET"]}}],"collection":[{"href":"https:\/\/lightup.lv\/en\/wp-json\/wp\/v2\/product"}],"about":[{"href":"https:\/\/lightup.lv\/en\/wp-json\/wp\/v2\/types\/product"}],"wp:featuredmedia":[{"embeddable":true,"href":"https:\/\/lightup.lv\/en\/wp-json\/wp\/v2\/media\/12485"}],"wp:attachment":[{"href":"https:\/\/lightup.lv\/en\/wp-json\/wp\/v2\/media?parent=12484"}],"wp:term":[{"taxonomy":"product_brand","embeddable":true,"href":"https:\/\/lightup.lv\/en\/wp-json\/wp\/v2\/product_brand?post=12484"},{"taxonomy":"product_cat","embeddable":true,"href":"https:\/\/lightup.lv\/en\/wp-json\/wp\/v2\/product_cat?post=12484"},{"taxonomy":"product_tag","embeddable":true,"href":"https:\/\/lightup.lv\/en\/wp-json\/wp\/v2\/product_tag?post=12484"}],"curies":[{"name":"wp","href":"https:\/\/api.w.org\/{rel}","templated":true}]}}