{"id":12685,"date":"2022-05-15T17:57:34","date_gmt":"2022-05-15T17:57:34","guid":{"rendered":"https:\/\/lightup.lv\/product\/puri-track-spot-balta-piekarama-lapma\/"},"modified":"2024-02-04T08:26:35","modified_gmt":"2024-02-04T08:26:35","slug":"puri-track-spot-balta-piekarama-lapma","status":"publish","type":"product","link":"https:\/\/lightup.lv\/en\/product-catalog\/puri-track-spot-balta-piekarama-lapma\/","title":{"rendered":"Track system lighting PURI TRACK SPOT"},"content":{"rendered":"<p>GU10 socket, 50 W, QPAR51<\/p>\n<p>Bulbs not included<\/p>\n<p>Vertik\u0101lais sl\u012bpuma diapazons 85 gr\u0101di, <span data-sheets-value=\"{&quot;1&quot;:2,&quot;2&quot;:&quot;GU10 ligzda, max. 50 W, QPAR51nnnnSpuldzes nav iek\u013cautasnnnnVertik\u0101lais sl\u012bpuma diapazons 90 gr\u0101di, horizont\u0101l\u0101 - 350 gr\u0101dinnnnIP klasifik\u0101cija - IP20nnnnKr\u0101sa - baltannnnLampas garums - 13 cmnnnnLampas augstums - 8 cmnnnnLampas diametrs - 6,2 cm&quot;}\" data-sheets-userformat=\"{&quot;2&quot;:15233,&quot;3&quot;:{&quot;1&quot;:0},&quot;10&quot;:2,&quot;11&quot;:3,&quot;12&quot;:0,&quot;14&quot;:{&quot;1&quot;:2,&quot;2&quot;:0},&quot;15&quot;:&quot;Calibri, sans-serif&quot;,&quot;16&quot;:11}\">horizontal <\/span>&#8211; 340 gr\u0101di<\/p>\n<p>IP classification \u2013 IP20<\/p>\n<p>Color \u2013 white<\/p>\n<p>Lampas garums &#8211; 10,8 cm<\/p>\n<p>Lampas augstums &#8211; 8,2 cm<\/p>\n<p>Lampas diametrs &#8211; 6,4 cm<\/p>\n<p> ID 1001869<\/p>","protected":false},"excerpt":{"rendered":"<p>Passion, responsibility, respect and reliability. These are our core values. Words that are not just empty marketing words, but are filled with meaning and life. Our passion for light is as dynamic as light itself. Making lighting an experience \u2013 and therefore a moment to share \u2013 is our driving force. We want to be the solution to your vision of light. Over the past 40 years, SLV Lighting Group has perfected professional lighting solutions, selling them in more than 100 countries. Our brand\u2019s core values have not changed either, as we continue to explore more ways to delight our customers with the latest innovations and stylish improvements to home, work and commercial environments.<\/p>","protected":false},"featured_media":12686,"template":"","meta":{"_acf_changed":false},"product_brand":[],"product_cat":[42,128],"product_tag":[127],"class_list":{"0":"post-12685","1":"product","2":"type-product","3":"status-publish","4":"has-post-thumbnail","6":"product_cat-apgaismojums","7":"product_cat-sliezu-sistemas-prozektori","8":"product_tag-slv","10":"first","11":"instock","12":"shipping-taxable","13":"purchasable","14":"product-type-simple"},"acf":[],"_links":{"self":[{"href":"https:\/\/lightup.lv\/en\/wp-json\/wp\/v2\/product\/12685","targetHints":{"allow":["GET"]}}],"collection":[{"href":"https:\/\/lightup.lv\/en\/wp-json\/wp\/v2\/product"}],"about":[{"href":"https:\/\/lightup.lv\/en\/wp-json\/wp\/v2\/types\/product"}],"wp:featuredmedia":[{"embeddable":true,"href":"https:\/\/lightup.lv\/en\/wp-json\/wp\/v2\/media\/12686"}],"wp:attachment":[{"href":"https:\/\/lightup.lv\/en\/wp-json\/wp\/v2\/media?parent=12685"}],"wp:term":[{"taxonomy":"product_brand","embeddable":true,"href":"https:\/\/lightup.lv\/en\/wp-json\/wp\/v2\/product_brand?post=12685"},{"taxonomy":"product_cat","embeddable":true,"href":"https:\/\/lightup.lv\/en\/wp-json\/wp\/v2\/product_cat?post=12685"},{"taxonomy":"product_tag","embeddable":true,"href":"https:\/\/lightup.lv\/en\/wp-json\/wp\/v2\/product_tag?post=12685"}],"curies":[{"name":"wp","href":"https:\/\/api.w.org\/{rel}","templated":true}]}}