{"id":12816,"date":"2022-05-15T17:58:34","date_gmt":"2022-05-15T17:58:34","guid":{"rendered":"https:\/\/lightup.lv\/product\/bima-2-peleka-piekarama-lampa\/"},"modified":"2024-02-04T08:26:36","modified_gmt":"2024-02-04T08:26:36","slug":"bima-2-peleka-piekarama-lampa","status":"publish","type":"product","link":"https:\/\/lightup.lv\/en\/product-catalog\/bima-2-peleka-piekarama-lampa\/","title":{"rendered":"Track system lighting BIMA 2"},"content":{"rendered":"<p>GU10 socket, max. 50 W, QPAR51<\/p>\n<p>Bulbs not included<\/p>\n<p>Vertical tilt range 200 degrees, <span data-sheets-value=\"{&quot;1&quot;:2,&quot;2&quot;:&quot;GU10 ligzda, max. 50 W, QPAR51nnnnSpuldzes nav iek\u013cautasnnnnVertik\u0101lais sl\u012bpuma diapazons 90 gr\u0101di, horizont\u0101l\u0101 - 350 gr\u0101dinnnnIP klasifik\u0101cija - IP20nnnnKr\u0101sa - baltannnnLampas garums - 13 cmnnnnLampas augstums - 8 cmnnnnLampas diametrs - 6,2 cm&quot;}\" data-sheets-userformat=\"{&quot;2&quot;:15233,&quot;3&quot;:{&quot;1&quot;:0},&quot;10&quot;:2,&quot;11&quot;:3,&quot;12&quot;:0,&quot;14&quot;:{&quot;1&quot;:2,&quot;2&quot;:0},&quot;15&quot;:&quot;Calibri, sans-serif&quot;,&quot;16&quot;:11}\">horizontal <\/span>\u2013 350 degrees<\/p>\n<p>IP classification \u2013 IP20<\/p>\n<p>Color \u2013 gray<\/p>\n<p>Lampas platums &#8211; 13 cm<\/p>\n<p>Lampas augstums &#8211; 14 cm<\/p>\n<p>Lampas dzi\u013cums &#8211; 8 cm<\/p>\n<p> ID 143432<\/p>","protected":false},"excerpt":{"rendered":"<p>Passion, responsibility, respect and reliability. These are our core values. Words that are not just empty marketing words, but are filled with meaning and life. Our passion for light is as dynamic as light itself. Making lighting an experience \u2013 and therefore a moment to share \u2013 is our driving force. We want to be the solution to your vision of light. Over the past 40 years, SLV Lighting Group has perfected professional lighting solutions, selling them in more than 100 countries. Our brand\u2019s core values have not changed either, as we continue to explore more ways to delight our customers with the latest innovations and stylish improvements to home, work and commercial environments.<\/p>","protected":false},"featured_media":12817,"template":"","meta":{"_acf_changed":false},"product_brand":[],"product_cat":[42,128],"product_tag":[127],"class_list":{"0":"post-12816","1":"product","2":"type-product","3":"status-publish","4":"has-post-thumbnail","6":"product_cat-apgaismojums","7":"product_cat-sliezu-sistemas-prozektori","8":"product_tag-slv","10":"first","11":"instock","12":"shipping-taxable","13":"purchasable","14":"product-type-simple"},"acf":[],"_links":{"self":[{"href":"https:\/\/lightup.lv\/en\/wp-json\/wp\/v2\/product\/12816","targetHints":{"allow":["GET"]}}],"collection":[{"href":"https:\/\/lightup.lv\/en\/wp-json\/wp\/v2\/product"}],"about":[{"href":"https:\/\/lightup.lv\/en\/wp-json\/wp\/v2\/types\/product"}],"wp:featuredmedia":[{"embeddable":true,"href":"https:\/\/lightup.lv\/en\/wp-json\/wp\/v2\/media\/12817"}],"wp:attachment":[{"href":"https:\/\/lightup.lv\/en\/wp-json\/wp\/v2\/media?parent=12816"}],"wp:term":[{"taxonomy":"product_brand","embeddable":true,"href":"https:\/\/lightup.lv\/en\/wp-json\/wp\/v2\/product_brand?post=12816"},{"taxonomy":"product_cat","embeddable":true,"href":"https:\/\/lightup.lv\/en\/wp-json\/wp\/v2\/product_cat?post=12816"},{"taxonomy":"product_tag","embeddable":true,"href":"https:\/\/lightup.lv\/en\/wp-json\/wp\/v2\/product_tag?post=12816"}],"curies":[{"name":"wp","href":"https:\/\/api.w.org\/{rel}","templated":true}]}}