{"id":13316,"date":"2022-05-16T19:02:26","date_gmt":"2022-05-16T19:02:26","guid":{"rendered":"https:\/\/lightup.lv\/product\/darza-lampa-theo-bracket-70-fl\/"},"modified":"2024-02-04T08:26:40","modified_gmt":"2024-02-04T08:26:40","slug":"darza-lampa-theo-bracket-70-fl","status":"publish","type":"product","link":"https:\/\/lightup.lv\/en\/product-catalog\/darza-lampa-theo-bracket-70-fl\/","title":{"rendered":"D\u0101rza lampa THEO BRACKET 70 FL"},"content":{"rendered":"<p>LED GU10 51mm, QPAR51, 7W<\/p>\n<p>Bulbs not included<\/p>\n<p>Color \u2013 dark gray<\/p>\n<p>Material \u2013 aluminum<\/p>\n<p>Vertik\u0101lais sl\u012bpuma diapazons &#8211; 70 gr\u0101di<\/p>\n<p>IP rating \u2013 IP65<\/p>\n<p>Lampas augstums &#8211; 70 cm<\/p>\n<p>Lampas pamatnes izm\u0113ri &#8211; 17,5&#215;12,4 cm<\/p>\n<p>Weight \u2013 1.7 kg<\/p>\n<p> ID 1004655<\/p>","protected":false},"excerpt":{"rendered":"<p>Passion, responsibility, respect and reliability. These are our core values. Words that are not just empty marketing words, but are filled with meaning and life. Our passion for light is as dynamic as light itself. Making lighting an experience \u2013 and therefore a moment to share \u2013 is our driving force. We want to be the solution to your vision of light. Over the past 40 years, SLV Lighting Group has perfected professional lighting solutions, selling them in more than 100 countries. Our brand\u2019s core values have not changed either, as we continue to explore more ways to delight our customers with the latest innovations and stylish improvements to home, work and commercial environments.<\/p>","protected":false},"featured_media":13317,"template":"","meta":{"_acf_changed":false},"product_brand":[],"product_cat":[42,129],"product_tag":[127],"class_list":{"0":"post-13316","1":"product","2":"type-product","3":"status-publish","4":"has-post-thumbnail","6":"product_cat-apgaismojums","7":"product_cat-darza-un-terases-apgaismojums","8":"product_tag-slv","10":"first","11":"instock","12":"shipping-taxable","13":"purchasable","14":"product-type-simple"},"acf":[],"_links":{"self":[{"href":"https:\/\/lightup.lv\/en\/wp-json\/wp\/v2\/product\/13316","targetHints":{"allow":["GET"]}}],"collection":[{"href":"https:\/\/lightup.lv\/en\/wp-json\/wp\/v2\/product"}],"about":[{"href":"https:\/\/lightup.lv\/en\/wp-json\/wp\/v2\/types\/product"}],"wp:featuredmedia":[{"embeddable":true,"href":"https:\/\/lightup.lv\/en\/wp-json\/wp\/v2\/media\/13317"}],"wp:attachment":[{"href":"https:\/\/lightup.lv\/en\/wp-json\/wp\/v2\/media?parent=13316"}],"wp:term":[{"taxonomy":"product_brand","embeddable":true,"href":"https:\/\/lightup.lv\/en\/wp-json\/wp\/v2\/product_brand?post=13316"},{"taxonomy":"product_cat","embeddable":true,"href":"https:\/\/lightup.lv\/en\/wp-json\/wp\/v2\/product_cat?post=13316"},{"taxonomy":"product_tag","embeddable":true,"href":"https:\/\/lightup.lv\/en\/wp-json\/wp\/v2\/product_tag?post=13316"}],"curies":[{"name":"wp","href":"https:\/\/api.w.org\/{rel}","templated":true}]}}