{"id":16796,"date":"2022-06-13T06:30:56","date_gmt":"2022-06-13T06:30:56","guid":{"rendered":"https:\/\/lightup.lv\/product\/retro-betona-ramis-balts-vacins-1-sledzis\/"},"modified":"2024-02-08T06:47:22","modified_gmt":"2024-02-08T06:47:22","slug":"retro-betona-ramis-balts-vacins-1-sledzis","status":"publish","type":"product","link":"https:\/\/lightup.lv\/en\/precu-katalogs\/retro-betona-ramis-balts-vacins-1-sledzis\/","title":{"rendered":"Retro betona r\u0101mis, 1 melns sl\u0113dzis, balts v\u0101ci\u0146\u0161"},"content":{"rendered":"<p>Lai \u013cautu sav\u0101s m\u0101j\u0101s ien\u0101kt betonam, ir vajadz\u012bga zin\u0101ma drosme. Materi\u0101ls, kas no pirm\u0101 acu skatiena var \u0161\u0137ist p\u0101r\u0101k garlaic\u012bgs un neapstr\u0101d\u0101ts. Ta\u010du, pateicoties lielisk\u0101m tehnolo\u0123ij\u0101m, kvalitat\u012bvam materi\u0101lam un lieliskajai formai, j\u016bs tiksiet apbalvots ar izcilu interjera risin\u0101juma elementu.<\/p>\n<p>If you have specific quantities, please feel free to contact us and we will prepare a detailed price quote for you depending on the selected collection, number of frames, volume and configuration. The price depends on the selected material and color.<\/p>","protected":false},"excerpt":{"rendered":"<p>A new range of RETRO switches and sockets introduces an original design inspired by the combination of 1930s rotary ceramic switches and the world-unique functional architecture of the city of Zl\u00edn, where OBZOR originated. That is why the RETRO line finds its place not only in old-fashioned interiors, but also in modern lofts, minimalist and industrial interiors.<\/p>","protected":false},"featured_media":16797,"template":"","meta":{"_acf_changed":false},"product_brand":[],"product_cat":[134,133],"product_tag":[135],"class_list":{"0":"post-16796","1":"product","2":"type-product","3":"status-publish","4":"has-post-thumbnail","6":"product_cat-retro","7":"product_cat-sledzi","8":"product_tag-obzor","10":"first","11":"instock","12":"shipping-taxable","13":"purchasable","14":"product-type-simple"},"acf":[],"_links":{"self":[{"href":"https:\/\/lightup.lv\/en\/wp-json\/wp\/v2\/product\/16796","targetHints":{"allow":["GET"]}}],"collection":[{"href":"https:\/\/lightup.lv\/en\/wp-json\/wp\/v2\/product"}],"about":[{"href":"https:\/\/lightup.lv\/en\/wp-json\/wp\/v2\/types\/product"}],"wp:featuredmedia":[{"embeddable":true,"href":"https:\/\/lightup.lv\/en\/wp-json\/wp\/v2\/media\/16797"}],"wp:attachment":[{"href":"https:\/\/lightup.lv\/en\/wp-json\/wp\/v2\/media?parent=16796"}],"wp:term":[{"taxonomy":"product_brand","embeddable":true,"href":"https:\/\/lightup.lv\/en\/wp-json\/wp\/v2\/product_brand?post=16796"},{"taxonomy":"product_cat","embeddable":true,"href":"https:\/\/lightup.lv\/en\/wp-json\/wp\/v2\/product_cat?post=16796"},{"taxonomy":"product_tag","embeddable":true,"href":"https:\/\/lightup.lv\/en\/wp-json\/wp\/v2\/product_tag?post=16796"}],"curies":[{"name":"wp","href":"https:\/\/api.w.org\/{rel}","templated":true}]}}