{"id":16837,"date":"2022-06-13T19:05:39","date_gmt":"2022-06-13T19:05:39","guid":{"rendered":"https:\/\/lightup.lv\/product\/retro-balts-stikla-ramis-1-patina-krasas-rotejoss-sledzis\/"},"modified":"2024-02-08T06:46:32","modified_gmt":"2024-02-08T06:46:32","slug":"retro-balts-stikla-ramis-1-patina-krasas-rotejoss-sledzis","status":"publish","type":"product","link":"https:\/\/lightup.lv\/en\/product-catalog\/retro-balts-stikla-ramis-1-patina-krasas-rotejoss-sledzis\/","title":{"rendered":"Retro balts stikla r\u0101mis, 1 patina kr\u0101sas rot\u0113jo\u0161s sl\u0113dzis"},"content":{"rendered":"<p>Dizains, kas nav \u0101ri\u0161\u0137\u012bgs vai sare\u017e\u0123\u012bts. Dizains, kas izce\u013c materi\u0101la skaistumu. \u012asts stikls. Sl\u0113d\u017ei no \u0161\u012bs kolekcijas izcels m\u016bsdien\u012bgi iek\u0101rtotus interjerus, k\u0101 ar\u012b modern\u0101s arhitekt\u016bras \u0161edevrus.<\/p>\n<p>If you have specific quantities, please feel free to contact us and we will prepare a detailed price quote for you depending on the selected collection, number of frames, volume and configuration. The price depends on the selected material and color.<\/p>","protected":false},"excerpt":{"rendered":"<p>A new range of RETRO switches and sockets introduces an original design inspired by the combination of 1930s rotary ceramic switches and the world-unique functional architecture of the city of Zl\u00edn, where OBZOR originated. That is why the RETRO line finds its place not only in old-fashioned interiors, but also in modern lofts, minimalist and industrial interiors.<\/p>","protected":false},"featured_media":16838,"template":"","meta":{"_acf_changed":false},"product_brand":[],"product_cat":[134,133],"product_tag":[135],"class_list":{"0":"post-16837","1":"product","2":"type-product","3":"status-publish","4":"has-post-thumbnail","6":"product_cat-retro","7":"product_cat-sledzi","8":"product_tag-obzor","10":"first","11":"instock","12":"shipping-taxable","13":"purchasable","14":"product-type-simple"},"acf":[],"_links":{"self":[{"href":"https:\/\/lightup.lv\/en\/wp-json\/wp\/v2\/product\/16837","targetHints":{"allow":["GET"]}}],"collection":[{"href":"https:\/\/lightup.lv\/en\/wp-json\/wp\/v2\/product"}],"about":[{"href":"https:\/\/lightup.lv\/en\/wp-json\/wp\/v2\/types\/product"}],"wp:featuredmedia":[{"embeddable":true,"href":"https:\/\/lightup.lv\/en\/wp-json\/wp\/v2\/media\/16838"}],"wp:attachment":[{"href":"https:\/\/lightup.lv\/en\/wp-json\/wp\/v2\/media?parent=16837"}],"wp:term":[{"taxonomy":"product_brand","embeddable":true,"href":"https:\/\/lightup.lv\/en\/wp-json\/wp\/v2\/product_brand?post=16837"},{"taxonomy":"product_cat","embeddable":true,"href":"https:\/\/lightup.lv\/en\/wp-json\/wp\/v2\/product_cat?post=16837"},{"taxonomy":"product_tag","embeddable":true,"href":"https:\/\/lightup.lv\/en\/wp-json\/wp\/v2\/product_tag?post=16837"}],"curies":[{"name":"wp","href":"https:\/\/api.w.org\/{rel}","templated":true}]}}