{"id":16874,"date":"2022-06-14T08:22:28","date_gmt":"2022-06-14T08:22:28","guid":{"rendered":"https:\/\/lightup.lv\/product\/retro-melns-keramikas-ramis-1-melns-sledzis-balts-vacins\/"},"modified":"2024-02-08T06:45:26","modified_gmt":"2024-02-08T06:45:26","slug":"retro-melns-keramikas-ramis-1-melns-sledzis-balts-vacins","status":"publish","type":"product","link":"https:\/\/lightup.lv\/en\/precu-katalogs\/retro-melns-keramikas-ramis-1-melns-sledzis-balts-vacins\/","title":{"rendered":"Retro melns keramikas r\u0101mis, 1 melns sl\u0113dzis, balts v\u0101ci\u0146\u0161"},"content":{"rendered":"<p>In this collection we combine white and black ceramic frames and caps. In the case of switches, you can choose from three different control types.<\/p>\n<p>If you have specific quantities, please feel free to contact us and we will prepare a detailed price quote for you depending on the selected collection, number of frames, volume and configuration. The price depends on the selected material and color.<\/p>","protected":false},"excerpt":{"rendered":"<p>A new range of RETRO switches and sockets introduces an original design inspired by the combination of 1930s rotary ceramic switches and the world-unique functional architecture of the city of Zl\u00edn, where OBZOR originated. That is why the RETRO line finds its place not only in old-fashioned interiors, but also in modern lofts, minimalist and industrial interiors.<\/p>","protected":false},"featured_media":16875,"template":"","meta":{"_acf_changed":false},"product_brand":[],"product_cat":[134,133],"product_tag":[135],"class_list":{"0":"post-16874","1":"product","2":"type-product","3":"status-publish","4":"has-post-thumbnail","6":"product_cat-retro","7":"product_cat-sledzi","8":"product_tag-obzor","10":"first","11":"instock","12":"shipping-taxable","13":"purchasable","14":"product-type-simple"},"acf":[],"_links":{"self":[{"href":"https:\/\/lightup.lv\/en\/wp-json\/wp\/v2\/product\/16874","targetHints":{"allow":["GET"]}}],"collection":[{"href":"https:\/\/lightup.lv\/en\/wp-json\/wp\/v2\/product"}],"about":[{"href":"https:\/\/lightup.lv\/en\/wp-json\/wp\/v2\/types\/product"}],"wp:featuredmedia":[{"embeddable":true,"href":"https:\/\/lightup.lv\/en\/wp-json\/wp\/v2\/media\/16875"}],"wp:attachment":[{"href":"https:\/\/lightup.lv\/en\/wp-json\/wp\/v2\/media?parent=16874"}],"wp:term":[{"taxonomy":"product_brand","embeddable":true,"href":"https:\/\/lightup.lv\/en\/wp-json\/wp\/v2\/product_brand?post=16874"},{"taxonomy":"product_cat","embeddable":true,"href":"https:\/\/lightup.lv\/en\/wp-json\/wp\/v2\/product_cat?post=16874"},{"taxonomy":"product_tag","embeddable":true,"href":"https:\/\/lightup.lv\/en\/wp-json\/wp\/v2\/product_tag?post=16874"}],"curies":[{"name":"wp","href":"https:\/\/api.w.org\/{rel}","templated":true}]}}