{"id":16959,"date":"2022-06-14T12:35:41","date_gmt":"2022-06-14T12:35:41","guid":{"rendered":"https:\/\/lightup.lv\/product\/retro-balts-keramikas-ramis-1-balts-sledzis\/"},"modified":"2024-02-08T06:41:21","modified_gmt":"2024-02-08T06:41:21","slug":"retro-balts-keramikas-ramis-1-balts-sledzis","status":"publish","type":"product","link":"https:\/\/lightup.lv\/en\/precu-katalogs\/retro-balts-keramikas-ramis-1-balts-sledzis\/","title":{"rendered":"Retro balts keramikas r\u0101mis, 1 balts sl\u0113dzis"},"content":{"rendered":"<p>Izk\u0101rtojums 1, 2, 6, 7, 1\/0 Pied\u0101v\u0101jam baltas un melnas kr\u0101sas kombin\u0101cijas r\u0101m\u012b\u0161iem, v\u0101ci\u0146iem un sl\u0113d\u017eiem.<\/p>\n<p>If you have specific quantities, please feel free to contact us and we will prepare a detailed price quote for you depending on the selected color, collection, number of frames, volume and configuration. The price depends on the selected material and color.<\/p>","protected":false},"excerpt":{"rendered":"<p>A new range of RETRO switches and sockets introduces an original design inspired by the combination of 1930s rotary ceramic switches and the world-unique functional architecture of the city of Zl\u00edn, where OBZOR originated. That is why the RETRO line finds its place not only in old-fashioned interiors, but also in modern lofts, minimalist and industrial interiors.<\/p>","protected":false},"featured_media":16960,"template":"","meta":{"_acf_changed":false},"product_brand":[],"product_cat":[134,133],"product_tag":[135],"class_list":{"0":"post-16959","1":"product","2":"type-product","3":"status-publish","4":"has-post-thumbnail","6":"product_cat-retro","7":"product_cat-sledzi","8":"product_tag-obzor","10":"first","11":"instock","12":"shipping-taxable","13":"purchasable","14":"product-type-simple"},"acf":[],"_links":{"self":[{"href":"https:\/\/lightup.lv\/en\/wp-json\/wp\/v2\/product\/16959","targetHints":{"allow":["GET"]}}],"collection":[{"href":"https:\/\/lightup.lv\/en\/wp-json\/wp\/v2\/product"}],"about":[{"href":"https:\/\/lightup.lv\/en\/wp-json\/wp\/v2\/types\/product"}],"wp:featuredmedia":[{"embeddable":true,"href":"https:\/\/lightup.lv\/en\/wp-json\/wp\/v2\/media\/16960"}],"wp:attachment":[{"href":"https:\/\/lightup.lv\/en\/wp-json\/wp\/v2\/media?parent=16959"}],"wp:term":[{"taxonomy":"product_brand","embeddable":true,"href":"https:\/\/lightup.lv\/en\/wp-json\/wp\/v2\/product_brand?post=16959"},{"taxonomy":"product_cat","embeddable":true,"href":"https:\/\/lightup.lv\/en\/wp-json\/wp\/v2\/product_cat?post=16959"},{"taxonomy":"product_tag","embeddable":true,"href":"https:\/\/lightup.lv\/en\/wp-json\/wp\/v2\/product_tag?post=16959"}],"curies":[{"name":"wp","href":"https:\/\/api.w.org\/{rel}","templated":true}]}}