{"id":17025,"date":"2022-06-14T12:35:48","date_gmt":"2022-06-14T12:35:48","guid":{"rendered":"https:\/\/lightup.lv\/product\/retro-balta-rozete-ar-keramikas-rami\/"},"modified":"2024-02-08T06:39:30","modified_gmt":"2024-02-08T06:39:30","slug":"retro-balta-rozete-ar-keramikas-rami","status":"publish","type":"product","link":"https:\/\/lightup.lv\/en\/precu-katalogs\/retro-balta-rozete-ar-keramikas-rami\/","title":{"rendered":"Retro balta rozete ar keramikas r\u0101mi"},"content":{"rendered":"<p>Pied\u0101v\u0101jam baltas un melnas kr\u0101sas kombin\u0101cijas r\u0101m\u012b\u0161iem.<\/p>\n<p>If you have specific quantities, please feel free to contact us and we will prepare a detailed price quote for you depending on the selected color, collection, number of frames, volume and configuration. The price depends on the selected material and color.<\/p>","protected":false},"excerpt":{"rendered":"<p>A new range of RETRO switches and sockets introduces an original design inspired by the combination of 1930s rotary ceramic switches and the world-unique functional architecture of the city of Zl\u00edn, where OBZOR originated. That is why the RETRO line finds its place not only in old-fashioned interiors, but also in modern lofts, minimalist and industrial interiors.<\/p>","protected":false},"featured_media":17026,"template":"","meta":{"_acf_changed":false},"product_brand":[],"product_cat":[134,133],"product_tag":[135],"class_list":{"0":"post-17025","1":"product","2":"type-product","3":"status-publish","4":"has-post-thumbnail","6":"product_cat-retro","7":"product_cat-sledzi","8":"product_tag-obzor","10":"first","11":"instock","12":"shipping-taxable","13":"purchasable","14":"product-type-simple"},"acf":[],"_links":{"self":[{"href":"https:\/\/lightup.lv\/en\/wp-json\/wp\/v2\/product\/17025","targetHints":{"allow":["GET"]}}],"collection":[{"href":"https:\/\/lightup.lv\/en\/wp-json\/wp\/v2\/product"}],"about":[{"href":"https:\/\/lightup.lv\/en\/wp-json\/wp\/v2\/types\/product"}],"wp:featuredmedia":[{"embeddable":true,"href":"https:\/\/lightup.lv\/en\/wp-json\/wp\/v2\/media\/17026"}],"wp:attachment":[{"href":"https:\/\/lightup.lv\/en\/wp-json\/wp\/v2\/media?parent=17025"}],"wp:term":[{"taxonomy":"product_brand","embeddable":true,"href":"https:\/\/lightup.lv\/en\/wp-json\/wp\/v2\/product_brand?post=17025"},{"taxonomy":"product_cat","embeddable":true,"href":"https:\/\/lightup.lv\/en\/wp-json\/wp\/v2\/product_cat?post=17025"},{"taxonomy":"product_tag","embeddable":true,"href":"https:\/\/lightup.lv\/en\/wp-json\/wp\/v2\/product_tag?post=17025"}],"curies":[{"name":"wp","href":"https:\/\/api.w.org\/{rel}","templated":true}]}}