{"id":17121,"date":"2022-06-14T19:13:00","date_gmt":"2022-06-14T19:13:00","guid":{"rendered":"https:\/\/lightup.lv\/product\/sledzis-decente-bronzas-krasas-stikla-ramis-ar-2-baltiem-taustiniem\/"},"modified":"2024-02-08T06:35:45","modified_gmt":"2024-02-08T06:35:45","slug":"sledzis-decente-bronzas-krasas-stikla-ramis-ar-2-baltiem-taustiniem","status":"publish","type":"product","link":"https:\/\/lightup.lv\/en\/product-catalog\/sledzis-decente-bronzas-krasas-stikla-ramis-ar-2-baltiem-taustiniem\/","title":{"rendered":"Sl\u0113dzis Decente bronzas kr\u0101sas stikla r\u0101mis ar 2 baltiem tausti\u0146iem"},"content":{"rendered":"<p>Izk\u0101rtojums 5, 1+1\/0, 1\/0+1\/0, 6+6. Pla\u0161as kr\u0101su izv\u0113les iesp\u0113jas r\u0101m\u012b\u0161iem un v\u0101ci\u0146iem.<\/p>\n<p>If you have specific quantities, please feel free to contact us and we will prepare a detailed price quote for you depending on the selected collection, number of frames, volume and configuration. The price depends on the selected material and color.<\/p>","protected":false},"excerpt":{"rendered":"<p>T\u012bras l\u012bnijas, m\u016b\u017e\u012bgs dizains kop\u0101 ar c\u0113liem dab\u012bgiem materi\u0101liem raksturo DECENTE s\u0113riju. Plati, grezna izskata stikla, koka, met\u0101la, betona vai organisk\u0101 stikla r\u0101mji lieliski piest\u0101v da\u017e\u0101diem m\u016bsdienu interjera stiliem. Minim\u0101la biezuma r\u0101mji nodro\u0161ina elegantu saj\u016btu. V\u0101ci\u0146i izgatavoti no augstas kvalit\u0101tes, UV iztur\u012bgas plastmasas.<\/p>","protected":false},"featured_media":17122,"template":"","meta":{"_acf_changed":false},"product_brand":[],"product_cat":[136,133],"product_tag":[135],"class_list":{"0":"post-17121","1":"product","2":"type-product","3":"status-publish","4":"has-post-thumbnail","6":"product_cat-decente","7":"product_cat-sledzi","8":"product_tag-obzor","10":"first","11":"instock","12":"shipping-taxable","13":"purchasable","14":"product-type-simple"},"acf":[],"_links":{"self":[{"href":"https:\/\/lightup.lv\/en\/wp-json\/wp\/v2\/product\/17121","targetHints":{"allow":["GET"]}}],"collection":[{"href":"https:\/\/lightup.lv\/en\/wp-json\/wp\/v2\/product"}],"about":[{"href":"https:\/\/lightup.lv\/en\/wp-json\/wp\/v2\/types\/product"}],"wp:featuredmedia":[{"embeddable":true,"href":"https:\/\/lightup.lv\/en\/wp-json\/wp\/v2\/media\/17122"}],"wp:attachment":[{"href":"https:\/\/lightup.lv\/en\/wp-json\/wp\/v2\/media?parent=17121"}],"wp:term":[{"taxonomy":"product_brand","embeddable":true,"href":"https:\/\/lightup.lv\/en\/wp-json\/wp\/v2\/product_brand?post=17121"},{"taxonomy":"product_cat","embeddable":true,"href":"https:\/\/lightup.lv\/en\/wp-json\/wp\/v2\/product_cat?post=17121"},{"taxonomy":"product_tag","embeddable":true,"href":"https:\/\/lightup.lv\/en\/wp-json\/wp\/v2\/product_tag?post=17121"}],"curies":[{"name":"wp","href":"https:\/\/api.w.org\/{rel}","templated":true}]}}