{"id":17296,"date":"2022-06-15T16:50:13","date_gmt":"2022-06-15T16:50:13","guid":{"rendered":"https:\/\/lightup.lv\/product\/vectis-balts-aluminija-sledzis-ar-1-baltu-taustinu\/"},"modified":"2024-08-26T15:16:30","modified_gmt":"2024-08-26T13:16:30","slug":"vectis-balts-aluminija-sledzis-ar-1-baltu-taustinu","status":"publish","type":"product","link":"https:\/\/lightup.lv\/en\/product-catalog\/vectis-balts-aluminija-sledzis-ar-1-baltu-taustinu\/","title":{"rendered":"Vectis balts alum\u012bnija sl\u0113dzis ar 1 baltu tausti\u0146u"},"content":{"rendered":"<p>If you have specific quantities, please feel free to contact us and we will prepare a detailed price quote for you depending on the selected collection, number of frames, volume and configuration. The price depends on the selected material and color.<\/p>","protected":false},"excerpt":{"rendered":"<p>Introducing the all-new VECTIS! A minimalist shape, made of solid aluminum in matte white or black.<br \/>\nToggle switches have been popular in the past and are now back - this time in a fresh and modern way! Installation has never been easier thanks to magnetic frames and puzzle-shaped metal frames that make it easy to put multiple frames together.<\/p>","protected":false},"featured_media":17297,"template":"","meta":{"_acf_changed":false},"product_brand":[],"product_cat":[133,137],"product_tag":[135],"class_list":{"0":"post-17296","1":"product","2":"type-product","3":"status-publish","4":"has-post-thumbnail","6":"product_cat-sledzi","7":"product_cat-vectis","8":"product_tag-obzor","10":"first","11":"instock","12":"shipping-taxable","13":"purchasable","14":"product-type-simple"},"acf":[],"_links":{"self":[{"href":"https:\/\/lightup.lv\/en\/wp-json\/wp\/v2\/product\/17296","targetHints":{"allow":["GET"]}}],"collection":[{"href":"https:\/\/lightup.lv\/en\/wp-json\/wp\/v2\/product"}],"about":[{"href":"https:\/\/lightup.lv\/en\/wp-json\/wp\/v2\/types\/product"}],"wp:featuredmedia":[{"embeddable":true,"href":"https:\/\/lightup.lv\/en\/wp-json\/wp\/v2\/media\/17297"}],"wp:attachment":[{"href":"https:\/\/lightup.lv\/en\/wp-json\/wp\/v2\/media?parent=17296"}],"wp:term":[{"taxonomy":"product_brand","embeddable":true,"href":"https:\/\/lightup.lv\/en\/wp-json\/wp\/v2\/product_brand?post=17296"},{"taxonomy":"product_cat","embeddable":true,"href":"https:\/\/lightup.lv\/en\/wp-json\/wp\/v2\/product_cat?post=17296"},{"taxonomy":"product_tag","embeddable":true,"href":"https:\/\/lightup.lv\/en\/wp-json\/wp\/v2\/product_tag?post=17296"}],"curies":[{"name":"wp","href":"https:\/\/api.w.org\/{rel}","templated":true}]}}