{"id":17445,"date":"2022-06-15T19:53:45","date_gmt":"2022-06-15T19:53:45","guid":{"rendered":"https:\/\/lightup.lv\/product\/elegant-peleka-plastmasas-dubulta-komunikaciju-rozete\/"},"modified":"2024-02-08T05:49:19","modified_gmt":"2024-02-08T05:49:19","slug":"elegant-peleka-plastmasas-dubulta-komunikaciju-rozete","status":"publish","type":"product","link":"https:\/\/lightup.lv\/en\/precu-katalogs\/elegant-peleka-plastmasas-dubulta-komunikaciju-rozete\/","title":{"rendered":"Elegant pel\u0113ka plastmasas dubult\u0101 komunik\u0101ciju rozete"},"content":{"rendered":"<p>(RJ 45 &#8211; 8 Cat. 5E)<br \/>\n(RJ 45 &#8211; 8 Cat. 6)<br \/>\n(RJ 45 Cat. 6 nosegta)<br \/>\n(RJ 45 Cat. 6A nosegta).<\/p>\n<p>A wide range of cap and frame color combinations are available.<\/p>\n<p>If you have specific quantities, please feel free to contact us and we will prepare a detailed price quote for you depending on the selected collection, color and frame configurations. The price depends on the selected material and color.<\/p>","protected":false},"excerpt":{"rendered":"<p>A classic, understated, elegant design with rounded lines and dozens of color options. Both the frame and the cover are made of high-quality plastic. Soft pastel shades will enhance the atmosphere of your interior, while bright shades will draw attention to the details - the switch itself. We also offer our best-selling metallic colors: aluminum, graphite, gold and titanium.<\/p>","protected":false},"featured_media":17446,"template":"","meta":{"_acf_changed":false},"product_brand":[],"product_cat":[138,133],"product_tag":[135],"class_list":{"0":"post-17445","1":"product","2":"type-product","3":"status-publish","4":"has-post-thumbnail","6":"product_cat-elegant","7":"product_cat-sledzi","8":"product_tag-obzor","10":"first","11":"instock","12":"shipping-taxable","13":"purchasable","14":"product-type-simple"},"acf":[],"_links":{"self":[{"href":"https:\/\/lightup.lv\/en\/wp-json\/wp\/v2\/product\/17445","targetHints":{"allow":["GET"]}}],"collection":[{"href":"https:\/\/lightup.lv\/en\/wp-json\/wp\/v2\/product"}],"about":[{"href":"https:\/\/lightup.lv\/en\/wp-json\/wp\/v2\/types\/product"}],"wp:featuredmedia":[{"embeddable":true,"href":"https:\/\/lightup.lv\/en\/wp-json\/wp\/v2\/media\/17446"}],"wp:attachment":[{"href":"https:\/\/lightup.lv\/en\/wp-json\/wp\/v2\/media?parent=17445"}],"wp:term":[{"taxonomy":"product_brand","embeddable":true,"href":"https:\/\/lightup.lv\/en\/wp-json\/wp\/v2\/product_brand?post=17445"},{"taxonomy":"product_cat","embeddable":true,"href":"https:\/\/lightup.lv\/en\/wp-json\/wp\/v2\/product_cat?post=17445"},{"taxonomy":"product_tag","embeddable":true,"href":"https:\/\/lightup.lv\/en\/wp-json\/wp\/v2\/product_tag?post=17445"}],"curies":[{"name":"wp","href":"https:\/\/api.w.org\/{rel}","templated":true}]}}