{"id":17773,"date":"2022-06-19T14:46:35","date_gmt":"2022-06-19T14:46:35","guid":{"rendered":"https:\/\/lightup.lv\/product\/crane-stavlampa-melna-un-ozola-krasa-e27-1-x-max-60w\/"},"modified":"2024-01-15T16:12:09","modified_gmt":"2024-01-15T16:12:09","slug":"crane-stavlampa-melna-un-ozola-krasa-e27-1-x-max-60w","status":"publish","type":"product","link":"https:\/\/lightup.lv\/en\/product-catalog\/crane-stavlampa-melna-un-ozola-krasa-e27-1-x-max-60w\/","title":{"rendered":"Crane st\u0101vlampa meln\u0101 un ozola kr\u0101s\u0101 E27, 1 x Max 60W"},"content":{"rendered":"<p>E27,1 x MAX 60W<br \/>\nIP: IP20<br \/>\nIzm\u0113ri: \u00d8:420, A:2000, G:1650<br \/>\nVoltage: 220-240VAC<br \/>\nKr\u0101sa: Melna, Ozola<br \/>\nMateri\u0101ls: T\u0113rauds, Auduma aba\u017e\u016brs, Koks<\/p>\n<p>ID 4204100<\/p>","protected":false},"excerpt":{"rendered":"<p>Viokef offers a wide selection of lighting fixtures \u2013 modern and classic \u2013 that perfectly complement interior design. LightUp is a direct distributor of the Viokef brand, which is why we can provide such attractive prices. We pay special attention to quality. We take care of and control the products from the moment they are ordered at the factory to their transportation to the warehouse. Then we carefully pack them and send them to the customer.<\/p>","protected":false},"featured_media":17774,"template":"","meta":{"_acf_changed":false},"product_brand":[],"product_cat":[42,61],"product_tag":[105],"class_list":{"0":"post-17773","1":"product","2":"type-product","3":"status-publish","4":"has-post-thumbnail","6":"product_cat-apgaismojums","7":"product_cat-stavlampas","8":"product_tag-viokef","10":"first","11":"instock","12":"shipping-taxable","13":"purchasable","14":"product-type-simple"},"acf":[],"_links":{"self":[{"href":"https:\/\/lightup.lv\/en\/wp-json\/wp\/v2\/product\/17773","targetHints":{"allow":["GET"]}}],"collection":[{"href":"https:\/\/lightup.lv\/en\/wp-json\/wp\/v2\/product"}],"about":[{"href":"https:\/\/lightup.lv\/en\/wp-json\/wp\/v2\/types\/product"}],"wp:featuredmedia":[{"embeddable":true,"href":"https:\/\/lightup.lv\/en\/wp-json\/wp\/v2\/media\/17774"}],"wp:attachment":[{"href":"https:\/\/lightup.lv\/en\/wp-json\/wp\/v2\/media?parent=17773"}],"wp:term":[{"taxonomy":"product_brand","embeddable":true,"href":"https:\/\/lightup.lv\/en\/wp-json\/wp\/v2\/product_brand?post=17773"},{"taxonomy":"product_cat","embeddable":true,"href":"https:\/\/lightup.lv\/en\/wp-json\/wp\/v2\/product_cat?post=17773"},{"taxonomy":"product_tag","embeddable":true,"href":"https:\/\/lightup.lv\/en\/wp-json\/wp\/v2\/product_tag?post=17773"}],"curies":[{"name":"wp","href":"https:\/\/api.w.org\/{rel}","templated":true}]}}