{"id":1808,"date":"2020-02-12T15:23:34","date_gmt":"2020-02-12T15:23:34","guid":{"rendered":"https:\/\/lightup.lv\/product\/one-prozektors-zelta-krasa\/"},"modified":"2024-02-04T06:20:16","modified_gmt":"2024-02-04T06:20:16","slug":"one-prozektors-zelta-krasa","status":"publish","type":"product","link":"https:\/\/lightup.lv\/en\/product-catalog\/one-prozektors-zelta-krasa\/","title":{"rendered":"Trend iekarin\u0101ma lustra zelta kr\u0101s\u0101"},"content":{"rendered":"<p>8x 40W E14 230V<br \/>\nD:45cm<br \/>\nH:max &#8211; 150cm<br \/>\nMateri\u0101ls &#8211; stikls, met\u0101ls<br \/>\nKr\u0101sa &#8211; Zelta<br \/>\nBulbs are not included.<\/p>\n<p>ID P0368<\/p>","protected":false},"excerpt":{"rendered":"<p>Trend gaismeklis ir lielisks risin\u0101jums interjeriem, kuriem nepiecie\u0161ams zelta sp\u012bdums, mirdzo\u0161 krist\u0101ls, labs dizains un daudz siltas gaismas. Vertik\u0101las krist\u0101la l\u0101stakas. \u0160is gaismeklis lieliski ieder\u0113sies komerctelp\u0101s, kur nepiecie\u0161ama nep\u0101rsp\u012bl\u0113ta elegance.<\/p>","protected":false},"featured_media":1809,"template":"","meta":{"_acf_changed":false},"product_brand":[],"product_cat":[42,43],"product_tag":[44],"class_list":{"0":"post-1808","1":"product","2":"type-product","3":"status-publish","4":"has-post-thumbnail","6":"product_cat-apgaismojums","7":"product_cat-piekaramas-lampas","8":"product_tag-maxlight","10":"first","11":"instock","12":"shipping-taxable","13":"purchasable","14":"product-type-simple"},"acf":[],"_links":{"self":[{"href":"https:\/\/lightup.lv\/en\/wp-json\/wp\/v2\/product\/1808","targetHints":{"allow":["GET"]}}],"collection":[{"href":"https:\/\/lightup.lv\/en\/wp-json\/wp\/v2\/product"}],"about":[{"href":"https:\/\/lightup.lv\/en\/wp-json\/wp\/v2\/types\/product"}],"wp:featuredmedia":[{"embeddable":true,"href":"https:\/\/lightup.lv\/en\/wp-json\/wp\/v2\/media\/1809"}],"wp:attachment":[{"href":"https:\/\/lightup.lv\/en\/wp-json\/wp\/v2\/media?parent=1808"}],"wp:term":[{"taxonomy":"product_brand","embeddable":true,"href":"https:\/\/lightup.lv\/en\/wp-json\/wp\/v2\/product_brand?post=1808"},{"taxonomy":"product_cat","embeddable":true,"href":"https:\/\/lightup.lv\/en\/wp-json\/wp\/v2\/product_cat?post=1808"},{"taxonomy":"product_tag","embeddable":true,"href":"https:\/\/lightup.lv\/en\/wp-json\/wp\/v2\/product_tag?post=1808"}],"curies":[{"name":"wp","href":"https:\/\/api.w.org\/{rel}","templated":true}]}}