{"id":184,"date":"2018-08-20T00:23:42","date_gmt":"2018-08-20T00:23:42","guid":{"rendered":"https:\/\/lightup.lv\/product\/hokeru\/"},"modified":"2024-01-15T11:26:21","modified_gmt":"2024-01-15T11:26:21","slug":"hokeru","status":"publish","type":"product","link":"https:\/\/lightup.lv\/en\/product-catalog\/hokeru\/","title":{"rendered":"Hokeru"},"content":{"rendered":"<p>Dizaina dekorat\u012bvie b\u0101ra kr\u0113sli Hokeru<\/p>\n<p>Izm\u0113rs: 89X35<\/p>\n<p>Materi\u0101ls un kr\u0101sa: Melns + Sarkankoks<\/p>\n<p>Pied\u0101v\u0101jam da\u017e\u0101dus dizaina produktus no Ra\u017eot\u0101ja Signal. Pre\u010du sortiment\u0101 ietilpst &#8211; auduma kr\u0113sli, koka kr\u0113sli, met\u0101la kr\u0113sli, b\u0101ra kr\u0113sli, biroja kr\u0113sli, atp\u016btaskr\u0113sli , d\u012bv\u0101ni, gultas, skapji, plaukti, kumodes, \u017eurn\u0101lu un kafijas galdi\u0146i, pakaramie k\u0101 ar\u012b da\u017e\u0101di aksesu\u0101ri, kas padar\u012bs m\u0101jokli kr\u0101\u0161\u0146\u0101ku un praktisk\u0101ku.<\/p>\n<p>ID DROPCOG<\/p>","protected":false},"excerpt":{"rendered":"<p>Dizaina dekorat\u012bvie b\u0101ra kr\u0113sli Hokeru Kr\u0101sa: Melns + Sarkankoks Izm\u0113ri: 89X35<\/p>","protected":false},"featured_media":185,"template":"","meta":{"_acf_changed":false},"product_brand":[],"product_cat":[29,28],"product_tag":[],"class_list":{"0":"post-184","1":"product","2":"type-product","3":"status-publish","4":"has-post-thumbnail","6":"product_cat-bara-kresli","7":"product_cat-kresli","9":"first","10":"instock","11":"purchasable","12":"product-type-simple"},"acf":[],"_links":{"self":[{"href":"https:\/\/lightup.lv\/en\/wp-json\/wp\/v2\/product\/184","targetHints":{"allow":["GET"]}}],"collection":[{"href":"https:\/\/lightup.lv\/en\/wp-json\/wp\/v2\/product"}],"about":[{"href":"https:\/\/lightup.lv\/en\/wp-json\/wp\/v2\/types\/product"}],"wp:featuredmedia":[{"embeddable":true,"href":"https:\/\/lightup.lv\/en\/wp-json\/wp\/v2\/media\/185"}],"wp:attachment":[{"href":"https:\/\/lightup.lv\/en\/wp-json\/wp\/v2\/media?parent=184"}],"wp:term":[{"taxonomy":"product_brand","embeddable":true,"href":"https:\/\/lightup.lv\/en\/wp-json\/wp\/v2\/product_brand?post=184"},{"taxonomy":"product_cat","embeddable":true,"href":"https:\/\/lightup.lv\/en\/wp-json\/wp\/v2\/product_cat?post=184"},{"taxonomy":"product_tag","embeddable":true,"href":"https:\/\/lightup.lv\/en\/wp-json\/wp\/v2\/product_tag?post=184"}],"curies":[{"name":"wp","href":"https:\/\/api.w.org\/{rel}","templated":true}]}}