{"id":1843,"date":"2020-02-20T11:02:49","date_gmt":"2020-02-20T11:02:49","guid":{"rendered":"https:\/\/lightup.lv\/product\/trend-zelta-sienas-lampa\/"},"modified":"2024-02-04T06:19:15","modified_gmt":"2024-02-04T06:19:15","slug":"trend-zelta-sienas-lampa","status":"publish","type":"product","link":"https:\/\/lightup.lv\/en\/product-catalog\/trend-zelta-sienas-lampa\/","title":{"rendered":"Trend zelta sienas lampa"},"content":{"rendered":"<p>3 x 40W G9 230V<\/p>\n<p>W: 26 cm, H: 20 cm<\/p>\n<p>Color: Gold<\/p>\n<p>Materi\u0101ls: Stikls, met\u0101ls<\/p>\n<p>Bulbs are not included.<\/p>\n<p>ID W0251<\/p>","protected":false},"excerpt":{"rendered":"<p>Trend gaismeklis ir lielisks risin\u0101jums interjeriem, kuriem nepiecie\u0161ams zelta sp\u012bdums, krist\u0101la mirgo\u0161ana, labs dizains un daudz siltas gaismas. Krist\u0101la l\u0101stekas vertik\u0101li kar\u0101jas kompaktajos, koncentriski izk\u0101rtotajos ap\u013cos. Tas lieliski der\u0113s komerctelp\u0101m, kur\u0101s nepiecie\u0161ama elegance, kas nep\u0101rsp\u012bl\u0113.<\/p>","protected":false},"featured_media":1844,"template":"","meta":{"_acf_changed":false},"product_brand":[],"product_cat":[42,49],"product_tag":[44],"class_list":{"0":"post-1843","1":"product","2":"type-product","3":"status-publish","4":"has-post-thumbnail","6":"product_cat-apgaismojums","7":"product_cat-sienas-lampas","8":"product_tag-maxlight","10":"first","11":"instock","12":"shipping-taxable","13":"purchasable","14":"product-type-simple"},"acf":[],"_links":{"self":[{"href":"https:\/\/lightup.lv\/en\/wp-json\/wp\/v2\/product\/1843","targetHints":{"allow":["GET"]}}],"collection":[{"href":"https:\/\/lightup.lv\/en\/wp-json\/wp\/v2\/product"}],"about":[{"href":"https:\/\/lightup.lv\/en\/wp-json\/wp\/v2\/types\/product"}],"wp:featuredmedia":[{"embeddable":true,"href":"https:\/\/lightup.lv\/en\/wp-json\/wp\/v2\/media\/1844"}],"wp:attachment":[{"href":"https:\/\/lightup.lv\/en\/wp-json\/wp\/v2\/media?parent=1843"}],"wp:term":[{"taxonomy":"product_brand","embeddable":true,"href":"https:\/\/lightup.lv\/en\/wp-json\/wp\/v2\/product_brand?post=1843"},{"taxonomy":"product_cat","embeddable":true,"href":"https:\/\/lightup.lv\/en\/wp-json\/wp\/v2\/product_cat?post=1843"},{"taxonomy":"product_tag","embeddable":true,"href":"https:\/\/lightup.lv\/en\/wp-json\/wp\/v2\/product_tag?post=1843"}],"curies":[{"name":"wp","href":"https:\/\/api.w.org\/{rel}","templated":true}]}}