{"id":1871,"date":"2020-02-27T07:05:34","date_gmt":"2020-02-27T07:05:34","guid":{"rendered":"https:\/\/lightup.lv\/product\/passion-zelta-sienas-lampa\/"},"modified":"2024-02-04T06:16:26","modified_gmt":"2024-02-04T06:16:26","slug":"passion-zelta-sienas-lampa","status":"publish","type":"product","link":"https:\/\/lightup.lv\/en\/product-catalog\/passion-zelta-sienas-lampa\/","title":{"rendered":"Passion zelta sienas lampa"},"content":{"rendered":"<p>3 x 40W G9 230V<\/p>\n<p>W: 24,5 cm, H: 18 cm<\/p>\n<p>Color: Gold<\/p>\n<p>Materi\u0101ls: Stikls, met\u0101ls<\/p>\n<p>Bulbs are not included.<\/p>\n<p>ID W0250<\/p>","protected":false},"excerpt":{"rendered":"<p>Passion gaismeklis ir iespaid\u012bgs sienas lukturis ar ori\u0123in\u0101lu, izsmalcin\u0101tu formu. Luktura r\u0101mis, kas izgatavots no maziem, cilindriskiem elementiem, ir pusloka forma. R\u0101mja interjers ir piepild\u012bts ar stikla fl\u012bz\u0113m ar skaistu griezumu, kas apburo\u0161i dzirkst\u012b ar zelta atstarojumiem. Lampa nodro\u0161ina lielu daudzumu gaismas, kas ir pat\u012bkama ac\u012bm, pateicoties t\u0101s refrakcijai. Kaisl\u012bba ir lieliski piem\u0113rota pla\u0161iem interjeriem, kur nepiecie\u0161ams labs apgaismojums, un taj\u0101 pa\u0161\u0101 laik\u0101 katram dekoru elementam j\u0101b\u016bt stil\u012bgam un skaistam. T\u0101tad tas ir ide\u0101ls papildin\u0101jums viesn\u012bcu vestibiliem, izsmalcin\u0101tiem restor\u0101niem, hall\u0113m un hall\u0113m kult\u016bras un reprezent\u0101cijas telp\u0101s. Izk\u0101rtojumu var papildin\u0101t ar atbilsto\u0161u lustru.<\/p>","protected":false},"featured_media":1872,"template":"","meta":{"_acf_changed":false},"product_brand":[],"product_cat":[42,49],"product_tag":[44],"class_list":{"0":"post-1871","1":"product","2":"type-product","3":"status-publish","4":"has-post-thumbnail","6":"product_cat-apgaismojums","7":"product_cat-sienas-lampas","8":"product_tag-maxlight","10":"first","11":"instock","12":"shipping-taxable","13":"purchasable","14":"product-type-simple"},"acf":[],"_links":{"self":[{"href":"https:\/\/lightup.lv\/en\/wp-json\/wp\/v2\/product\/1871","targetHints":{"allow":["GET"]}}],"collection":[{"href":"https:\/\/lightup.lv\/en\/wp-json\/wp\/v2\/product"}],"about":[{"href":"https:\/\/lightup.lv\/en\/wp-json\/wp\/v2\/types\/product"}],"wp:featuredmedia":[{"embeddable":true,"href":"https:\/\/lightup.lv\/en\/wp-json\/wp\/v2\/media\/1872"}],"wp:attachment":[{"href":"https:\/\/lightup.lv\/en\/wp-json\/wp\/v2\/media?parent=1871"}],"wp:term":[{"taxonomy":"product_brand","embeddable":true,"href":"https:\/\/lightup.lv\/en\/wp-json\/wp\/v2\/product_brand?post=1871"},{"taxonomy":"product_cat","embeddable":true,"href":"https:\/\/lightup.lv\/en\/wp-json\/wp\/v2\/product_cat?post=1871"},{"taxonomy":"product_tag","embeddable":true,"href":"https:\/\/lightup.lv\/en\/wp-json\/wp\/v2\/product_tag?post=1871"}],"curies":[{"name":"wp","href":"https:\/\/api.w.org\/{rel}","templated":true}]}}