{"id":2016,"date":"2020-03-16T14:45:54","date_gmt":"2020-03-16T14:45:54","guid":{"rendered":"https:\/\/lightup.lv\/product\/black-sienas-lampa\/"},"modified":"2024-02-04T06:10:40","modified_gmt":"2024-02-04T06:10:40","slug":"black-sienas-lampa","status":"publish","type":"product","link":"https:\/\/lightup.lv\/en\/product-catalog\/black-sienas-lampa\/","title":{"rendered":"BLACK sienas lampa"},"content":{"rendered":"<p>1 x 60W E27 230V<\/p>\n<p>W: 12 cm<\/p>\n<p>H: 17 cm<\/p>\n<p>D: 32 cm<\/p>\n<p>Kr\u0101sa: Melns<\/p>\n<p>Material: Metal<\/p>\n<p>Bulbs are not included.<\/p>\n<p>ID W0188<\/p>","protected":false},"excerpt":{"rendered":"<p>Galven\u0101 v\u0113rt\u012bba, kas vada BLACK lampu saimes dizainu, ir vienk\u0101r\u0161\u012bba un funkcionalit\u0101te. Vi\u0146u \u0123eometriskais dizains attiecas uz lab\u0101kajiem postindustri\u0101lajiem mode\u013ciem. \u0122imene ietver galda lampu un sienas lampu. To izmanto\u0161ana var b\u016bt pla\u0161a, s\u0101kot ar s\u0101nu apgaismojumu, dekorativa apgaismojumu un beidzot ar vietas apgaismo\u0161anu, lai las\u012btu vai str\u0101d\u0101tu pie rakst\u0101mgalda.<\/p>","protected":false},"featured_media":2017,"template":"","meta":{"_acf_changed":false},"product_brand":[],"product_cat":[42,49],"product_tag":[44],"class_list":{"0":"post-2016","1":"product","2":"type-product","3":"status-publish","4":"has-post-thumbnail","6":"product_cat-apgaismojums","7":"product_cat-sienas-lampas","8":"product_tag-maxlight","10":"first","11":"instock","12":"shipping-taxable","13":"purchasable","14":"product-type-simple"},"acf":[],"_links":{"self":[{"href":"https:\/\/lightup.lv\/en\/wp-json\/wp\/v2\/product\/2016","targetHints":{"allow":["GET"]}}],"collection":[{"href":"https:\/\/lightup.lv\/en\/wp-json\/wp\/v2\/product"}],"about":[{"href":"https:\/\/lightup.lv\/en\/wp-json\/wp\/v2\/types\/product"}],"wp:featuredmedia":[{"embeddable":true,"href":"https:\/\/lightup.lv\/en\/wp-json\/wp\/v2\/media\/2017"}],"wp:attachment":[{"href":"https:\/\/lightup.lv\/en\/wp-json\/wp\/v2\/media?parent=2016"}],"wp:term":[{"taxonomy":"product_brand","embeddable":true,"href":"https:\/\/lightup.lv\/en\/wp-json\/wp\/v2\/product_brand?post=2016"},{"taxonomy":"product_cat","embeddable":true,"href":"https:\/\/lightup.lv\/en\/wp-json\/wp\/v2\/product_cat?post=2016"},{"taxonomy":"product_tag","embeddable":true,"href":"https:\/\/lightup.lv\/en\/wp-json\/wp\/v2\/product_tag?post=2016"}],"curies":[{"name":"wp","href":"https:\/\/api.w.org\/{rel}","templated":true}]}}