{"id":2136,"date":"2020-03-21T14:30:48","date_gmt":"2020-03-21T14:30:48","guid":{"rendered":"https:\/\/lightup.lv\/product\/delia-aluminija-kresls-ar-roku-balstiem-4\/"},"modified":"2024-01-29T12:32:04","modified_gmt":"2024-01-29T12:32:04","slug":"delia-aluminija-kresls-ar-roku-balstiem-4","status":"publish","type":"product","link":"https:\/\/lightup.lv\/en\/product-catalog\/delia-aluminija-kresls-ar-roku-balstiem-4\/","title":{"rendered":"Delia alum\u012bnija kr\u0113sls ar roku balstiem"},"content":{"rendered":"<p>Kr\u0101sa : Za\u013c\u0161\u00a0 \u00a0 \u00a0 \u00a0 \u00a0 \u00a0 \u00a0 \u00a0 \u00a0 \u00a0 \u00a0 \u00a0 \u00a0 \u00a0 \u00a0 \u00a0 \u00a0 \u00a0 \u00a0 \u00a0 \u00a0 \u00a0 \u00a0 \u00a0 \u00a0 \u00a0 \u00a0 \u00a0 \u00a0 \u00a0 \u00a0 \u00a0 \u00a0 \u00a0 \u00a0 \u00a0 \u00a0 \u00a0 \u00a0 \u00a0 \u00a0 \u00a0 \u00a0 \u00a0 \u00a0 \u00a0 \u00a0 \u00a0 \u00a0 \u00a0 \u00a0 \u00a0 \u00a0 \u00a0 \u00a0 \u00a0 \u00a0 \u00a0 \u00a0 \u00a0 \u00a0 \u00a0 \u00a0 \u00a0 \u00a0 \u00a0 \u00a0 \u00a0 \u00a0 \u00a0 \u00a0 \u00a0 \u00a0 \u00a0 \u00a0 \u00a0 \u00a0 \u00a0 \u00a0 \u00a0 \u00a0 \u00a0 \u00a0 \u00a0 S\u0113des augstums : 43cm<br \/>\nKr\u0113sla platums : 55cm<br \/>\nKr\u0113sla garums : 55 cm<br \/>\nKr\u0113sla augstums : 80 cm<\/p>\n<p>Praktisks kr\u0113sls no alum\u012bnija mat\u0113t\u0101, za\u013c\u0101 kr\u0101s\u0101<\/p>\n<p>ID 2651-31<\/p>","protected":false},"excerpt":{"rendered":"<p>Brafab is a Swedish-based company that offers patio furniture. The manufacturer offers collections in different styles that are suitable for every patio.<br \/>\nThe patio furniture meets Swedish quality and standards, making it high-quality and suitable for outdoor use.<\/p>","protected":false},"featured_media":2137,"template":"","meta":{"_acf_changed":false},"product_brand":[],"product_cat":[51,50],"product_tag":[52],"class_list":{"0":"post-2136","1":"product","2":"type-product","3":"status-publish","4":"has-post-thumbnail","6":"product_cat-kresli-terases-mebeles","7":"product_cat-terases-mebeles","8":"product_tag-brafab","10":"first","11":"instock","12":"shipping-taxable","13":"purchasable","14":"product-type-simple"},"acf":[],"_links":{"self":[{"href":"https:\/\/lightup.lv\/en\/wp-json\/wp\/v2\/product\/2136","targetHints":{"allow":["GET"]}}],"collection":[{"href":"https:\/\/lightup.lv\/en\/wp-json\/wp\/v2\/product"}],"about":[{"href":"https:\/\/lightup.lv\/en\/wp-json\/wp\/v2\/types\/product"}],"wp:featuredmedia":[{"embeddable":true,"href":"https:\/\/lightup.lv\/en\/wp-json\/wp\/v2\/media\/2137"}],"wp:attachment":[{"href":"https:\/\/lightup.lv\/en\/wp-json\/wp\/v2\/media?parent=2136"}],"wp:term":[{"taxonomy":"product_brand","embeddable":true,"href":"https:\/\/lightup.lv\/en\/wp-json\/wp\/v2\/product_brand?post=2136"},{"taxonomy":"product_cat","embeddable":true,"href":"https:\/\/lightup.lv\/en\/wp-json\/wp\/v2\/product_cat?post=2136"},{"taxonomy":"product_tag","embeddable":true,"href":"https:\/\/lightup.lv\/en\/wp-json\/wp\/v2\/product_tag?post=2136"}],"curies":[{"name":"wp","href":"https:\/\/api.w.org\/{rel}","templated":true}]}}