{"id":2209,"date":"2020-03-21T19:42:44","date_gmt":"2020-03-21T19:42:44","guid":{"rendered":"https:\/\/lightup.lv\/product\/jackson-tikkoka-saulosanas-kresls\/"},"modified":"2024-01-29T12:26:25","modified_gmt":"2024-01-29T12:26:25","slug":"jackson-tikkoka-saulosanas-kresls","status":"publish","type":"product","link":"https:\/\/lightup.lv\/en\/product-catalog\/jackson-tikkoka-saulosanas-kresls\/","title":{"rendered":"Jackson t\u012bkkoka sau\u013co\u0161an\u0101s kr\u0113sls"},"content":{"rendered":"<p>Kr\u0101sa : Br\u016bns, dab\u012bgs<br \/>\nS\u0113des augstums : 45cm<br \/>\nKr\u0113sla platums : 150 cm<br \/>\nKr\u0113sla garums : 61 cm<br \/>\nKr\u0113sla augstums : 98 cm<br \/>\nDab\u012bga t\u012bkkoka sau\u013co\u0161an\u0101s kr\u0113sls<\/p>\n<p>ID 91935<\/p>","protected":false},"excerpt":{"rendered":"<p>Brafab is a Swedish-based company that offers patio furniture. The manufacturer offers collections in different styles that are suitable for every patio.<br \/>\nThe patio furniture meets Swedish quality and standards, making it high-quality and suitable for outdoor use.<\/p>","protected":false},"featured_media":2210,"template":"","meta":{"_acf_changed":false},"product_brand":[],"product_cat":[73,51,50,59],"product_tag":[52],"class_list":{"0":"post-2209","1":"product","2":"type-product","3":"status-publish","4":"has-post-thumbnail","6":"product_cat-divani-terases","7":"product_cat-kresli-terases-mebeles","8":"product_cat-terases-mebeles","9":"product_cat-zvilni","10":"product_tag-brafab","12":"first","13":"instock","14":"shipping-taxable","15":"purchasable","16":"product-type-simple"},"acf":[],"_links":{"self":[{"href":"https:\/\/lightup.lv\/en\/wp-json\/wp\/v2\/product\/2209","targetHints":{"allow":["GET"]}}],"collection":[{"href":"https:\/\/lightup.lv\/en\/wp-json\/wp\/v2\/product"}],"about":[{"href":"https:\/\/lightup.lv\/en\/wp-json\/wp\/v2\/types\/product"}],"wp:featuredmedia":[{"embeddable":true,"href":"https:\/\/lightup.lv\/en\/wp-json\/wp\/v2\/media\/2210"}],"wp:attachment":[{"href":"https:\/\/lightup.lv\/en\/wp-json\/wp\/v2\/media?parent=2209"}],"wp:term":[{"taxonomy":"product_brand","embeddable":true,"href":"https:\/\/lightup.lv\/en\/wp-json\/wp\/v2\/product_brand?post=2209"},{"taxonomy":"product_cat","embeddable":true,"href":"https:\/\/lightup.lv\/en\/wp-json\/wp\/v2\/product_cat?post=2209"},{"taxonomy":"product_tag","embeddable":true,"href":"https:\/\/lightup.lv\/en\/wp-json\/wp\/v2\/product_tag?post=2209"}],"curies":[{"name":"wp","href":"https:\/\/api.w.org\/{rel}","templated":true}]}}