{"id":2229,"date":"2020-03-21T20:17:55","date_gmt":"2020-03-21T20:17:55","guid":{"rendered":"https:\/\/lightup.lv\/product\/turin-pusdienu-glads\/"},"modified":"2024-01-29T12:25:27","modified_gmt":"2024-01-29T12:25:27","slug":"turin-pusdienu-glads","status":"publish","type":"product","link":"https:\/\/lightup.lv\/en\/product-catalog\/turin-pusdienu-glads\/","title":{"rendered":"Turin pusdienu glads"},"content":{"rendered":"<p>Kr\u0101sa : Gai\u0161i br\u016bns, dab\u012bgs<br \/>\nGalda augstums : 74cm<br \/>\nGalda platums : 80cm<br \/>\nGalda garums : 140cm<\/p>\n<p>Dab\u012bga t\u012bkkoka saliekamais d\u0101rza pusdienu galds, ko var saska\u0146ot ar cit\u0101m turin s\u0113rijas m\u0113bel\u0113m<\/p>\n<p>ID 2004<\/p>","protected":false},"excerpt":{"rendered":"<p>Brafab is a Swedish-based company that offers patio furniture. The manufacturer offers collections in different styles that are suitable for every patio.<br \/>\nThe patio furniture meets Swedish quality and standards, making it high-quality and suitable for outdoor use.<\/p>","protected":false},"featured_media":2230,"template":"","meta":{"_acf_changed":false},"product_brand":[],"product_cat":[57,50],"product_tag":[52],"class_list":{"0":"post-2229","1":"product","2":"type-product","3":"status-publish","4":"has-post-thumbnail","6":"product_cat-galdi-terases-mebeles","7":"product_cat-terases-mebeles","8":"product_tag-brafab","10":"first","11":"instock","12":"shipping-taxable","13":"purchasable","14":"product-type-simple"},"acf":[],"_links":{"self":[{"href":"https:\/\/lightup.lv\/en\/wp-json\/wp\/v2\/product\/2229","targetHints":{"allow":["GET"]}}],"collection":[{"href":"https:\/\/lightup.lv\/en\/wp-json\/wp\/v2\/product"}],"about":[{"href":"https:\/\/lightup.lv\/en\/wp-json\/wp\/v2\/types\/product"}],"wp:featuredmedia":[{"embeddable":true,"href":"https:\/\/lightup.lv\/en\/wp-json\/wp\/v2\/media\/2230"}],"wp:attachment":[{"href":"https:\/\/lightup.lv\/en\/wp-json\/wp\/v2\/media?parent=2229"}],"wp:term":[{"taxonomy":"product_brand","embeddable":true,"href":"https:\/\/lightup.lv\/en\/wp-json\/wp\/v2\/product_brand?post=2229"},{"taxonomy":"product_cat","embeddable":true,"href":"https:\/\/lightup.lv\/en\/wp-json\/wp\/v2\/product_cat?post=2229"},{"taxonomy":"product_tag","embeddable":true,"href":"https:\/\/lightup.lv\/en\/wp-json\/wp\/v2\/product_tag?post=2229"}],"curies":[{"name":"wp","href":"https:\/\/api.w.org\/{rel}","templated":true}]}}