{"id":2322,"date":"2020-03-22T11:20:17","date_gmt":"2020-03-22T11:20:17","guid":{"rendered":"https:\/\/lightup.lv\/product\/spider-iekarinama-lampa\/"},"modified":"2024-02-04T06:01:42","modified_gmt":"2024-02-04T06:01:42","slug":"spider-iekarinama-lampa","status":"publish","type":"product","link":"https:\/\/lightup.lv\/en\/product-catalog\/spider-iekarinama-lampa\/","title":{"rendered":"SPIDER iekarin\u0101ma lampa"},"content":{"rendered":"<p>1 x 33W LED 230V 4290LM<\/p>\n<p>\u00d8: 114 cm<\/p>\n<p>H: max 200 cm<\/p>\n<p>Color: White<\/p>\n<p>Material: Metal, glass<\/p>\n<p>Bulbs are not included.<\/p>\n<p>ID P0270<\/p>","protected":false},"excerpt":{"rendered":"<p>P\u0101rsteidzo\u0161ais, intri\u0123\u0113jo\u0161ais Spider gaismeklis ir lieliska izv\u0113le cilv\u0113kiem, kuriem pat\u012bk sp\u0113c\u012bgi akcenti un drosm\u012bgi risin\u0101jumi, bet tie ar\u012b v\u0113rt\u0113 funkcionalit\u0101ti un uzticam\u012bbu. Lampas pamatne ir mazs met\u0101la kubs, kur\u0101 \u010detri t\u0113rauda profili ir uzst\u0101d\u012bti sl\u012bpi un asimetriski ar vien\u0101 pus\u0113 piestiprin\u0101tu led sloksni. Interesanti, ka zem kuba gaismas punkti ir v\u0113rsti uz leju, un virs kuba uz aug\u0161u, kas garant\u0113 interesantu telpas apgaismojumu ar atstarotu gaismu no griestiem. \u0160im neparastajam lukturim nav nepiecie\u0161ami papildu rot\u0101jumi, lai rad\u012btu iespaidu. Tas izskat\u0101s lieliski gan minim\u0101listisk\u0101, modern\u0101 izk\u0101rtojum\u0101, gan tradicion\u0101li iek\u0101rtot\u0101 interjer\u0101, kur tas pien\u0101c\u012bgi aizst\u0101j klasisko, bag\u0101t\u012bgi dekor\u0113to lustru. Iev\u0113r\u012bbas cien\u012bgs ir ar\u012b pieska\u0146otais sienas lukturis, kur\u0161, pateicoties t\u0101 s\u0101kotn\u0113jai formai, lieliski apgaismo liel\u0101ku laukumu.<\/p>","protected":false},"featured_media":2323,"template":"","meta":{"_acf_changed":false},"product_brand":[],"product_cat":[42,43],"product_tag":[44],"class_list":{"0":"post-2322","1":"product","2":"type-product","3":"status-publish","4":"has-post-thumbnail","6":"product_cat-apgaismojums","7":"product_cat-piekaramas-lampas","8":"product_tag-maxlight","10":"first","11":"instock","12":"shipping-taxable","13":"purchasable","14":"product-type-simple"},"acf":[],"_links":{"self":[{"href":"https:\/\/lightup.lv\/en\/wp-json\/wp\/v2\/product\/2322","targetHints":{"allow":["GET"]}}],"collection":[{"href":"https:\/\/lightup.lv\/en\/wp-json\/wp\/v2\/product"}],"about":[{"href":"https:\/\/lightup.lv\/en\/wp-json\/wp\/v2\/types\/product"}],"wp:featuredmedia":[{"embeddable":true,"href":"https:\/\/lightup.lv\/en\/wp-json\/wp\/v2\/media\/2323"}],"wp:attachment":[{"href":"https:\/\/lightup.lv\/en\/wp-json\/wp\/v2\/media?parent=2322"}],"wp:term":[{"taxonomy":"product_brand","embeddable":true,"href":"https:\/\/lightup.lv\/en\/wp-json\/wp\/v2\/product_brand?post=2322"},{"taxonomy":"product_cat","embeddable":true,"href":"https:\/\/lightup.lv\/en\/wp-json\/wp\/v2\/product_cat?post=2322"},{"taxonomy":"product_tag","embeddable":true,"href":"https:\/\/lightup.lv\/en\/wp-json\/wp\/v2\/product_tag?post=2322"}],"curies":[{"name":"wp","href":"https:\/\/api.w.org\/{rel}","templated":true}]}}