{"id":2345,"date":"2020-03-22T11:58:42","date_gmt":"2020-03-22T11:58:42","guid":{"rendered":"https:\/\/lightup.lv\/product\/volos-tikkoka-kresls\/"},"modified":"2024-01-29T11:59:30","modified_gmt":"2024-01-29T11:59:30","slug":"volos-tikkoka-kresls","status":"publish","type":"product","link":"https:\/\/lightup.lv\/en\/product-catalog\/volos-tikkoka-kresls\/","title":{"rendered":"Volos t\u012bkkoka kr\u0113sls"},"content":{"rendered":"<p>Kr\u0101sa : Br\u016bns<br \/>\nS\u0113des augstums : 47 cm<br \/>\nKr\u0113sla platums : 63 cm<br \/>\nKr\u0113sla garums : 57 cm<br \/>\nKr\u0113sla augstums : 90 cm<br \/>\nVolos kr\u0113sls ar roku balstiem veidots no t\u012bkkoka, piem\u0113rots gan d\u0101rziem, gan maz\u0101k\u0101m telp\u0101m<\/p>\n<p>ID 20462<\/p>","protected":false},"excerpt":{"rendered":"<p>Brafab is a Swedish-based company that offers patio furniture. The manufacturer offers collections in different styles that are suitable for every patio.<br \/>\nThe patio furniture meets Swedish quality and standards, making it high-quality and suitable for outdoor use.<\/p>","protected":false},"featured_media":2346,"template":"","meta":{"_acf_changed":false},"product_brand":[],"product_cat":[51,50],"product_tag":[52],"class_list":{"0":"post-2345","1":"product","2":"type-product","3":"status-publish","4":"has-post-thumbnail","6":"product_cat-kresli-terases-mebeles","7":"product_cat-terases-mebeles","8":"product_tag-brafab","10":"first","11":"instock","12":"shipping-taxable","13":"purchasable","14":"product-type-simple"},"acf":[],"_links":{"self":[{"href":"https:\/\/lightup.lv\/en\/wp-json\/wp\/v2\/product\/2345","targetHints":{"allow":["GET"]}}],"collection":[{"href":"https:\/\/lightup.lv\/en\/wp-json\/wp\/v2\/product"}],"about":[{"href":"https:\/\/lightup.lv\/en\/wp-json\/wp\/v2\/types\/product"}],"wp:featuredmedia":[{"embeddable":true,"href":"https:\/\/lightup.lv\/en\/wp-json\/wp\/v2\/media\/2346"}],"wp:attachment":[{"href":"https:\/\/lightup.lv\/en\/wp-json\/wp\/v2\/media?parent=2345"}],"wp:term":[{"taxonomy":"product_brand","embeddable":true,"href":"https:\/\/lightup.lv\/en\/wp-json\/wp\/v2\/product_brand?post=2345"},{"taxonomy":"product_cat","embeddable":true,"href":"https:\/\/lightup.lv\/en\/wp-json\/wp\/v2\/product_cat?post=2345"},{"taxonomy":"product_tag","embeddable":true,"href":"https:\/\/lightup.lv\/en\/wp-json\/wp\/v2\/product_tag?post=2345"}],"curies":[{"name":"wp","href":"https:\/\/api.w.org\/{rel}","templated":true}]}}