{"id":2391,"date":"2020-03-22T12:07:10","date_gmt":"2020-03-22T12:07:10","guid":{"rendered":"https:\/\/lightup.lv\/product\/cornet-galda-lampa\/"},"modified":"2024-02-04T05:51:25","modified_gmt":"2024-02-04T05:51:25","slug":"cornet-galda-lampa","status":"publish","type":"product","link":"https:\/\/lightup.lv\/en\/precu-katalogs\/cornet-galda-lampa\/","title":{"rendered":"Cornet galda lampa"},"content":{"rendered":"<p>2 x 5W LED 230V, 550 LM<\/p>\n<p>W: 18 cm<\/p>\n<p>H: 67 cm<\/p>\n<p>Kr\u0101sa: Melns + Zelts<\/p>\n<p>Material: Metal<\/p>\n<p>Bulbs are not included.<\/p>\n<p>ID T0039<\/p>","protected":false},"excerpt":{"rendered":"<p>60 gadu klasiskais dizains, iedvesmojoties no kosmosa izp\u0113tes un fut\u016bristiskiem sap\u0146iem. Kornetai ir rakstur\u012bga vide: t\u0101s neparast\u0101 forma priec\u0113 un p\u0101rsteidz no pirm\u0101 acu uzmetiena. Smil\u0161u smil\u0161u pulkste\u0146a formas aba\u017e\u016brs ar zelta gredzenu ir \u010detru veidu lampu pamatelements: p\u0101rkare ar vienu vai se\u0161\u0101m spuldz\u0113m, sienas lampa un galda lampa. Korn\u0113 ir ide\u0101ls dekoru papildin\u0101jums, kam nepiecie\u0161ams izmantot skaidras l\u012bnijas, gludas virsmas un \u0123eometrisko formu.<\/p>","protected":false},"featured_media":2392,"template":"","meta":{"_acf_changed":false},"product_brand":[],"product_cat":[42,56],"product_tag":[44],"class_list":{"0":"post-2391","1":"product","2":"type-product","3":"status-publish","4":"has-post-thumbnail","6":"product_cat-apgaismojums","7":"product_cat-galda-lampas","8":"product_tag-maxlight","10":"first","11":"instock","12":"shipping-taxable","13":"purchasable","14":"product-type-simple"},"acf":[],"_links":{"self":[{"href":"https:\/\/lightup.lv\/en\/wp-json\/wp\/v2\/product\/2391","targetHints":{"allow":["GET"]}}],"collection":[{"href":"https:\/\/lightup.lv\/en\/wp-json\/wp\/v2\/product"}],"about":[{"href":"https:\/\/lightup.lv\/en\/wp-json\/wp\/v2\/types\/product"}],"wp:featuredmedia":[{"embeddable":true,"href":"https:\/\/lightup.lv\/en\/wp-json\/wp\/v2\/media\/2392"}],"wp:attachment":[{"href":"https:\/\/lightup.lv\/en\/wp-json\/wp\/v2\/media?parent=2391"}],"wp:term":[{"taxonomy":"product_brand","embeddable":true,"href":"https:\/\/lightup.lv\/en\/wp-json\/wp\/v2\/product_brand?post=2391"},{"taxonomy":"product_cat","embeddable":true,"href":"https:\/\/lightup.lv\/en\/wp-json\/wp\/v2\/product_cat?post=2391"},{"taxonomy":"product_tag","embeddable":true,"href":"https:\/\/lightup.lv\/en\/wp-json\/wp\/v2\/product_tag?post=2391"}],"curies":[{"name":"wp","href":"https:\/\/api.w.org\/{rel}","templated":true}]}}