{"id":2821,"date":"2020-04-08T07:32:31","date_gmt":"2020-04-08T07:32:31","guid":{"rendered":"https:\/\/lightup.lv\/product\/panama-kresls-ar-roku-balstiem\/"},"modified":"2024-07-23T12:28:24","modified_gmt":"2024-07-23T10:28:24","slug":"panama-kresls-ar-roku-balstiem","status":"publish","type":"product","link":"https:\/\/lightup.lv\/en\/product-catalog\/panama-kresls-ar-roku-balstiem\/","title":{"rendered":"Panama kr\u0113sls ar roku balstiem"},"content":{"rendered":"<p>Kr\u0101sa : Melns\/Tum\u0161i za\u013c\u0161, Antrac\u012bts\/br\u016bns, Balts\/B\u0113\u0161s, Melns\/Tum\u0161i pel\u0113ks<br \/>\nSeat height: 44 cm<br \/>\nKr\u0113sla platums : 59 cm<br \/>\nKr\u0113sla augstums : 82 cm<br \/>\nPanama kr\u0113sls kr\u0101s\u0101 , alum\u012bnija r\u0101mis m\u012bkst\u0101 auduma s\u0113de, p\u012btie borti ar gumijas mitrumiztur\u012bgo audumu.<\/p>\n<p>ID PANAMAPOLTRONCINA<\/p>","protected":false},"excerpt":{"rendered":"<p>Grattoni dibin\u0101ts 1972. gad\u0101 San Giovanni al Natisone \u2013 It\u0101lijas kr\u0113slu rajona centr\u0101 \u2013 k\u0101 klasisk\u0101 dizaina kr\u0113slu ra\u017eot\u0101js, uz\u0146\u0113mums 2010. gad\u0101 specializ\u0113j\u0101s komerci\u0101l\u0101 darb\u012bb\u0101, import\u0113jot kvalitat\u012bvas terases m\u0113beles. Starp \u0161iem kr\u0113sliem, d\u012bv\u0101niem, atzveltnes kr\u0113sliem, galdiem un galda pamatiem iek\u0161telp\u0101m un \u0101ra, kas paredz\u0113ti dz\u012bvojamo un horeca pasaulei.<\/p>","protected":false},"featured_media":2822,"template":"","meta":{"_acf_changed":false},"product_brand":[],"product_cat":[51,213,50],"product_tag":[66],"class_list":{"0":"post-2821","1":"product","2":"type-product","3":"status-publish","4":"has-post-thumbnail","6":"product_cat-kresli-terases-mebeles","7":"product_cat-salona-pieejams","8":"product_cat-terases-mebeles","9":"product_tag-grattoni","11":"first","12":"instock","13":"shipping-taxable","14":"purchasable","15":"product-type-simple"},"acf":[],"_links":{"self":[{"href":"https:\/\/lightup.lv\/en\/wp-json\/wp\/v2\/product\/2821","targetHints":{"allow":["GET"]}}],"collection":[{"href":"https:\/\/lightup.lv\/en\/wp-json\/wp\/v2\/product"}],"about":[{"href":"https:\/\/lightup.lv\/en\/wp-json\/wp\/v2\/types\/product"}],"wp:featuredmedia":[{"embeddable":true,"href":"https:\/\/lightup.lv\/en\/wp-json\/wp\/v2\/media\/2822"}],"wp:attachment":[{"href":"https:\/\/lightup.lv\/en\/wp-json\/wp\/v2\/media?parent=2821"}],"wp:term":[{"taxonomy":"product_brand","embeddable":true,"href":"https:\/\/lightup.lv\/en\/wp-json\/wp\/v2\/product_brand?post=2821"},{"taxonomy":"product_cat","embeddable":true,"href":"https:\/\/lightup.lv\/en\/wp-json\/wp\/v2\/product_cat?post=2821"},{"taxonomy":"product_tag","embeddable":true,"href":"https:\/\/lightup.lv\/en\/wp-json\/wp\/v2\/product_tag?post=2821"}],"curies":[{"name":"wp","href":"https:\/\/api.w.org\/{rel}","templated":true}]}}