{"id":2889,"date":"2020-04-08T11:38:58","date_gmt":"2020-04-08T11:38:58","guid":{"rendered":"https:\/\/lightup.lv\/product\/cuba-kresls-ar-rokau-balstiem\/"},"modified":"2024-01-30T09:24:08","modified_gmt":"2024-01-30T09:24:08","slug":"cuba-kresls-ar-rokau-balstiem","status":"publish","type":"product","link":"https:\/\/lightup.lv\/en\/precu-katalogs\/cuba-kresls-ar-rokau-balstiem\/","title":{"rendered":"Cuba kr\u0113sls ar rokau balstiem"},"content":{"rendered":"<p>Kr\u0101sa : antrac\u012bts\/br\u016bns<br \/>\nSeat height: 44 cm<br \/>\nKr\u0113sla platums : 57 cm<br \/>\nKr\u0113sla augstums : 76cm<br \/>\nCuba kr\u0113sls ar roku bastiem, mitrumiztur\u012bg\u0101 m\u012bkst\u0101 auduma s\u0113de, p\u012btie polistera muguras balsts.<\/p>\n<p>ID Cuba-antrac\u012bts\/bruns<\/p>","protected":false},"excerpt":{"rendered":"<p>Grattoni was founded in 1972 in San Giovanni al Natisone \u2013 the heart of Italy\u2019s chair district \u2013 as a manufacturer of classic design chairs. In 2010, the company specialized in commercial activities by importing quality patio furniture. Among these are chairs, sofas, armchairs, tables and table bases for indoor and outdoor use, designed for the residential and hospitality world.<\/p>","protected":false},"featured_media":2890,"template":"","meta":{"_acf_changed":false},"product_brand":[],"product_cat":[51,50],"product_tag":[66],"class_list":{"0":"post-2889","1":"product","2":"type-product","3":"status-publish","4":"has-post-thumbnail","6":"product_cat-kresli-terases-mebeles","7":"product_cat-terases-mebeles","8":"product_tag-grattoni","10":"first","11":"instock","12":"shipping-taxable","13":"purchasable","14":"product-type-simple"},"acf":[],"_links":{"self":[{"href":"https:\/\/lightup.lv\/en\/wp-json\/wp\/v2\/product\/2889","targetHints":{"allow":["GET"]}}],"collection":[{"href":"https:\/\/lightup.lv\/en\/wp-json\/wp\/v2\/product"}],"about":[{"href":"https:\/\/lightup.lv\/en\/wp-json\/wp\/v2\/types\/product"}],"wp:featuredmedia":[{"embeddable":true,"href":"https:\/\/lightup.lv\/en\/wp-json\/wp\/v2\/media\/2890"}],"wp:attachment":[{"href":"https:\/\/lightup.lv\/en\/wp-json\/wp\/v2\/media?parent=2889"}],"wp:term":[{"taxonomy":"product_brand","embeddable":true,"href":"https:\/\/lightup.lv\/en\/wp-json\/wp\/v2\/product_brand?post=2889"},{"taxonomy":"product_cat","embeddable":true,"href":"https:\/\/lightup.lv\/en\/wp-json\/wp\/v2\/product_cat?post=2889"},{"taxonomy":"product_tag","embeddable":true,"href":"https:\/\/lightup.lv\/en\/wp-json\/wp\/v2\/product_tag?post=2889"}],"curies":[{"name":"wp","href":"https:\/\/api.w.org\/{rel}","templated":true}]}}