{"id":3106,"date":"2020-04-10T18:11:30","date_gmt":"2020-04-10T18:11:30","guid":{"rendered":"https:\/\/lightup.lv\/product\/vence-gala-modulis-r\/"},"modified":"2024-01-29T11:49:10","modified_gmt":"2024-01-29T11:49:10","slug":"vence-gala-modulis-r","status":"publish","type":"product","link":"https:\/\/lightup.lv\/en\/product-catalog\/vence-gala-modulis-r\/","title":{"rendered":"Vence gala modulis R"},"content":{"rendered":"<p>Color: Gray\/ Peony pink<br \/>\nPlatums : 142\u00a0 cm<br \/>\nGarums : 76 cm<br \/>\nAugstums : 81\u00a0 cm<br \/>\nM\u012bksts un \u0113rts modu\u013ca gala d\u012bv\u0101ns pel\u0113k\u0101 vai roz\u0101 kr\u0101s\u0101.<\/p>\n<p>ID 4075H-05-07<\/p>","protected":false},"excerpt":{"rendered":"<p>Design and comfort in a harmonious combination, characterized by clean lines in a meticulous design that creates stylish comfort. Vence is beautiful from all sides, and its harmonious proportions allow it to take center stage in any room. A soft sofa with tailored back cushions that provide excellent comfort. The series consists of four sections, a three-seater and a two-seater sofa to help you easily create the perfect seating group. The Vannes and Taverny tables make great accessories.<\/p>","protected":false},"featured_media":3107,"template":"","meta":{"_acf_changed":false},"product_brand":[],"product_cat":[73,50],"product_tag":[52],"class_list":{"0":"post-3106","1":"product","2":"type-product","3":"status-publish","4":"has-post-thumbnail","6":"product_cat-divani-terases","7":"product_cat-terases-mebeles","8":"product_tag-brafab","10":"first","11":"instock","12":"shipping-taxable","13":"purchasable","14":"product-type-simple"},"acf":[],"_links":{"self":[{"href":"https:\/\/lightup.lv\/en\/wp-json\/wp\/v2\/product\/3106","targetHints":{"allow":["GET"]}}],"collection":[{"href":"https:\/\/lightup.lv\/en\/wp-json\/wp\/v2\/product"}],"about":[{"href":"https:\/\/lightup.lv\/en\/wp-json\/wp\/v2\/types\/product"}],"wp:featuredmedia":[{"embeddable":true,"href":"https:\/\/lightup.lv\/en\/wp-json\/wp\/v2\/media\/3107"}],"wp:attachment":[{"href":"https:\/\/lightup.lv\/en\/wp-json\/wp\/v2\/media?parent=3106"}],"wp:term":[{"taxonomy":"product_brand","embeddable":true,"href":"https:\/\/lightup.lv\/en\/wp-json\/wp\/v2\/product_brand?post=3106"},{"taxonomy":"product_cat","embeddable":true,"href":"https:\/\/lightup.lv\/en\/wp-json\/wp\/v2\/product_cat?post=3106"},{"taxonomy":"product_tag","embeddable":true,"href":"https:\/\/lightup.lv\/en\/wp-json\/wp\/v2\/product_tag?post=3106"}],"curies":[{"name":"wp","href":"https:\/\/api.w.org\/{rel}","templated":true}]}}