{"id":31784,"date":"2019-12-04T14:04:19","date_gmt":"2019-12-04T12:04:19","guid":{"rendered":"https:\/\/lightup.lv\/precu-katalogs\/gaia-emerald-green-velvet\/"},"modified":"2025-05-24T11:13:39","modified_gmt":"2025-05-24T09:13:39","slug":"gaia-emerald-green-velvet","status":"publish","type":"product","link":"https:\/\/lightup.lv\/en\/product-catalog\/gaia-emerald-green-velvet\/","title":{"rendered":"Gaia &#8211; emerald green velvet"},"content":{"rendered":"<p>Chair height \u2013 76 cm<\/p>\n<p>Chair length \u2013 56 cm<\/p>\n<p>Seat width \u2013 56.5 cm<\/p>\n<p>Seat height \u2013 45 cm<\/p>\n<p>Za\u013ca samta s\u0113\u017eam\u0101 da\u013ca ar meln\u0101m met\u0101la k\u0101j\u0101m.<\/p>\n<p>ID 100200160<\/p>","protected":false},"excerpt":{"rendered":"<p>DAN-FORM ir D\u0101nij\u0101 projekt\u0113tas un ra\u017eotas augstas kvalit\u0101tes m\u0113beles. Sortiment\u0101 atrad\u012bsiet &#8211; Pusdienu kr\u0113slus, b\u0101ra kr\u0113slus, atp\u016btas kr\u0113slus, biroja kr\u0113slus un galdus. DAN- FORM pied\u0101v\u0101t\u0101s mebeles ir izstr\u0101d\u0101tas t\u0101, lai tas b\u016btu pieejam\u0101 cenu kategorij\u0101 un t\u0101s var\u0113tu at\u013cauties izmantot restor\u0101nos, viesn\u012bcas, birojos, un m\u0101jsaimniec\u012bbas. Ra\u017eot\u0101ja pied\u0101v\u0101jum\u0101 atrad\u012bsiet, \u0101das, m\u0101ksl\u012bg\u0101s \u0101das, auduma, met\u0101la un plastikas kr\u0113slus, k\u0101 ar\u012b koka galdus un \u017eurn\u0101la galdi\u0146us<\/p>","protected":false},"featured_media":35796,"template":"","meta":{"_acf_changed":false},"product_brand":[],"product_cat":[28,38],"product_tag":[37],"class_list":{"0":"post-31784","1":"product","2":"type-product","3":"status-publish","4":"has-post-thumbnail","6":"product_cat-kresli","7":"product_cat-kresli-pie-galda","8":"product_tag-dan-form","10":"first","11":"instock","12":"shipping-taxable","13":"purchasable","14":"product-type-simple"},"acf":[],"_links":{"self":[{"href":"https:\/\/lightup.lv\/en\/wp-json\/wp\/v2\/product\/31784","targetHints":{"allow":["GET"]}}],"collection":[{"href":"https:\/\/lightup.lv\/en\/wp-json\/wp\/v2\/product"}],"about":[{"href":"https:\/\/lightup.lv\/en\/wp-json\/wp\/v2\/types\/product"}],"wp:featuredmedia":[{"embeddable":true,"href":"https:\/\/lightup.lv\/en\/wp-json\/wp\/v2\/media\/35796"}],"wp:attachment":[{"href":"https:\/\/lightup.lv\/en\/wp-json\/wp\/v2\/media?parent=31784"}],"wp:term":[{"taxonomy":"product_brand","embeddable":true,"href":"https:\/\/lightup.lv\/en\/wp-json\/wp\/v2\/product_brand?post=31784"},{"taxonomy":"product_cat","embeddable":true,"href":"https:\/\/lightup.lv\/en\/wp-json\/wp\/v2\/product_cat?post=31784"},{"taxonomy":"product_tag","embeddable":true,"href":"https:\/\/lightup.lv\/en\/wp-json\/wp\/v2\/product_tag?post=31784"}],"curies":[{"name":"wp","href":"https:\/\/api.w.org\/{rel}","templated":true}]}}