{"id":31790,"date":"2020-02-07T10:29:39","date_gmt":"2020-02-07T08:29:39","guid":{"rendered":"https:\/\/lightup.lv\/precu-katalogs\/hype-vintage-melns-adas-kresls-2\/"},"modified":"2024-04-02T13:44:37","modified_gmt":"2024-04-02T11:44:37","slug":"hype-vintage-melns-adas-kresls-2","status":"publish","type":"product","link":"https:\/\/lightup.lv\/en\/product-catalog\/hype-vintage-melns-adas-kresls-2\/","title":{"rendered":"Hype &#8211;  Vintage melns \u0101das kr\u0113sls"},"content":{"rendered":"<p>Chair height \u2013 80 cm<\/p>\n<p>Kr\u0113sla garums \u2013 52 cm<\/p>\n<p>S\u0113des platums \u2013 60 cm<\/p>\n<p>Seat height \u2013 46 cm<\/p>\n<p>ID 100690611<\/p>","protected":false},"excerpt":{"rendered":"<p>DAN-FORM ir D\u0101nij\u0101 projekt\u0113tas un ra\u017eotas augstas kvalit\u0101tes m\u0113beles. Sortiment\u0101 atrad\u012bsiet &#8211; Pusdienu kr\u0113slus, b\u0101ra kr\u0113slus, atp\u016btas kr\u0113slus, biroja kr\u0113slus un galdus. DAN- FORM pied\u0101v\u0101t\u0101s mebeles ir izstr\u0101d\u0101tas t\u0101, lai tas b\u016btu pieejam\u0101 cenu kategorij\u0101 un t\u0101s var\u0113tu at\u013cauties izmantot restor\u0101nos, viesn\u012bcas, birojos, un m\u0101jsaimniec\u012bbas. Ra\u017eot\u0101ja pied\u0101v\u0101jum\u0101 atrad\u012bsiet, \u0101das, m\u0101ksl\u012bg\u0101s \u0101das, auduma, met\u0101la un plastikas kr\u0113slus, k\u0101 ar\u012b koka galdus un \u017eurn\u0101la galdi\u0146us<\/p>","protected":false},"featured_media":1528,"template":"","meta":{"_acf_changed":false},"product_brand":[],"product_cat":[28,38],"product_tag":[37],"class_list":{"0":"post-31790","1":"product","2":"type-product","3":"status-publish","4":"has-post-thumbnail","6":"product_cat-kresli","7":"product_cat-kresli-pie-galda","8":"product_tag-dan-form","10":"first","11":"instock","12":"sale","13":"shipping-taxable","14":"purchasable","15":"product-type-simple"},"acf":[],"_links":{"self":[{"href":"https:\/\/lightup.lv\/en\/wp-json\/wp\/v2\/product\/31790","targetHints":{"allow":["GET"]}}],"collection":[{"href":"https:\/\/lightup.lv\/en\/wp-json\/wp\/v2\/product"}],"about":[{"href":"https:\/\/lightup.lv\/en\/wp-json\/wp\/v2\/types\/product"}],"wp:featuredmedia":[{"embeddable":true,"href":"https:\/\/lightup.lv\/en\/wp-json\/wp\/v2\/media\/1528"}],"wp:attachment":[{"href":"https:\/\/lightup.lv\/en\/wp-json\/wp\/v2\/media?parent=31790"}],"wp:term":[{"taxonomy":"product_brand","embeddable":true,"href":"https:\/\/lightup.lv\/en\/wp-json\/wp\/v2\/product_brand?post=31790"},{"taxonomy":"product_cat","embeddable":true,"href":"https:\/\/lightup.lv\/en\/wp-json\/wp\/v2\/product_cat?post=31790"},{"taxonomy":"product_tag","embeddable":true,"href":"https:\/\/lightup.lv\/en\/wp-json\/wp\/v2\/product_tag?post=31790"}],"curies":[{"name":"wp","href":"https:\/\/api.w.org\/{rel}","templated":true}]}}