{"id":31791,"date":"2020-02-07T10:35:00","date_gmt":"2020-02-07T08:35:00","guid":{"rendered":"https:\/\/lightup.lv\/precu-katalogs\/hype-vintage-gaisi-bruns-adas-kresls\/"},"modified":"2024-04-02T13:44:24","modified_gmt":"2024-04-02T11:44:24","slug":"hype-vintage-gaisi-bruns-adas-kresls","status":"publish","type":"product","link":"https:\/\/lightup.lv\/en\/product-catalog\/hype-vintage-gaisi-bruns-adas-kresls\/","title":{"rendered":"Hype &#8211;  Vintage gai\u0161i br\u016bns \u0101das kr\u0113sls"},"content":{"rendered":"<p>Chair height \u2013 80 cm<\/p>\n<p>Kr\u0113sla garums \u2013 52 cm<\/p>\n<p>S\u0113des platums \u2013 60 cm<\/p>\n<p>Seat height \u2013 46 cm<\/p>\n<p>ID 100690620<\/p>","protected":false},"excerpt":{"rendered":"<p>DAN-FORM is a Danish brand of high-quality furniture designed and manufactured. The range includes dining chairs, bar stools, lounge chairs, office chairs and tables. The furniture offered by DAN-FORM is designed to be affordable and can be used in restaurants, hotels, offices and households. The manufacturer&#039;s range includes leather, artificial leather, fabric, metal and plastic chairs, as well as wooden tables and coffee tables.<\/p>","protected":false},"featured_media":1539,"template":"","meta":{"_acf_changed":false},"product_brand":[],"product_cat":[28,38],"product_tag":[37],"class_list":{"0":"post-31791","1":"product","2":"type-product","3":"status-publish","4":"has-post-thumbnail","6":"product_cat-kresli","7":"product_cat-kresli-pie-galda","8":"product_tag-dan-form","10":"first","11":"instock","12":"sale","13":"shipping-taxable","14":"purchasable","15":"product-type-simple"},"acf":[],"_links":{"self":[{"href":"https:\/\/lightup.lv\/en\/wp-json\/wp\/v2\/product\/31791","targetHints":{"allow":["GET"]}}],"collection":[{"href":"https:\/\/lightup.lv\/en\/wp-json\/wp\/v2\/product"}],"about":[{"href":"https:\/\/lightup.lv\/en\/wp-json\/wp\/v2\/types\/product"}],"wp:featuredmedia":[{"embeddable":true,"href":"https:\/\/lightup.lv\/en\/wp-json\/wp\/v2\/media\/1539"}],"wp:attachment":[{"href":"https:\/\/lightup.lv\/en\/wp-json\/wp\/v2\/media?parent=31791"}],"wp:term":[{"taxonomy":"product_brand","embeddable":true,"href":"https:\/\/lightup.lv\/en\/wp-json\/wp\/v2\/product_brand?post=31791"},{"taxonomy":"product_cat","embeddable":true,"href":"https:\/\/lightup.lv\/en\/wp-json\/wp\/v2\/product_cat?post=31791"},{"taxonomy":"product_tag","embeddable":true,"href":"https:\/\/lightup.lv\/en\/wp-json\/wp\/v2\/product_tag?post=31791"}],"curies":[{"name":"wp","href":"https:\/\/api.w.org\/{rel}","templated":true}]}}